{"id":50248,"date":"2025-12-31T21:01:08","date_gmt":"2025-12-31T19:01:08","guid":{"rendered":"https:\/\/www.animille.com\/produkt\/uszy-wolowe-xl-50szt\/"},"modified":"2026-01-02T02:06:34","modified_gmt":"2026-01-02T00:06:34","slug":"uszy-wolowe-xl-50szt","status":"publish","type":"product","link":"https:\/\/www.animille.com\/it\/prodotto\/uszy-wolowe-xl-50szt\/","title":{"rendered":"Uszy Wo\u0142owe XL 50szt"},"content":{"rendered":"<p>Przysmak o umiarkowanym zapachu. Dzi\u0119ki niskiej zawarto\u015bci t\u0142uszczu mo\u017ce by\u0107 idealn\u0105 przek\u0105sk\u0105 dla ps\u00f3w z nadwag\u0105. Uszy wo\u0142owe XL to specjalnie wyselekcjonowane wi\u0119ksze przysmaki dedykowane dla masywniejszych ras.<\/p>","protected":false},"excerpt":{"rendered":"<p>Przysmak o umiarkowanym zapachu. Dzi\u0119ki niskiej zawarto\u015bci t\u0142uszczu mo\u017ce by\u0107 idealn\u0105 przek\u0105sk\u0105 dla ps\u00f3w z nadwag\u0105. Uszy wo\u0142owe XL to specjalnie wyselekcjonowane wi\u0119ksze przysmaki dedykowane dla masywniejszych ras.<\/p>","protected":false},"featured_media":0,"comment_status":"open","ping_status":"closed","template":"","meta":{"_acf_changed":false},"product_brand":[],"product_cat":[1241],"product_tag":[],"class_list":{"0":"post-50248","1":"product","2":"type-product","3":"status-publish","5":"product_cat-wolowina","7":"first","8":"outofstock","9":"taxable","10":"shipping-taxable","11":"purchasable","12":"product-type-simple"},"acf":[],"_links":{"self":[{"href":"https:\/\/www.animille.com\/it\/wp-json\/wp\/v2\/product\/50248","targetHints":{"allow":["GET"]}}],"collection":[{"href":"https:\/\/www.animille.com\/it\/wp-json\/wp\/v2\/product"}],"about":[{"href":"https:\/\/www.animille.com\/it\/wp-json\/wp\/v2\/types\/product"}],"replies":[{"embeddable":true,"href":"https:\/\/www.animille.com\/it\/wp-json\/wp\/v2\/comments?post=50248"}],"wp:attachment":[{"href":"https:\/\/www.animille.com\/it\/wp-json\/wp\/v2\/media?parent=50248"}],"wp:term":[{"taxonomy":"product_brand","embeddable":true,"href":"https:\/\/www.animille.com\/it\/wp-json\/wp\/v2\/product_brand?post=50248"},{"taxonomy":"product_cat","embeddable":true,"href":"https:\/\/www.animille.com\/it\/wp-json\/wp\/v2\/product_cat?post=50248"},{"taxonomy":"product_tag","embeddable":true,"href":"https:\/\/www.animille.com\/it\/wp-json\/wp\/v2\/product_tag?post=50248"}],"curies":[{"name":"wp","href":"https:\/\/api.w.org\/{rel}","templated":true}]}}