{"id":49837,"date":"2025-12-31T20:54:43","date_gmt":"2025-12-31T18:54:43","guid":{"rendered":"https:\/\/www.animille.com\/produkt\/przelyk-wolowy-plaski-mieso-200g\/"},"modified":"2026-01-02T02:06:26","modified_gmt":"2026-01-02T00:06:26","slug":"przelyk-wolowy-plaski-mieso-200g","status":"publish","type":"product","link":"https:\/\/www.animille.com\/it\/prodotto\/przelyk-wolowy-plaski-mieso-200g\/","title":{"rendered":"Prze\u0142yk Wo\u0142owy P\u0142aski Mi\u0119so 200g"},"content":{"rendered":"<p>Lekkostrawny i niskot\u0142uszczowy przysmak, odpowiedni dla ps\u00f3w r\u00f3\u017cnej wielko\u015bci, r\u00f3wnie\u017c tych starszych. Posiada du\u017c\u0105 ilo\u015b\u0107 witamin i bia\u0142ka, dlatego nadaje si\u0119 r\u00f3wnie\u017c dla czworonog\u00f3w z problemami trawiennymi. Serwowany w formie sprasowanej. Produkt umiarkowanie twardy.<\/p>","protected":false},"excerpt":{"rendered":"<p>Lekkostrawny i niskot\u0142uszczowy przysmak, odpowiedni dla ps\u00f3w r\u00f3\u017cnej wielko\u015bci, r\u00f3wnie\u017c tych starszych. Posiada du\u017c\u0105 ilo\u015b\u0107 witamin i bia\u0142ka, dlatego nadaje si\u0119 r\u00f3wnie\u017c dla czworonog\u00f3w z problemami trawiennymi. Serwowany w formie sprasowanej. Produkt umiarkowanie twardy.<\/p>","protected":false},"featured_media":0,"comment_status":"open","ping_status":"closed","template":"","meta":{"_acf_changed":false},"product_brand":[],"product_cat":[1241,15],"product_tag":[],"class_list":{"0":"post-49837","1":"product","2":"type-product","3":"status-publish","5":"product_cat-wolowina","6":"product_cat-bez-kategorii","8":"first","9":"outofstock","10":"taxable","11":"shipping-taxable","12":"purchasable","13":"product-type-simple"},"acf":[],"_links":{"self":[{"href":"https:\/\/www.animille.com\/it\/wp-json\/wp\/v2\/product\/49837","targetHints":{"allow":["GET"]}}],"collection":[{"href":"https:\/\/www.animille.com\/it\/wp-json\/wp\/v2\/product"}],"about":[{"href":"https:\/\/www.animille.com\/it\/wp-json\/wp\/v2\/types\/product"}],"replies":[{"embeddable":true,"href":"https:\/\/www.animille.com\/it\/wp-json\/wp\/v2\/comments?post=49837"}],"wp:attachment":[{"href":"https:\/\/www.animille.com\/it\/wp-json\/wp\/v2\/media?parent=49837"}],"wp:term":[{"taxonomy":"product_brand","embeddable":true,"href":"https:\/\/www.animille.com\/it\/wp-json\/wp\/v2\/product_brand?post=49837"},{"taxonomy":"product_cat","embeddable":true,"href":"https:\/\/www.animille.com\/it\/wp-json\/wp\/v2\/product_cat?post=49837"},{"taxonomy":"product_tag","embeddable":true,"href":"https:\/\/www.animille.com\/it\/wp-json\/wp\/v2\/product_tag?post=49837"}],"curies":[{"name":"wp","href":"https:\/\/api.w.org\/{rel}","templated":true}]}}