{"id":49763,"date":"2025-12-31T20:53:03","date_gmt":"2025-12-31T18:53:03","guid":{"rendered":"https:\/\/www.animille.com\/produkt\/ogon-wolowy-ciety-20szt\/"},"modified":"2026-01-02T02:06:24","modified_gmt":"2026-01-02T00:06:24","slug":"ogon-wolowy-ciety-20szt","status":"publish","type":"product","link":"https:\/\/www.animille.com\/it\/prodotto\/ogon-wolowy-ciety-20szt\/","title":{"rendered":"Ogon Wo\u0142owy Ci\u0119ty 50szt"},"content":{"rendered":"<p>Przysmaki stworzone z r\u00f3\u017cnych kawa\u0142k\u00f3w suszonych chrz\u0105stek i sk\u00f3ry. Smako\u0142yk nale\u017cy do twardych, dzi\u0119ki czemu wspomaga usuwanie p\u0142ytki naz\u0119bnej i bakteryjnej u naszego czworonoga.<\/p>","protected":false},"excerpt":{"rendered":"<p>Przysmaki stworzone z r\u00f3\u017cnych kawa\u0142k\u00f3w suszonych chrz\u0105stek i sk\u00f3ry. Smako\u0142yk nale\u017cy do twardych, dzi\u0119ki czemu wspomaga usuwanie p\u0142ytki naz\u0119bnej i bakteryjnej u naszego czworonoga.<\/p>","protected":false},"featured_media":0,"comment_status":"open","ping_status":"closed","template":"","meta":{"_acf_changed":false},"product_brand":[],"product_cat":[1241,15],"product_tag":[],"class_list":{"0":"post-49763","1":"product","2":"type-product","3":"status-publish","5":"product_cat-wolowina","6":"product_cat-bez-kategorii","8":"first","9":"outofstock","10":"taxable","11":"shipping-taxable","12":"purchasable","13":"product-type-simple"},"acf":[],"_links":{"self":[{"href":"https:\/\/www.animille.com\/it\/wp-json\/wp\/v2\/product\/49763","targetHints":{"allow":["GET"]}}],"collection":[{"href":"https:\/\/www.animille.com\/it\/wp-json\/wp\/v2\/product"}],"about":[{"href":"https:\/\/www.animille.com\/it\/wp-json\/wp\/v2\/types\/product"}],"replies":[{"embeddable":true,"href":"https:\/\/www.animille.com\/it\/wp-json\/wp\/v2\/comments?post=49763"}],"wp:attachment":[{"href":"https:\/\/www.animille.com\/it\/wp-json\/wp\/v2\/media?parent=49763"}],"wp:term":[{"taxonomy":"product_brand","embeddable":true,"href":"https:\/\/www.animille.com\/it\/wp-json\/wp\/v2\/product_brand?post=49763"},{"taxonomy":"product_cat","embeddable":true,"href":"https:\/\/www.animille.com\/it\/wp-json\/wp\/v2\/product_cat?post=49763"},{"taxonomy":"product_tag","embeddable":true,"href":"https:\/\/www.animille.com\/it\/wp-json\/wp\/v2\/product_tag?post=49763"}],"curies":[{"name":"wp","href":"https:\/\/api.w.org\/{rel}","templated":true}]}}