{"id":49760,"date":"2025-12-31T20:52:56","date_gmt":"2025-12-31T18:52:56","guid":{"rendered":"https:\/\/www.animille.com\/produkt\/ogon-wolowy-ciety-15cm-3szt\/"},"modified":"2026-01-02T02:06:24","modified_gmt":"2026-01-02T00:06:24","slug":"ogon-wolowy-ciety-15cm-3szt","status":"publish","type":"product","link":"https:\/\/www.animille.com\/it\/prodotto\/ogon-wolowy-ciety-15cm-3szt\/","title":{"rendered":"Ogon Wo\u0142owy Ci\u0119ty 15cm 3szt"},"content":{"rendered":"<p>Twardy gryzak o d\u0142ugo\u015bci 15 cm dla ps\u00f3w stanowi\u0105cy trwa\u0142\u0105 zabawk\u0119 na d\u0142u\u017csz\u0105 chwil\u0119. Ma delikatny smak i nisk\u0105 zawarto\u015b\u0107 t\u0142uszczu, dlatego znakomicie sprawdza si\u0119 dla piesk\u00f3w z nadwag\u0105.<\/p>","protected":false},"excerpt":{"rendered":"<p>Twardy gryzak o d\u0142ugo\u015bci 15 cm dla ps\u00f3w stanowi\u0105cy trwa\u0142\u0105 zabawk\u0119 na d\u0142u\u017csz\u0105 chwil\u0119. Ma delikatny smak i nisk\u0105 zawarto\u015b\u0107 t\u0142uszczu, dlatego znakomicie sprawdza si\u0119 dla piesk\u00f3w z nadwag\u0105.<\/p>","protected":false},"featured_media":0,"comment_status":"open","ping_status":"closed","template":"","meta":{"_acf_changed":false},"product_brand":[],"product_cat":[1241,15],"product_tag":[],"class_list":{"0":"post-49760","1":"product","2":"type-product","3":"status-publish","5":"product_cat-wolowina","6":"product_cat-bez-kategorii","8":"first","9":"outofstock","10":"taxable","11":"shipping-taxable","12":"purchasable","13":"product-type-simple"},"acf":[],"_links":{"self":[{"href":"https:\/\/www.animille.com\/it\/wp-json\/wp\/v2\/product\/49760","targetHints":{"allow":["GET"]}}],"collection":[{"href":"https:\/\/www.animille.com\/it\/wp-json\/wp\/v2\/product"}],"about":[{"href":"https:\/\/www.animille.com\/it\/wp-json\/wp\/v2\/types\/product"}],"replies":[{"embeddable":true,"href":"https:\/\/www.animille.com\/it\/wp-json\/wp\/v2\/comments?post=49760"}],"wp:attachment":[{"href":"https:\/\/www.animille.com\/it\/wp-json\/wp\/v2\/media?parent=49760"}],"wp:term":[{"taxonomy":"product_brand","embeddable":true,"href":"https:\/\/www.animille.com\/it\/wp-json\/wp\/v2\/product_brand?post=49760"},{"taxonomy":"product_cat","embeddable":true,"href":"https:\/\/www.animille.com\/it\/wp-json\/wp\/v2\/product_cat?post=49760"},{"taxonomy":"product_tag","embeddable":true,"href":"https:\/\/www.animille.com\/it\/wp-json\/wp\/v2\/product_tag?post=49760"}],"curies":[{"name":"wp","href":"https:\/\/api.w.org\/{rel}","templated":true}]}}