{"id":48504,"date":"2025-09-19T21:22:21","date_gmt":"2025-09-19T19:22:21","guid":{"rendered":"https:\/\/www.animille.com\/?page_id=48504"},"modified":"2025-12-12T07:31:59","modified_gmt":"2025-12-12T05:31:59","slug":"new-account-manager","status":"publish","type":"page","link":"https:\/\/www.animille.com\/it\/new-account-manager\/","title":{"rendered":"Responsabile nuovi clienti"},"content":{"rendered":"<div data-elementor-type=\"wp-page\" data-elementor-id=\"48504\" class=\"elementor elementor-48504\" data-elementor-post-type=\"page\">\n\t\t\t\t<div class=\"elementor-element elementor-element-dbb6aa5 e-flex e-con-boxed e-con e-parent\" data-id=\"dbb6aa5\" data-element_type=\"container\" data-settings=\"{&quot;background_background&quot;:&quot;classic&quot;,&quot;animation&quot;:&quot;none&quot;}\">\n\t\t\t\t\t<div class=\"e-con-inner\">\n\t\t\t\t<div class=\"elementor-element elementor-element-4575b62 elementor-align-center elementor-mobile-align-center elementor-widget elementor-widget-button\" data-id=\"4575b62\" data-element_type=\"widget\" data-widget_type=\"button.default\">\n\t\t\t\t\t\t\t\t\t\t<a class=\"elementor-button elementor-button-link elementor-size-sm\" href=\"https:\/\/www.animille.com\/it\/oferty-pracy\/\">\n\t\t\t\t\t\t<span class=\"elementor-button-content-wrapper\">\n\t\t\t\t\t\t\t\t\t<span class=\"elementor-button-text\">Wr\u00f3\u0107 do ofert pracy<\/span>\n\t\t\t\t\t<\/span>\n\t\t\t\t\t<\/a>\n\t\t\t\t\t\t\t\t<\/div>\n\t\t\t\t<div class=\"elementor-element elementor-element-863cce7 heading-title-2 elementor-widget elementor-widget-heading\" data-id=\"863cce7\" data-element_type=\"widget\" data-widget_type=\"heading.default\">\n\t\t\t\t\t<h1 class=\"elementor-heading-title elementor-size-default\">Responsabile nuovi clienti<\/h1>\t\t\t\t<\/div>\n\t\t\t\t<div class=\"elementor-element elementor-element-05ac66b elementor-widget elementor-widget-text-editor\" data-id=\"05ac66b\" data-element_type=\"widget\" data-widget_type=\"text-editor.default\">\n\t\t\t\t\t\t\t\t\t<p><span style=\"font-weight: 400;\">Je\u015bli szukasz dynamicznego \u015brodowiska pracy i jeste\u015b zorientowany na relacje, ambitny, dobrze si\u0119 odnajdujesz w kreatywnych zadaniach oraz lubisz podejmowa\u0107 nowe wyzwania\u00a0 &#8211; szukamy w\u0142a\u015bnie Ciebie!<\/span><\/p><p><span style=\"font-weight: 400;\">Animille \u2013 to nie tylko pyszne gryzaki i smako\u0142yki dla naszych domowych pupili, ale przede wszystkim g\u0142\u0119boka idea, by dawa\u0107 naszym zwierzakom to, co jest najlepsze. Jeste\u015bmy producentem naturalnych gryzak\u00f3w oraz przysmak\u00f3w dla ps\u00f3w i kot\u00f3w. Wraz z wprowadzeniem nowych produkt\u00f3w do naszej oferty, poszerzamy rynki zbytu na kraje europejskie oraz bliskiego wschodu. <\/span><span style=\"font-weight: 400;\"><br \/><\/span><span style=\"font-weight: 400;\">Perch\u00e9 unirsi a noi?<\/span><span style=\"font-weight: 400;\"><br \/><\/span><span style=\"font-weight: 400;\">Poniewa\u017c jeste\u015bmy ambitni, mamy \u015bwietny zak\u0142ad produkcyjny i du\u017cy zapa\u0142 do tworzenia wysokowarto\u015bciowych przysmak\u00f3w dla czworonog\u00f3w i nie tylko:)\u00a0<\/span><\/p><p><span style=\"font-weight: 400;\">Do naszego zespo\u0142u poszukujemy:\u00a0<\/span><\/p><p><b>New Account Managera<\/b><\/p><p><span style=\"font-weight: 400;\">Twoje zadania:\u00a0<\/span><\/p><ul><li style=\"font-weight: 400;\" aria-level=\"1\"><span style=\"font-weight: 400;\">Aktywne pozyskiwanie nowych klient\u00f3w na terenie Polski i za granic\u0105<\/span><\/li><li style=\"font-weight: 400;\" aria-level=\"1\"><span style=\"font-weight: 400;\">Zarz\u0105dzanie wsp\u00f3\u0142prac\u0105 oraz tworzenie d\u0142ugofalowej relacji biznesowej z kluczowymi klientami<\/span><\/li><li style=\"font-weight: 400;\" aria-level=\"1\"><span style=\"font-weight: 400;\">Wsp\u00f3\u0142tworzenie wraz z dzia\u0142em marketingu kampani reklamowych<\/span><\/li><li style=\"font-weight: 400;\" aria-level=\"1\"><span style=\"font-weight: 400;\">Wsp\u00f3\u0142prac\u0105 z dzia\u0142em sprzeda\u017cy i produkcji przy budowaniu strategii rozwoju sprzeda\u017cy\u00a0<\/span><\/li><li style=\"font-weight: 400;\" aria-level=\"1\"><span style=\"font-weight: 400;\">Kompleksowa obs\u0142uga klient\u00f3w<\/span><\/li><li style=\"font-weight: 400;\" aria-level=\"1\"><span style=\"font-weight: 400;\">Wsp\u00f3\u0142praca z innymi dzia\u0142ami firmy podczas wprowadzania nowych produkt\u00f3w<\/span><\/li><li style=\"font-weight: 400;\" aria-level=\"1\"><span style=\"font-weight: 400;\">Poszukiwanie trend\u00f3w rynku zoologicznego w Polsce i Europie<\/span><\/li><\/ul><p><span style=\"font-weight: 400;\">Nasze wymagania:\u00a0<\/span><\/p><ul><li style=\"font-weight: 400;\" aria-level=\"1\"><span style=\"font-weight: 400;\">Do\u015bwiadczenie w samodzielnym zarz\u0105dzaniu relacjami B2B z klientami w bran\u017cy FMCG, spo\u017cywczej, przetw\u00f3rczej\u00a0<\/span><\/li><li style=\"font-weight: 400;\" aria-level=\"1\"><span style=\"font-weight: 400;\">Mile widziana znajomo\u015b\u0107 bran\u017cy artyku\u0142\u00f3w dla zwierz\u0105t oraz do\u015bwiadczenie w pracy z klientem zagranicznym<\/span><\/li><li style=\"font-weight: 400;\" aria-level=\"1\"><span style=\"font-weight: 400;\">Umiej\u0119tno\u015b\u0107 pracy w MS Excel i Power Point<\/span><\/li><li style=\"font-weight: 400;\" aria-level=\"1\"><span style=\"font-weight: 400;\">Wysoko rozwini\u0119te umiej\u0119tno\u015bci sprzeda\u017cowe i negocjacyjne<\/span><\/li><li style=\"font-weight: 400;\" aria-level=\"1\"><span style=\"font-weight: 400;\">Zaanga\u017cowanie i samodzielno\u015b\u0107 podczas wykonywanych obowi\u0105zk\u00f3w<\/span><\/li><li style=\"font-weight: 400;\" aria-level=\"1\"><span style=\"font-weight: 400;\">Kreatywno\u015b\u0107 i nieszablonowe pomys\u0142y<\/span><\/li><li style=\"font-weight: 400;\" aria-level=\"1\"><span style=\"font-weight: 400;\">Samodzielno\u015b\u0107 w dzia\u0142aniu i dba\u0142o\u015bci o szczeg\u00f3\u0142y<\/span><\/li><li style=\"font-weight: 400;\" aria-level=\"1\"><span style=\"font-weight: 400;\">Znajomo\u015b\u0107 j\u0119zyka angielskiego minimum na poziomie B2<\/span><\/li><li style=\"font-weight: 400;\" aria-level=\"1\"><span style=\"font-weight: 400;\">Dodatkowy j\u0119zyk ( niemiecki, francuski, w\u0142oski b\u0119dzie du\u017cym atutem )\u00a0<\/span><\/li><\/ul><p><span style=\"font-weight: 400;\">Naszym pracownikom zapewniamy:\u00a0<\/span><\/p><ul><li style=\"font-weight: 400;\" aria-level=\"1\"><span style=\"font-weight: 400;\">Zatrudnienie na podstawie umowy o prac\u0119 lub kontrakt B2B<\/span><\/li><li style=\"font-weight: 400;\" aria-level=\"1\"><span style=\"font-weight: 400;\">Dodatkowe premie sprzeda\u017cowe<\/span><\/li><li style=\"font-weight: 400;\" aria-level=\"1\"><span style=\"font-weight: 400;\">Stabilne miejsce pracy i zgrany zesp\u00f3\u0142<\/span><\/li><li style=\"font-weight: 400;\" aria-level=\"1\"><span style=\"font-weight: 400;\">Wysok\u0105 kultur\u0119 organizacyjn\u0105<\/span><\/li><li style=\"font-weight: 400;\" aria-level=\"1\"><span style=\"font-weight: 400;\">Mo\u017cliwo\u015b\u0107 rozwoju poprzez udzia\u0142 w szkoleniach, wyjazdy na targi i konferencje bran\u017cowe\u00a0<\/span><\/li><li style=\"font-weight: 400;\" aria-level=\"1\"><span style=\"font-weight: 400;\">Prac\u0119 w pr\u0119\u017cnie rozwijaj\u0105cej si\u0119 firmie przy ciekawych i zr\u00f3\u017cnicowanych projektach o zakresie europejskim<\/span><\/li><li style=\"font-weight: 400;\" aria-level=\"1\"><span style=\"font-weight: 400;\">Pyszn\u0105 kaw\u0119 z ekspresu ci\u015bnieniowego<\/span><\/li><li style=\"font-weight: 400;\" aria-level=\"1\"><span style=\"font-weight: 400;\">Niezb\u0119dne narz\u0119dzia pracy,<\/span><\/li><li style=\"font-weight: 400;\" aria-level=\"1\"><span style=\"font-weight: 400;\">Prac\u0119 w systemie hybrydowym ( praca w biurze oraz zdalna ) <\/span><\/li><\/ul><p><span style=\"font-weight: 400;\">Aplikuj ju\u017c teraz i do\u0142\u0105cz do naszego zespo\u0142u!\u00a0<\/span><\/p><p><span style=\"font-weight: 400;\">Prosimy o dodanie klauzuli do CV:\u00a0<\/span><\/p><p><span style=\"font-weight: 400;\">Acconsento al trattamento dei miei dati personali per le finalit\u00e0 necessarie al processo di assunzione (ai sensi della legge sulla protezione dei dati personali del 10 maggio 2018 (Gazzetta Ufficiale del 2018, punto 1000) e ai sensi del Regolamento (UE) 2016\/679 del Parlamento europeo e del Consiglio, del 27 aprile 2016, relativo alla protezione delle persone fisiche con riguardo al trattamento dei dati personali, nonch\u00e9 alla libera circolazione di tali dati e che abroga la direttiva 95\/46\/CE (RODO)).<\/span><\/p>\t\t\t\t\t\t\t\t<\/div>\n\t\t\t\t<div class=\"elementor-element elementor-element-589805b elementor-align-center elementor-widget elementor-widget-button\" data-id=\"589805b\" data-element_type=\"widget\" data-widget_type=\"button.default\">\n\t\t\t\t\t\t\t\t\t\t<a class=\"elementor-button elementor-button-link elementor-size-sm\" href=\"mailto:office@animille.com\">\n\t\t\t\t\t\t<span class=\"elementor-button-content-wrapper\">\n\t\t\t\t\t\t\t\t\t<span class=\"elementor-button-text\">Candidatevi ora!<\/span>\n\t\t\t\t\t<\/span>\n\t\t\t\t\t<\/a>\n\t\t\t\t\t\t\t\t<\/div>\n\t\t\t\t\t<\/div>\n\t\t\t\t<\/div>\n\t\t\t\t<\/div>","protected":false},"excerpt":{"rendered":"<p>Wr\u00f3\u0107 do ofert pracy Je\u015bli szukasz dynamicznego \u015brodowiska pracy i jeste\u015b zorientowany na relacje, ambitny, dobrze si\u0119 odnajdujesz w kreatywnych zadaniach oraz lubisz podejmowa\u0107 nowe wyzwania\u00a0 &#8211; szukamy w\u0142a\u015bnie Ciebie! Animille \u2013 to nie tylko pyszne gryzaki i smako\u0142yki dla naszych domowych pupili, ale przede wszystkim g\u0142\u0119boka idea, by dawa\u0107 naszym zwierzakom to, co jest [&hellip;]<\/p>","protected":false},"author":1,"featured_media":0,"parent":0,"menu_order":0,"comment_status":"closed","ping_status":"closed","template":"","meta":{"_acf_changed":false,"footnotes":""},"class_list":["post-48504","page","type-page","status-publish","hentry"],"acf":[],"_links":{"self":[{"href":"https:\/\/www.animille.com\/it\/wp-json\/wp\/v2\/pages\/48504","targetHints":{"allow":["GET"]}}],"collection":[{"href":"https:\/\/www.animille.com\/it\/wp-json\/wp\/v2\/pages"}],"about":[{"href":"https:\/\/www.animille.com\/it\/wp-json\/wp\/v2\/types\/page"}],"author":[{"embeddable":true,"href":"https:\/\/www.animille.com\/it\/wp-json\/wp\/v2\/users\/1"}],"replies":[{"embeddable":true,"href":"https:\/\/www.animille.com\/it\/wp-json\/wp\/v2\/comments?post=48504"}],"version-history":[{"count":0,"href":"https:\/\/www.animille.com\/it\/wp-json\/wp\/v2\/pages\/48504\/revisions"}],"wp:attachment":[{"href":"https:\/\/www.animille.com\/it\/wp-json\/wp\/v2\/media?parent=48504"}],"curies":[{"name":"wp","href":"https:\/\/api.w.org\/{rel}","templated":true}]}}