{"id":50407,"date":"2025-12-31T21:03:30","date_gmt":"2025-12-31T19:03:30","guid":{"rendered":"https:\/\/www.animille.com\/produkt\/paski-wolowe-z-mieta-i-tymiankiem-100g\/"},"modified":"2026-01-02T02:06:37","modified_gmt":"2026-01-02T00:06:37","slug":"paski-wolowe-z-mieta-i-tymiankiem-100g","status":"publish","type":"product","link":"https:\/\/www.animille.com\/fr\/produit\/paski-wolowe-z-mieta-i-tymiankiem-100g\/","title":{"rendered":"Paski Wo\u0142owe z Mi\u0119t\u0105 i Tymiankiem 100g"},"content":{"rendered":"","protected":false},"excerpt":{"rendered":"","protected":false},"featured_media":0,"comment_status":"open","ping_status":"closed","template":"","meta":{"_acf_changed":false},"product_brand":[],"product_cat":[1241,1260],"product_tag":[],"class_list":{"0":"post-50407","1":"product","2":"type-product","3":"status-publish","5":"product_cat-wolowina","6":"product_cat-brak-danych","8":"first","9":"instock","10":"taxable","11":"shipping-taxable","12":"purchasable","13":"product-type-simple"},"acf":[],"_links":{"self":[{"href":"https:\/\/www.animille.com\/fr\/wp-json\/wp\/v2\/product\/50407","targetHints":{"allow":["GET"]}}],"collection":[{"href":"https:\/\/www.animille.com\/fr\/wp-json\/wp\/v2\/product"}],"about":[{"href":"https:\/\/www.animille.com\/fr\/wp-json\/wp\/v2\/types\/product"}],"replies":[{"embeddable":true,"href":"https:\/\/www.animille.com\/fr\/wp-json\/wp\/v2\/comments?post=50407"}],"wp:attachment":[{"href":"https:\/\/www.animille.com\/fr\/wp-json\/wp\/v2\/media?parent=50407"}],"wp:term":[{"taxonomy":"product_brand","embeddable":true,"href":"https:\/\/www.animille.com\/fr\/wp-json\/wp\/v2\/product_brand?post=50407"},{"taxonomy":"product_cat","embeddable":true,"href":"https:\/\/www.animille.com\/fr\/wp-json\/wp\/v2\/product_cat?post=50407"},{"taxonomy":"product_tag","embeddable":true,"href":"https:\/\/www.animille.com\/fr\/wp-json\/wp\/v2\/product_tag?post=50407"}],"curies":[{"name":"wp","href":"https:\/\/api.w.org\/{rel}","templated":true}]}}