{"id":50328,"date":"2025-12-31T21:02:09","date_gmt":"2025-12-31T19:02:09","guid":{"rendered":"https:\/\/www.animille.com\/produkt\/zwacze-wolowe-1kg\/"},"modified":"2026-04-09T11:28:54","modified_gmt":"2026-04-09T10:28:54","slug":"zwacze-wolowe-1kg","status":"publish","type":"product","link":"https:\/\/www.animille.com\/fr\/produit\/zwacze-wolowe-1kg\/","title":{"rendered":"\u017bwacze Wo\u0142owe 1kg"},"content":{"rendered":"<p>M\u00e2chouilles croquantes et aromatiques pour chiens. Gr\u00e2ce \u00e0 leur teneur \u00e9lev\u00e9e en oligo-\u00e9l\u00e9ments, ils r\u00e9tablissent la bonne flore bact\u00e9rienne du syst\u00e8me digestif. Convient particuli\u00e8rement aux chiens souffrant de probl\u00e8mes digestifs et de perte d'app\u00e9tit. Produit dur.<\/p>","protected":false},"excerpt":{"rendered":"<p>M\u00e2chouilles croquantes et aromatiques pour chiens. Gr\u00e2ce \u00e0 leur teneur \u00e9lev\u00e9e en oligo-\u00e9l\u00e9ments, ils r\u00e9tablissent la bonne flore bact\u00e9rienne du syst\u00e8me digestif. Convient particuli\u00e8rement aux chiens souffrant de probl\u00e8mes digestifs et de perte d'app\u00e9tit. Produit dur.<\/p>","protected":false},"featured_media":50321,"comment_status":"open","ping_status":"closed","template":"","meta":{"_acf_changed":false},"product_brand":[],"product_cat":[1241],"product_tag":[],"class_list":{"0":"post-50328","1":"product","2":"type-product","3":"status-publish","4":"has-post-thumbnail","6":"product_cat-wolowina","8":"first","9":"instock","10":"taxable","11":"shipping-taxable","12":"purchasable","13":"product-type-simple"},"acf":[],"_links":{"self":[{"href":"https:\/\/www.animille.com\/fr\/wp-json\/wp\/v2\/product\/50328","targetHints":{"allow":["GET"]}}],"collection":[{"href":"https:\/\/www.animille.com\/fr\/wp-json\/wp\/v2\/product"}],"about":[{"href":"https:\/\/www.animille.com\/fr\/wp-json\/wp\/v2\/types\/product"}],"replies":[{"embeddable":true,"href":"https:\/\/www.animille.com\/fr\/wp-json\/wp\/v2\/comments?post=50328"}],"wp:featuredmedia":[{"embeddable":true,"href":"https:\/\/www.animille.com\/fr\/wp-json\/wp\/v2\/media\/50321"}],"wp:attachment":[{"href":"https:\/\/www.animille.com\/fr\/wp-json\/wp\/v2\/media?parent=50328"}],"wp:term":[{"taxonomy":"product_brand","embeddable":true,"href":"https:\/\/www.animille.com\/fr\/wp-json\/wp\/v2\/product_brand?post=50328"},{"taxonomy":"product_cat","embeddable":true,"href":"https:\/\/www.animille.com\/fr\/wp-json\/wp\/v2\/product_cat?post=50328"},{"taxonomy":"product_tag","embeddable":true,"href":"https:\/\/www.animille.com\/fr\/wp-json\/wp\/v2\/product_tag?post=50328"}],"curies":[{"name":"wp","href":"https:\/\/api.w.org\/{rel}","templated":true}]}}