{"id":50205,"date":"2025-12-31T21:00:32","date_gmt":"2025-12-31T19:00:32","guid":{"rendered":"https:\/\/www.animille.com\/produkt\/uszy-wolowe-20szt\/"},"modified":"2026-01-20T17:25:20","modified_gmt":"2026-01-20T16:25:20","slug":"uszy-wolowe-20szt","status":"publish","type":"product","link":"https:\/\/www.animille.com\/fr\/produit\/uszy-wolowe-20szt\/","title":{"rendered":"Uszy Wo\u0142owe 20szt"},"content":{"rendered":"<p>Une friandise \u00e0 l'ar\u00f4me mod\u00e9r\u00e9. Gr\u00e2ce \u00e0 sa faible teneur en mati\u00e8res grasses, elle peut constituer un en-cas id\u00e9al pour les chiens en surpoids. Sa texture dure aide \u00e0 \u00e9liminer le tartre et \u00e0 maintenir l'hygi\u00e8ne bucco-dentaire.<\/p>","protected":false},"excerpt":{"rendered":"<p>Une friandise \u00e0 l'ar\u00f4me mod\u00e9r\u00e9. Gr\u00e2ce \u00e0 sa faible teneur en mati\u00e8res grasses, elle peut constituer un en-cas id\u00e9al pour les chiens en surpoids. Sa texture dure aide \u00e0 \u00e9liminer le tartre et \u00e0 maintenir l'hygi\u00e8ne bucco-dentaire.<\/p>","protected":false},"featured_media":50198,"comment_status":"open","ping_status":"closed","template":"","meta":{"_acf_changed":false},"product_brand":[],"product_cat":[1241],"product_tag":[],"class_list":{"0":"post-50205","1":"product","2":"type-product","3":"status-publish","4":"has-post-thumbnail","6":"product_cat-wolowina","8":"first","9":"outofstock","10":"taxable","11":"shipping-taxable","12":"purchasable","13":"product-type-simple"},"acf":[],"_links":{"self":[{"href":"https:\/\/www.animille.com\/fr\/wp-json\/wp\/v2\/product\/50205","targetHints":{"allow":["GET"]}}],"collection":[{"href":"https:\/\/www.animille.com\/fr\/wp-json\/wp\/v2\/product"}],"about":[{"href":"https:\/\/www.animille.com\/fr\/wp-json\/wp\/v2\/types\/product"}],"replies":[{"embeddable":true,"href":"https:\/\/www.animille.com\/fr\/wp-json\/wp\/v2\/comments?post=50205"}],"wp:featuredmedia":[{"embeddable":true,"href":"https:\/\/www.animille.com\/fr\/wp-json\/wp\/v2\/media\/50198"}],"wp:attachment":[{"href":"https:\/\/www.animille.com\/fr\/wp-json\/wp\/v2\/media?parent=50205"}],"wp:term":[{"taxonomy":"product_brand","embeddable":true,"href":"https:\/\/www.animille.com\/fr\/wp-json\/wp\/v2\/product_brand?post=50205"},{"taxonomy":"product_cat","embeddable":true,"href":"https:\/\/www.animille.com\/fr\/wp-json\/wp\/v2\/product_cat?post=50205"},{"taxonomy":"product_tag","embeddable":true,"href":"https:\/\/www.animille.com\/fr\/wp-json\/wp\/v2\/product_tag?post=50205"}],"curies":[{"name":"wp","href":"https:\/\/api.w.org\/{rel}","templated":true}]}}