{"id":50156,"date":"2025-12-31T20:59:57","date_gmt":"2025-12-31T18:59:57","guid":{"rendered":"https:\/\/www.animille.com\/produkt\/uszy-wieprzowe-20szt\/"},"modified":"2026-04-05T06:25:06","modified_gmt":"2026-04-05T05:25:06","slug":"uszy-wieprzowe-20szt","status":"publish","type":"product","link":"https:\/\/www.animille.com\/fr\/produit\/uszy-wieprzowe-20szt\/","title":{"rendered":"Uszy Wieprzowe 20szt"},"content":{"rendered":"<p>L'une des friandises les plus recommand\u00e9es par les v\u00e9t\u00e9rinaires. Elle am\u00e9liore la circulation sanguine dans les gencives de votre chien et pr\u00e9vient la formation de la plaque bact\u00e9rienne, favorisant l'\u00e9limination du tartre. Gr\u00e2ce \u00e0 sa texture, c'est une source de prot\u00e9ines et de prot\u00e9ines. Produit dur.<\/p>","protected":false},"excerpt":{"rendered":"<p>L'une des friandises les plus recommand\u00e9es par les v\u00e9t\u00e9rinaires. Elle am\u00e9liore la circulation sanguine dans les gencives de votre chien et pr\u00e9vient la formation de la plaque bact\u00e9rienne, favorisant l'\u00e9limination du tartre. Gr\u00e2ce \u00e0 sa texture, c'est une source de prot\u00e9ines et de prot\u00e9ines. Produit dur.<\/p>","protected":false},"featured_media":50149,"comment_status":"open","ping_status":"closed","template":"","meta":{"_acf_changed":false},"product_brand":[],"product_cat":[1242,1247],"product_tag":[],"class_list":{"0":"post-50156","1":"product","2":"type-product","3":"status-publish","4":"has-post-thumbnail","6":"product_cat-wieprzowina","7":"product_cat-wieprzowina-koty","9":"first","10":"instock","11":"taxable","12":"shipping-taxable","13":"purchasable","14":"product-type-simple"},"acf":[],"_links":{"self":[{"href":"https:\/\/www.animille.com\/fr\/wp-json\/wp\/v2\/product\/50156","targetHints":{"allow":["GET"]}}],"collection":[{"href":"https:\/\/www.animille.com\/fr\/wp-json\/wp\/v2\/product"}],"about":[{"href":"https:\/\/www.animille.com\/fr\/wp-json\/wp\/v2\/types\/product"}],"replies":[{"embeddable":true,"href":"https:\/\/www.animille.com\/fr\/wp-json\/wp\/v2\/comments?post=50156"}],"wp:featuredmedia":[{"embeddable":true,"href":"https:\/\/www.animille.com\/fr\/wp-json\/wp\/v2\/media\/50149"}],"wp:attachment":[{"href":"https:\/\/www.animille.com\/fr\/wp-json\/wp\/v2\/media?parent=50156"}],"wp:term":[{"taxonomy":"product_brand","embeddable":true,"href":"https:\/\/www.animille.com\/fr\/wp-json\/wp\/v2\/product_brand?post=50156"},{"taxonomy":"product_cat","embeddable":true,"href":"https:\/\/www.animille.com\/fr\/wp-json\/wp\/v2\/product_cat?post=50156"},{"taxonomy":"product_tag","embeddable":true,"href":"https:\/\/www.animille.com\/fr\/wp-json\/wp\/v2\/product_tag?post=50156"}],"curies":[{"name":"wp","href":"https:\/\/api.w.org\/{rel}","templated":true}]}}