{"id":50119,"date":"2025-12-31T20:59:27","date_gmt":"2025-12-31T18:59:27","guid":{"rendered":"https:\/\/www.animille.com\/produkt\/ucho-wieprzowe-srodkowe-2kg\/"},"modified":"2026-01-02T02:06:31","modified_gmt":"2026-01-02T00:06:31","slug":"ucho-wieprzowe-srodkowe-2kg","status":"publish","type":"product","link":"https:\/\/www.animille.com\/fr\/produit\/ucho-wieprzowe-srodkowe-2kg\/","title":{"rendered":"Ucho Wieprzowe \u015arodkowe 2kg"},"content":{"rendered":"<p>Une friandise fabriqu\u00e9e \u00e0 partir du cartilage de l'oreille moyenne. La forme du produit \u00e0 m\u00e2cher est irr\u00e9guli\u00e8re, ce qui constitue un d\u00e9fi pour les chiens. Gr\u00e2ce \u00e0 sa structure, c'est une source de prot\u00e9ines et de prot\u00e9ines. Produit moyennement dur.<\/p>","protected":false},"excerpt":{"rendered":"<p>Une friandise fabriqu\u00e9e \u00e0 partir du cartilage de l'oreille moyenne. La forme du produit \u00e0 m\u00e2cher est irr\u00e9guli\u00e8re, ce qui constitue un d\u00e9fi pour les chiens. Gr\u00e2ce \u00e0 sa structure, c'est une source de prot\u00e9ines et de prot\u00e9ines. Produit moyennement dur.<\/p>","protected":false},"featured_media":0,"comment_status":"open","ping_status":"closed","template":"","meta":{"_acf_changed":false},"product_brand":[],"product_cat":[1242,1247],"product_tag":[],"class_list":{"0":"post-50119","1":"product","2":"type-product","3":"status-publish","5":"product_cat-wieprzowina","6":"product_cat-wieprzowina-koty","8":"first","9":"outofstock","10":"taxable","11":"shipping-taxable","12":"purchasable","13":"product-type-simple"},"acf":[],"_links":{"self":[{"href":"https:\/\/www.animille.com\/fr\/wp-json\/wp\/v2\/product\/50119","targetHints":{"allow":["GET"]}}],"collection":[{"href":"https:\/\/www.animille.com\/fr\/wp-json\/wp\/v2\/product"}],"about":[{"href":"https:\/\/www.animille.com\/fr\/wp-json\/wp\/v2\/types\/product"}],"replies":[{"embeddable":true,"href":"https:\/\/www.animille.com\/fr\/wp-json\/wp\/v2\/comments?post=50119"}],"wp:attachment":[{"href":"https:\/\/www.animille.com\/fr\/wp-json\/wp\/v2\/media?parent=50119"}],"wp:term":[{"taxonomy":"product_brand","embeddable":true,"href":"https:\/\/www.animille.com\/fr\/wp-json\/wp\/v2\/product_brand?post=50119"},{"taxonomy":"product_cat","embeddable":true,"href":"https:\/\/www.animille.com\/fr\/wp-json\/wp\/v2\/product_cat?post=50119"},{"taxonomy":"product_tag","embeddable":true,"href":"https:\/\/www.animille.com\/fr\/wp-json\/wp\/v2\/product_tag?post=50119"}],"curies":[{"name":"wp","href":"https:\/\/api.w.org\/{rel}","templated":true}]}}