{"id":50090,"date":"2025-12-31T20:59:10","date_gmt":"2025-12-31T18:59:10","guid":{"rendered":"https:\/\/www.animille.com\/produkt\/tchawica-wolowa-rurka-30cm-20szt\/"},"modified":"2026-01-02T02:06:31","modified_gmt":"2026-01-02T00:06:31","slug":"tchawica-wolowa-rurka-30cm-20szt","status":"publish","type":"product","link":"https:\/\/www.animille.com\/fr\/produit\/tchawica-wolowa-rurka-30cm-20szt\/","title":{"rendered":"Tchawica Wo\u0142owa Rurka 30cm 20szt"},"content":{"rendered":"<p>Les friandises pour chiens \u00e0 base de trach\u00e9e de b\u0153uf sont une source de glucosamine et de sulfate de chondro\u00eftine, qui sont essentiels au bon fonctionnement de l'appareil locomoteur, en particulier des articulations des chiens. Produit dur. Emball\u00e9 entier sous forme de tube de 30 cm.<\/p>","protected":false},"excerpt":{"rendered":"<p>Les friandises pour chiens \u00e0 base de trach\u00e9e de b\u0153uf sont une source de glucosamine et de sulfate de chondro\u00eftine, qui sont essentiels au bon fonctionnement de l'appareil locomoteur, en particulier des articulations des chiens. Produit dur. Emball\u00e9 entier sous forme de tube de 30 cm.<\/p>","protected":false},"featured_media":0,"comment_status":"open","ping_status":"closed","template":"","meta":{"_acf_changed":false},"product_brand":[],"product_cat":[1241],"product_tag":[],"class_list":{"0":"post-50090","1":"product","2":"type-product","3":"status-publish","5":"product_cat-wolowina","7":"first","8":"outofstock","9":"taxable","10":"shipping-taxable","11":"purchasable","12":"product-type-simple"},"acf":[],"_links":{"self":[{"href":"https:\/\/www.animille.com\/fr\/wp-json\/wp\/v2\/product\/50090","targetHints":{"allow":["GET"]}}],"collection":[{"href":"https:\/\/www.animille.com\/fr\/wp-json\/wp\/v2\/product"}],"about":[{"href":"https:\/\/www.animille.com\/fr\/wp-json\/wp\/v2\/types\/product"}],"replies":[{"embeddable":true,"href":"https:\/\/www.animille.com\/fr\/wp-json\/wp\/v2\/comments?post=50090"}],"wp:attachment":[{"href":"https:\/\/www.animille.com\/fr\/wp-json\/wp\/v2\/media?parent=50090"}],"wp:term":[{"taxonomy":"product_brand","embeddable":true,"href":"https:\/\/www.animille.com\/fr\/wp-json\/wp\/v2\/product_brand?post=50090"},{"taxonomy":"product_cat","embeddable":true,"href":"https:\/\/www.animille.com\/fr\/wp-json\/wp\/v2\/product_cat?post=50090"},{"taxonomy":"product_tag","embeddable":true,"href":"https:\/\/www.animille.com\/fr\/wp-json\/wp\/v2\/product_tag?post=50090"}],"curies":[{"name":"wp","href":"https:\/\/api.w.org\/{rel}","templated":true}]}}