{"id":50028,"date":"2025-12-31T20:58:26","date_gmt":"2025-12-31T18:58:26","guid":{"rendered":"https:\/\/www.animille.com\/produkt\/szyje-kurze-200g\/"},"modified":"2026-03-23T10:29:00","modified_gmt":"2026-03-23T09:29:00","slug":"szyje-kurze-200g","status":"publish","type":"product","link":"https:\/\/www.animille.com\/fr\/produit\/szyje-kurze-200g\/","title":{"rendered":"Szyje Kurze 200g"},"content":{"rendered":"<p>Une friandise compos\u00e9e de cartilage et de viande s\u00e9ch\u00e9s. Les produits \u00e0 m\u00e2cher sont assez rassasiants en raison de leur composition. Gr\u00e2ce \u00e0 leur duret\u00e9, ils aident \u00e0 \u00e9liminer la plaque bact\u00e9rienne et le tartre tout en massant les gencives du chien.<\/p>","protected":false},"excerpt":{"rendered":"<p>Une friandise compos\u00e9e de cartilage et de viande s\u00e9ch\u00e9s. Les produits \u00e0 m\u00e2cher sont assez rassasiants en raison de leur composition. Gr\u00e2ce \u00e0 leur duret\u00e9, ils aident \u00e0 \u00e9liminer la plaque bact\u00e9rienne et le tartre tout en massant les gencives du chien.<\/p>","protected":false},"featured_media":50021,"comment_status":"open","ping_status":"closed","template":"","meta":{"_acf_changed":false},"product_brand":[],"product_cat":[1243,1250,1253],"product_tag":[],"class_list":{"0":"post-50028","1":"product","2":"type-product","3":"status-publish","4":"has-post-thumbnail","6":"product_cat-drob","7":"product_cat-kurczak","8":"product_cat-drob-koty","10":"first","11":"instock","12":"taxable","13":"shipping-taxable","14":"purchasable","15":"product-type-simple"},"acf":[],"_links":{"self":[{"href":"https:\/\/www.animille.com\/fr\/wp-json\/wp\/v2\/product\/50028","targetHints":{"allow":["GET"]}}],"collection":[{"href":"https:\/\/www.animille.com\/fr\/wp-json\/wp\/v2\/product"}],"about":[{"href":"https:\/\/www.animille.com\/fr\/wp-json\/wp\/v2\/types\/product"}],"replies":[{"embeddable":true,"href":"https:\/\/www.animille.com\/fr\/wp-json\/wp\/v2\/comments?post=50028"}],"wp:featuredmedia":[{"embeddable":true,"href":"https:\/\/www.animille.com\/fr\/wp-json\/wp\/v2\/media\/50021"}],"wp:attachment":[{"href":"https:\/\/www.animille.com\/fr\/wp-json\/wp\/v2\/media?parent=50028"}],"wp:term":[{"taxonomy":"product_brand","embeddable":true,"href":"https:\/\/www.animille.com\/fr\/wp-json\/wp\/v2\/product_brand?post=50028"},{"taxonomy":"product_cat","embeddable":true,"href":"https:\/\/www.animille.com\/fr\/wp-json\/wp\/v2\/product_cat?post=50028"},{"taxonomy":"product_tag","embeddable":true,"href":"https:\/\/www.animille.com\/fr\/wp-json\/wp\/v2\/product_tag?post=50028"}],"curies":[{"name":"wp","href":"https:\/\/api.w.org\/{rel}","templated":true}]}}