{"id":49970,"date":"2025-12-31T20:57:50","date_gmt":"2025-12-31T18:57:50","guid":{"rendered":"https:\/\/www.animille.com\/produkt\/szyje-indycze-500g\/"},"modified":"2026-01-02T02:06:29","modified_gmt":"2026-01-02T00:06:29","slug":"szyje-indycze-500g","status":"publish","type":"product","link":"https:\/\/www.animille.com\/fr\/produit\/szyje-indycze-500g\/","title":{"rendered":"Szyje Indycze 500g"},"content":{"rendered":"<p>Une friandise \u00e0 base de cartilage et de viande s\u00e9ch\u00e9s. Gr\u00e2ce \u00e0 leur composition, les produits \u00e0 m\u00e2cher sont assez rassasiants. Gr\u00e2ce \u00e0 leur duret\u00e9, ils aident \u00e0 \u00e9liminer la plaque bact\u00e9rienne et le tartre chez les chiens.<\/p>","protected":false},"excerpt":{"rendered":"<p>Une friandise \u00e0 base de cartilage et de viande s\u00e9ch\u00e9s. Gr\u00e2ce \u00e0 leur composition, les produits \u00e0 m\u00e2cher sont assez rassasiants. Gr\u00e2ce \u00e0 leur duret\u00e9, ils aident \u00e0 \u00e9liminer la plaque bact\u00e9rienne et le tartre chez les chiens.<\/p>","protected":false},"featured_media":0,"comment_status":"open","ping_status":"closed","template":"","meta":{"_acf_changed":false},"product_brand":[],"product_cat":[1243,1250,1253],"product_tag":[],"class_list":{"0":"post-49970","1":"product","2":"type-product","3":"status-publish","5":"product_cat-drob","6":"product_cat-kurczak","7":"product_cat-drob-koty","9":"first","10":"outofstock","11":"taxable","12":"shipping-taxable","13":"purchasable","14":"product-type-simple"},"acf":[],"_links":{"self":[{"href":"https:\/\/www.animille.com\/fr\/wp-json\/wp\/v2\/product\/49970","targetHints":{"allow":["GET"]}}],"collection":[{"href":"https:\/\/www.animille.com\/fr\/wp-json\/wp\/v2\/product"}],"about":[{"href":"https:\/\/www.animille.com\/fr\/wp-json\/wp\/v2\/types\/product"}],"replies":[{"embeddable":true,"href":"https:\/\/www.animille.com\/fr\/wp-json\/wp\/v2\/comments?post=49970"}],"wp:attachment":[{"href":"https:\/\/www.animille.com\/fr\/wp-json\/wp\/v2\/media?parent=49970"}],"wp:term":[{"taxonomy":"product_brand","embeddable":true,"href":"https:\/\/www.animille.com\/fr\/wp-json\/wp\/v2\/product_brand?post=49970"},{"taxonomy":"product_cat","embeddable":true,"href":"https:\/\/www.animille.com\/fr\/wp-json\/wp\/v2\/product_cat?post=49970"},{"taxonomy":"product_tag","embeddable":true,"href":"https:\/\/www.animille.com\/fr\/wp-json\/wp\/v2\/product_tag?post=49970"}],"curies":[{"name":"wp","href":"https:\/\/api.w.org\/{rel}","templated":true}]}}