{"id":49960,"date":"2025-12-31T20:57:33","date_gmt":"2025-12-31T18:57:33","guid":{"rendered":"https:\/\/www.animille.com\/produkt\/stopa-wolowa-5szt\/"},"modified":"2026-01-02T02:06:29","modified_gmt":"2026-01-02T00:06:29","slug":"stopa-wolowa-5szt","status":"publish","type":"product","link":"https:\/\/www.animille.com\/fr\/produit\/stopa-wolowa-5szt\/","title":{"rendered":"Stopa Wo\u0142owa 5szt"},"content":{"rendered":"<p>Gryzak kt\u00f3ry daje pieskom zaj\u0119cie na wiele godzin. Produkt jest suszony w ca\u0142o\u015bci, dzi\u0119ki czemu zawiera smaczne elementy takie jak ko\u015b\u0107, sk\u00f3rki, cz\u0119\u015bci mi\u0119sa oraz \u015bci\u0119gien. Polecany szczeg\u00f3lnie dla ps\u00f3w maj\u0105cych problemy ze stawami. Produkt twardy.<\/p>","protected":false},"excerpt":{"rendered":"<p>Gryzak kt\u00f3ry daje pieskom zaj\u0119cie na wiele godzin. Produkt jest suszony w ca\u0142o\u015bci, dzi\u0119ki czemu zawiera smaczne elementy takie jak ko\u015b\u0107, sk\u00f3rki, cz\u0119\u015bci mi\u0119sa oraz \u015bci\u0119gien. Polecany szczeg\u00f3lnie dla ps\u00f3w maj\u0105cych problemy ze stawami. Produkt twardy.<\/p>","protected":false},"featured_media":0,"comment_status":"open","ping_status":"closed","template":"","meta":{"_acf_changed":false},"product_brand":[],"product_cat":[1241],"product_tag":[],"class_list":{"0":"post-49960","1":"product","2":"type-product","3":"status-publish","5":"product_cat-wolowina","7":"first","8":"outofstock","9":"taxable","10":"shipping-taxable","11":"purchasable","12":"product-type-simple"},"acf":[],"_links":{"self":[{"href":"https:\/\/www.animille.com\/fr\/wp-json\/wp\/v2\/product\/49960","targetHints":{"allow":["GET"]}}],"collection":[{"href":"https:\/\/www.animille.com\/fr\/wp-json\/wp\/v2\/product"}],"about":[{"href":"https:\/\/www.animille.com\/fr\/wp-json\/wp\/v2\/types\/product"}],"replies":[{"embeddable":true,"href":"https:\/\/www.animille.com\/fr\/wp-json\/wp\/v2\/comments?post=49960"}],"wp:attachment":[{"href":"https:\/\/www.animille.com\/fr\/wp-json\/wp\/v2\/media?parent=49960"}],"wp:term":[{"taxonomy":"product_brand","embeddable":true,"href":"https:\/\/www.animille.com\/fr\/wp-json\/wp\/v2\/product_brand?post=49960"},{"taxonomy":"product_cat","embeddable":true,"href":"https:\/\/www.animille.com\/fr\/wp-json\/wp\/v2\/product_cat?post=49960"},{"taxonomy":"product_tag","embeddable":true,"href":"https:\/\/www.animille.com\/fr\/wp-json\/wp\/v2\/product_tag?post=49960"}],"curies":[{"name":"wp","href":"https:\/\/api.w.org\/{rel}","templated":true}]}}