{"id":49956,"date":"2025-12-31T20:57:28","date_gmt":"2025-12-31T18:57:28","guid":{"rendered":"https:\/\/www.animille.com\/produkt\/stopa-wieprzowa-biala-5szt\/"},"modified":"2026-01-02T02:06:29","modified_gmt":"2026-01-02T00:06:29","slug":"stopa-wieprzowa-biala-5szt","status":"publish","type":"product","link":"https:\/\/www.animille.com\/fr\/produit\/stopa-wieprzowa-biala-5szt\/","title":{"rendered":"Stopa Wieprzowa Bia\u0142a 5szt"},"content":{"rendered":"<p>Racica wieprzowa oczyszczona ze wszystkich sk\u00f3rek i \u015bci\u0119gien. Gryzak nadaje si\u0119 dla ras wi\u0119kszych. Dzi\u0119ki swojej charakterystyce pomaga usuwa\u0107 p\u0142ytk\u0119 bakteryjn\u0105 i kamie\u0144 naz\u0119bny. Produkt twardy.<\/p>","protected":false},"excerpt":{"rendered":"<p>Racica wieprzowa oczyszczona ze wszystkich sk\u00f3rek i \u015bci\u0119gien. Gryzak nadaje si\u0119 dla ras wi\u0119kszych. Dzi\u0119ki swojej charakterystyce pomaga usuwa\u0107 p\u0142ytk\u0119 bakteryjn\u0105 i kamie\u0144 naz\u0119bny. Produkt twardy.<\/p>","protected":false},"featured_media":0,"comment_status":"open","ping_status":"closed","template":"","meta":{"_acf_changed":false},"product_brand":[],"product_cat":[1242,1247],"product_tag":[],"class_list":{"0":"post-49956","1":"product","2":"type-product","3":"status-publish","5":"product_cat-wieprzowina","6":"product_cat-wieprzowina-koty","8":"first","9":"outofstock","10":"taxable","11":"shipping-taxable","12":"purchasable","13":"product-type-simple"},"acf":[],"_links":{"self":[{"href":"https:\/\/www.animille.com\/fr\/wp-json\/wp\/v2\/product\/49956","targetHints":{"allow":["GET"]}}],"collection":[{"href":"https:\/\/www.animille.com\/fr\/wp-json\/wp\/v2\/product"}],"about":[{"href":"https:\/\/www.animille.com\/fr\/wp-json\/wp\/v2\/types\/product"}],"replies":[{"embeddable":true,"href":"https:\/\/www.animille.com\/fr\/wp-json\/wp\/v2\/comments?post=49956"}],"wp:attachment":[{"href":"https:\/\/www.animille.com\/fr\/wp-json\/wp\/v2\/media?parent=49956"}],"wp:term":[{"taxonomy":"product_brand","embeddable":true,"href":"https:\/\/www.animille.com\/fr\/wp-json\/wp\/v2\/product_brand?post=49956"},{"taxonomy":"product_cat","embeddable":true,"href":"https:\/\/www.animille.com\/fr\/wp-json\/wp\/v2\/product_cat?post=49956"},{"taxonomy":"product_tag","embeddable":true,"href":"https:\/\/www.animille.com\/fr\/wp-json\/wp\/v2\/product_tag?post=49956"}],"curies":[{"name":"wp","href":"https:\/\/api.w.org\/{rel}","templated":true}]}}