{"id":49933,"date":"2025-12-31T20:57:04","date_gmt":"2025-12-31T18:57:04","guid":{"rendered":"https:\/\/www.animille.com\/produkt\/skora-zwijana-wolowa-2kg\/"},"modified":"2026-01-02T02:06:28","modified_gmt":"2026-01-02T00:06:28","slug":"skora-zwijana-wolowa-2kg","status":"publish","type":"product","link":"https:\/\/www.animille.com\/fr\/produit\/skora-zwijana-wolowa-2kg\/","title":{"rendered":"Sk\u00f3ra Zwijana Wo\u0142owa 2kg"},"content":{"rendered":"<p>Produit \u00e0 m\u00e2cher fabriqu\u00e9 \u00e0 partir de peau de b\u0153uf roul\u00e9e \u00e0 la main. Se compose principalement de prot\u00e9ines qui soutiennent naturellement l'organisme des chiens. Satisfait le besoin naturel de m\u00e2cher tout en \u00e9liminant la plaque bact\u00e9rienne et le tartre. Produit dur.<\/p>","protected":false},"excerpt":{"rendered":"<p>Produit \u00e0 m\u00e2cher fabriqu\u00e9 \u00e0 partir de peau de b\u0153uf roul\u00e9e \u00e0 la main. Se compose principalement de prot\u00e9ines qui soutiennent naturellement l'organisme des chiens. Satisfait le besoin naturel de m\u00e2cher tout en \u00e9liminant la plaque bact\u00e9rienne et le tartre. Produit dur.<\/p>","protected":false},"featured_media":0,"comment_status":"open","ping_status":"closed","template":"","meta":{"_acf_changed":false},"product_brand":[],"product_cat":[1241],"product_tag":[],"class_list":{"0":"post-49933","1":"product","2":"type-product","3":"status-publish","5":"product_cat-wolowina","7":"first","8":"outofstock","9":"taxable","10":"shipping-taxable","11":"purchasable","12":"product-type-simple"},"acf":[],"_links":{"self":[{"href":"https:\/\/www.animille.com\/fr\/wp-json\/wp\/v2\/product\/49933","targetHints":{"allow":["GET"]}}],"collection":[{"href":"https:\/\/www.animille.com\/fr\/wp-json\/wp\/v2\/product"}],"about":[{"href":"https:\/\/www.animille.com\/fr\/wp-json\/wp\/v2\/types\/product"}],"replies":[{"embeddable":true,"href":"https:\/\/www.animille.com\/fr\/wp-json\/wp\/v2\/comments?post=49933"}],"wp:attachment":[{"href":"https:\/\/www.animille.com\/fr\/wp-json\/wp\/v2\/media?parent=49933"}],"wp:term":[{"taxonomy":"product_brand","embeddable":true,"href":"https:\/\/www.animille.com\/fr\/wp-json\/wp\/v2\/product_brand?post=49933"},{"taxonomy":"product_cat","embeddable":true,"href":"https:\/\/www.animille.com\/fr\/wp-json\/wp\/v2\/product_cat?post=49933"},{"taxonomy":"product_tag","embeddable":true,"href":"https:\/\/www.animille.com\/fr\/wp-json\/wp\/v2\/product_tag?post=49933"}],"curies":[{"name":"wp","href":"https:\/\/api.w.org\/{rel}","templated":true}]}}