{"id":49903,"date":"2025-12-31T20:56:30","date_gmt":"2025-12-31T18:56:30","guid":{"rendered":"https:\/\/www.animille.com\/produkt\/skora-wieprzowa-zwijana-100g\/"},"modified":"2026-01-02T02:06:28","modified_gmt":"2026-01-02T00:06:28","slug":"skora-wieprzowa-zwijana-100g","status":"publish","type":"product","link":"https:\/\/www.animille.com\/fr\/produit\/skora-wieprzowa-zwijana-100g\/","title":{"rendered":"Sk\u00f3ra Wieprzowa Zwijana 100g"},"content":{"rendered":"<p>Les produits \u00e0 m\u00e2cher \u00e0 base de peau de porc sont parmi les plus durables pour les chiens. Ils sont riches en proline, un acide amin\u00e9 essentiel \u00e0 la reconstitution du collag\u00e8ne. Les chiots et les chiens adultes peuvent les manger sans probl\u00e8me. Pr\u00e9sent\u00e9 sous la forme d'un tube roul\u00e9.<\/p>","protected":false},"excerpt":{"rendered":"<p>Les produits \u00e0 m\u00e2cher \u00e0 base de peau de porc sont parmi les plus durables pour les chiens. Ils sont riches en proline, un acide amin\u00e9 essentiel \u00e0 la reconstitution du collag\u00e8ne. Les chiots et les chiens adultes peuvent les manger sans probl\u00e8me. Pr\u00e9sent\u00e9 sous la forme d'un tube roul\u00e9.<\/p>","protected":false},"featured_media":0,"comment_status":"open","ping_status":"closed","template":"","meta":{"_acf_changed":false},"product_brand":[],"product_cat":[1242,1247],"product_tag":[],"class_list":{"0":"post-49903","1":"product","2":"type-product","3":"status-publish","5":"product_cat-wieprzowina","6":"product_cat-wieprzowina-koty","8":"first","9":"instock","10":"taxable","11":"shipping-taxable","12":"purchasable","13":"product-type-simple"},"acf":[],"_links":{"self":[{"href":"https:\/\/www.animille.com\/fr\/wp-json\/wp\/v2\/product\/49903","targetHints":{"allow":["GET"]}}],"collection":[{"href":"https:\/\/www.animille.com\/fr\/wp-json\/wp\/v2\/product"}],"about":[{"href":"https:\/\/www.animille.com\/fr\/wp-json\/wp\/v2\/types\/product"}],"replies":[{"embeddable":true,"href":"https:\/\/www.animille.com\/fr\/wp-json\/wp\/v2\/comments?post=49903"}],"wp:attachment":[{"href":"https:\/\/www.animille.com\/fr\/wp-json\/wp\/v2\/media?parent=49903"}],"wp:term":[{"taxonomy":"product_brand","embeddable":true,"href":"https:\/\/www.animille.com\/fr\/wp-json\/wp\/v2\/product_brand?post=49903"},{"taxonomy":"product_cat","embeddable":true,"href":"https:\/\/www.animille.com\/fr\/wp-json\/wp\/v2\/product_cat?post=49903"},{"taxonomy":"product_tag","embeddable":true,"href":"https:\/\/www.animille.com\/fr\/wp-json\/wp\/v2\/product_tag?post=49903"}],"curies":[{"name":"wp","href":"https:\/\/api.w.org\/{rel}","templated":true}]}}