{"id":49902,"date":"2025-12-31T20:56:29","date_gmt":"2025-12-31T18:56:29","guid":{"rendered":"https:\/\/www.animille.com\/produkt\/skora-wieprzowa-platy-500g\/"},"modified":"2026-04-01T21:25:08","modified_gmt":"2026-04-01T20:25:08","slug":"skora-wieprzowa-platy-500g","status":"publish","type":"product","link":"https:\/\/www.animille.com\/fr\/produit\/skora-wieprzowa-platy-500g\/","title":{"rendered":"Sk\u00f3ra Wieprzowa P\u0142aty 500g"},"content":{"rendered":"<p>Les produits \u00e0 m\u00e2cher \u00e0 base de peau de porc sont parmi les plus durables pour les chiens. Ils sont riches en proline, un acide amin\u00e9 essentiel \u00e0 la reconstitution du collag\u00e8ne. Les chiots et les chiens adultes peuvent les consommer sans probl\u00e8me. En outre, ils soutiennent les jeunes chiens pendant la p\u00e9riode de remplacement des dents.<\/p>","protected":false},"excerpt":{"rendered":"<p>Les produits \u00e0 m\u00e2cher \u00e0 base de peau de porc sont parmi les plus durables pour les chiens. Ils sont riches en proline, un acide amin\u00e9 essentiel \u00e0 la reconstitution du collag\u00e8ne. Les chiots et les chiens adultes peuvent les consommer sans probl\u00e8me. En outre, ils soutiennent les jeunes chiens pendant la p\u00e9riode de remplacement des dents.<\/p>","protected":false},"featured_media":49895,"comment_status":"open","ping_status":"closed","template":"","meta":{"_acf_changed":false},"product_brand":[],"product_cat":[1242,1247],"product_tag":[],"class_list":{"0":"post-49902","1":"product","2":"type-product","3":"status-publish","4":"has-post-thumbnail","6":"product_cat-wieprzowina","7":"product_cat-wieprzowina-koty","9":"first","10":"instock","11":"taxable","12":"shipping-taxable","13":"purchasable","14":"product-type-simple"},"acf":[],"_links":{"self":[{"href":"https:\/\/www.animille.com\/fr\/wp-json\/wp\/v2\/product\/49902","targetHints":{"allow":["GET"]}}],"collection":[{"href":"https:\/\/www.animille.com\/fr\/wp-json\/wp\/v2\/product"}],"about":[{"href":"https:\/\/www.animille.com\/fr\/wp-json\/wp\/v2\/types\/product"}],"replies":[{"embeddable":true,"href":"https:\/\/www.animille.com\/fr\/wp-json\/wp\/v2\/comments?post=49902"}],"wp:featuredmedia":[{"embeddable":true,"href":"https:\/\/www.animille.com\/fr\/wp-json\/wp\/v2\/media\/49895"}],"wp:attachment":[{"href":"https:\/\/www.animille.com\/fr\/wp-json\/wp\/v2\/media?parent=49902"}],"wp:term":[{"taxonomy":"product_brand","embeddable":true,"href":"https:\/\/www.animille.com\/fr\/wp-json\/wp\/v2\/product_brand?post=49902"},{"taxonomy":"product_cat","embeddable":true,"href":"https:\/\/www.animille.com\/fr\/wp-json\/wp\/v2\/product_cat?post=49902"},{"taxonomy":"product_tag","embeddable":true,"href":"https:\/\/www.animille.com\/fr\/wp-json\/wp\/v2\/product_tag?post=49902"}],"curies":[{"name":"wp","href":"https:\/\/api.w.org\/{rel}","templated":true}]}}