{"id":49855,"date":"2025-12-31T20:55:18","date_gmt":"2025-12-31T18:55:18","guid":{"rendered":"https:\/\/www.animille.com\/produkt\/serce-wieprzowe-1kg\/"},"modified":"2026-01-02T02:06:26","modified_gmt":"2026-01-02T00:06:26","slug":"serce-wieprzowe-1kg","status":"publish","type":"product","link":"https:\/\/www.animille.com\/fr\/produit\/serce-wieprzowe-1kg\/","title":{"rendered":"Serce Wieprzowe 1kg"},"content":{"rendered":"<p>Rarytas w\u015br\u00f3d gryzak\u00f3w, charakteryzuj\u0105cy si\u0119 bardzo lubianym przez psy aromatem. Posiada du\u017co sk\u0142adnik\u00f3w mineralnych oraz bia\u0142ka. Chroni przed dyskobakterioz\u0105 jelit. Produkt umiarkowanie twardy.<\/p>","protected":false},"excerpt":{"rendered":"<p>Rarytas w\u015br\u00f3d gryzak\u00f3w, charakteryzuj\u0105cy si\u0119 bardzo lubianym przez psy aromatem. Posiada du\u017co sk\u0142adnik\u00f3w mineralnych oraz bia\u0142ka. Chroni przed dyskobakterioz\u0105 jelit. Produkt umiarkowanie twardy.<\/p>","protected":false},"featured_media":0,"comment_status":"open","ping_status":"closed","template":"","meta":{"_acf_changed":false},"product_brand":[],"product_cat":[1242,1247,15],"product_tag":[],"class_list":{"0":"post-49855","1":"product","2":"type-product","3":"status-publish","5":"product_cat-wieprzowina","6":"product_cat-wieprzowina-koty","7":"product_cat-bez-kategorii","9":"first","10":"outofstock","11":"taxable","12":"shipping-taxable","13":"purchasable","14":"product-type-simple"},"acf":[],"_links":{"self":[{"href":"https:\/\/www.animille.com\/fr\/wp-json\/wp\/v2\/product\/49855","targetHints":{"allow":["GET"]}}],"collection":[{"href":"https:\/\/www.animille.com\/fr\/wp-json\/wp\/v2\/product"}],"about":[{"href":"https:\/\/www.animille.com\/fr\/wp-json\/wp\/v2\/types\/product"}],"replies":[{"embeddable":true,"href":"https:\/\/www.animille.com\/fr\/wp-json\/wp\/v2\/comments?post=49855"}],"wp:attachment":[{"href":"https:\/\/www.animille.com\/fr\/wp-json\/wp\/v2\/media?parent=49855"}],"wp:term":[{"taxonomy":"product_brand","embeddable":true,"href":"https:\/\/www.animille.com\/fr\/wp-json\/wp\/v2\/product_brand?post=49855"},{"taxonomy":"product_cat","embeddable":true,"href":"https:\/\/www.animille.com\/fr\/wp-json\/wp\/v2\/product_cat?post=49855"},{"taxonomy":"product_tag","embeddable":true,"href":"https:\/\/www.animille.com\/fr\/wp-json\/wp\/v2\/product_tag?post=49855"}],"curies":[{"name":"wp","href":"https:\/\/api.w.org\/{rel}","templated":true}]}}