{"id":49851,"date":"2025-12-31T20:55:08","date_gmt":"2025-12-31T18:55:08","guid":{"rendered":"https:\/\/www.animille.com\/produkt\/serca-drobiowe-200g\/"},"modified":"2026-01-02T02:06:26","modified_gmt":"2026-01-02T00:06:26","slug":"serca-drobiowe-200g","status":"publish","type":"product","link":"https:\/\/www.animille.com\/fr\/produit\/serca-drobiowe-200g\/","title":{"rendered":"Serca Drobiowe 200g"},"content":{"rendered":"<p>Une friandise tr\u00e8s douce pour votre chien. Elle peut \u00eatre donn\u00e9e sans probl\u00e8me aux chiens juniors et seniors ou aux chiens en surpoids. Elles contiennent beaucoup de micronutriments qui facilitent la digestion. Produit moyennement ferme.<\/p>","protected":false},"excerpt":{"rendered":"<p>Une friandise tr\u00e8s douce pour votre chien. Elle peut \u00eatre donn\u00e9e sans probl\u00e8me aux chiens juniors et seniors ou aux chiens en surpoids. Elles contiennent beaucoup de micronutriments qui facilitent la digestion. Produit moyennement ferme.<\/p>","protected":false},"featured_media":0,"comment_status":"open","ping_status":"closed","template":"","meta":{"_acf_changed":false},"product_brand":[],"product_cat":[15],"product_tag":[],"class_list":{"0":"post-49851","1":"product","2":"type-product","3":"status-publish","5":"product_cat-bez-kategorii","7":"first","8":"instock","9":"taxable","10":"shipping-taxable","11":"purchasable","12":"product-type-simple"},"acf":[],"_links":{"self":[{"href":"https:\/\/www.animille.com\/fr\/wp-json\/wp\/v2\/product\/49851","targetHints":{"allow":["GET"]}}],"collection":[{"href":"https:\/\/www.animille.com\/fr\/wp-json\/wp\/v2\/product"}],"about":[{"href":"https:\/\/www.animille.com\/fr\/wp-json\/wp\/v2\/types\/product"}],"replies":[{"embeddable":true,"href":"https:\/\/www.animille.com\/fr\/wp-json\/wp\/v2\/comments?post=49851"}],"wp:attachment":[{"href":"https:\/\/www.animille.com\/fr\/wp-json\/wp\/v2\/media?parent=49851"}],"wp:term":[{"taxonomy":"product_brand","embeddable":true,"href":"https:\/\/www.animille.com\/fr\/wp-json\/wp\/v2\/product_brand?post=49851"},{"taxonomy":"product_cat","embeddable":true,"href":"https:\/\/www.animille.com\/fr\/wp-json\/wp\/v2\/product_cat?post=49851"},{"taxonomy":"product_tag","embeddable":true,"href":"https:\/\/www.animille.com\/fr\/wp-json\/wp\/v2\/product_tag?post=49851"}],"curies":[{"name":"wp","href":"https:\/\/api.w.org\/{rel}","templated":true}]}}