{"id":49796,"date":"2025-12-31T20:54:02","date_gmt":"2025-12-31T18:54:02","guid":{"rendered":"https:\/\/www.animille.com\/produkt\/pluca-wolowe-70g\/"},"modified":"2026-03-09T08:25:11","modified_gmt":"2026-03-09T07:25:11","slug":"pluca-wolowe-70g","status":"publish","type":"product","link":"https:\/\/www.animille.com\/fr\/produit\/pluca-wolowe-70g\/","title":{"rendered":"P\u0142uca Wo\u0142owe 70g"},"content":{"rendered":"<p>Une friandise naturelle et savoureuse pour les chiens de toutes tailles. Elles peuvent \u00eatre facilement divis\u00e9es en petits morceaux. Gr\u00e2ce \u00e0 leur faible teneur en mati\u00e8res grasses et \u00e0 leur digestibilit\u00e9, elles sont recommand\u00e9es pour les chiens \u00e2g\u00e9s et les chiots. Produit moyennement ferme.<\/p>","protected":false},"excerpt":{"rendered":"<p>Une friandise naturelle et savoureuse pour les chiens de toutes tailles. Elles peuvent \u00eatre facilement divis\u00e9es en petits morceaux. Gr\u00e2ce \u00e0 leur faible teneur en mati\u00e8res grasses et \u00e0 leur digestibilit\u00e9, elles sont recommand\u00e9es pour les chiens \u00e2g\u00e9s et les chiots. Produit moyennement ferme.<\/p>","protected":false},"featured_media":49789,"comment_status":"open","ping_status":"closed","template":"","meta":{"_acf_changed":false},"product_brand":[],"product_cat":[1241,15],"product_tag":[],"class_list":{"0":"post-49796","1":"product","2":"type-product","3":"status-publish","4":"has-post-thumbnail","6":"product_cat-wolowina","7":"product_cat-bez-kategorii","9":"first","10":"outofstock","11":"taxable","12":"shipping-taxable","13":"purchasable","14":"product-type-simple"},"acf":[],"_links":{"self":[{"href":"https:\/\/www.animille.com\/fr\/wp-json\/wp\/v2\/product\/49796","targetHints":{"allow":["GET"]}}],"collection":[{"href":"https:\/\/www.animille.com\/fr\/wp-json\/wp\/v2\/product"}],"about":[{"href":"https:\/\/www.animille.com\/fr\/wp-json\/wp\/v2\/types\/product"}],"replies":[{"embeddable":true,"href":"https:\/\/www.animille.com\/fr\/wp-json\/wp\/v2\/comments?post=49796"}],"wp:featuredmedia":[{"embeddable":true,"href":"https:\/\/www.animille.com\/fr\/wp-json\/wp\/v2\/media\/49789"}],"wp:attachment":[{"href":"https:\/\/www.animille.com\/fr\/wp-json\/wp\/v2\/media?parent=49796"}],"wp:term":[{"taxonomy":"product_brand","embeddable":true,"href":"https:\/\/www.animille.com\/fr\/wp-json\/wp\/v2\/product_brand?post=49796"},{"taxonomy":"product_cat","embeddable":true,"href":"https:\/\/www.animille.com\/fr\/wp-json\/wp\/v2\/product_cat?post=49796"},{"taxonomy":"product_tag","embeddable":true,"href":"https:\/\/www.animille.com\/fr\/wp-json\/wp\/v2\/product_tag?post=49796"}],"curies":[{"name":"wp","href":"https:\/\/api.w.org\/{rel}","templated":true}]}}