{"id":49787,"date":"2025-12-31T20:53:55","date_gmt":"2025-12-31T18:53:55","guid":{"rendered":"https:\/\/www.animille.com\/produkt\/pluca-wieprzowe-2kg\/"},"modified":"2026-01-02T02:06:24","modified_gmt":"2026-01-02T00:06:24","slug":"pluca-wieprzowe-2kg","status":"publish","type":"product","link":"https:\/\/www.animille.com\/fr\/produit\/pluca-wieprzowe-2kg\/","title":{"rendered":"P\u0142uca Wieprzowe 2kg"},"content":{"rendered":"<p>Naturalny i aromatyczny przysmak dla ps\u00f3w ka\u017cdej wielko\u015bci. Z \u0142atwo\u015bci\u0105 mo\u017cna go dzieli\u0107 na mniejsze kawa\u0142ki. Ze wzgl\u0119du na nisk\u0105 zawarto\u015b\u0107 t\u0142uszczu i lekkostrawno\u015b\u0107, polecany jest pieskom z tendencj\u0105 do nadwagi oraz szczeniakom. Produkt umiarkowanie twardy.<\/p>","protected":false},"excerpt":{"rendered":"<p>Naturalny i aromatyczny przysmak dla ps\u00f3w ka\u017cdej wielko\u015bci. Z \u0142atwo\u015bci\u0105 mo\u017cna go dzieli\u0107 na mniejsze kawa\u0142ki. Ze wzgl\u0119du na nisk\u0105 zawarto\u015b\u0107 t\u0142uszczu i lekkostrawno\u015b\u0107, polecany jest pieskom z tendencj\u0105 do nadwagi oraz szczeniakom. Produkt umiarkowanie twardy.<\/p>","protected":false},"featured_media":0,"comment_status":"open","ping_status":"closed","template":"","meta":{"_acf_changed":false},"product_brand":[],"product_cat":[1242,1247,15],"product_tag":[],"class_list":{"0":"post-49787","1":"product","2":"type-product","3":"status-publish","5":"product_cat-wieprzowina","6":"product_cat-wieprzowina-koty","7":"product_cat-bez-kategorii","9":"first","10":"outofstock","11":"taxable","12":"shipping-taxable","13":"purchasable","14":"product-type-simple"},"acf":[],"_links":{"self":[{"href":"https:\/\/www.animille.com\/fr\/wp-json\/wp\/v2\/product\/49787","targetHints":{"allow":["GET"]}}],"collection":[{"href":"https:\/\/www.animille.com\/fr\/wp-json\/wp\/v2\/product"}],"about":[{"href":"https:\/\/www.animille.com\/fr\/wp-json\/wp\/v2\/types\/product"}],"replies":[{"embeddable":true,"href":"https:\/\/www.animille.com\/fr\/wp-json\/wp\/v2\/comments?post=49787"}],"wp:attachment":[{"href":"https:\/\/www.animille.com\/fr\/wp-json\/wp\/v2\/media?parent=49787"}],"wp:term":[{"taxonomy":"product_brand","embeddable":true,"href":"https:\/\/www.animille.com\/fr\/wp-json\/wp\/v2\/product_brand?post=49787"},{"taxonomy":"product_cat","embeddable":true,"href":"https:\/\/www.animille.com\/fr\/wp-json\/wp\/v2\/product_cat?post=49787"},{"taxonomy":"product_tag","embeddable":true,"href":"https:\/\/www.animille.com\/fr\/wp-json\/wp\/v2\/product_tag?post=49787"}],"curies":[{"name":"wp","href":"https:\/\/api.w.org\/{rel}","templated":true}]}}