{"id":49734,"date":"2025-12-31T20:51:54","date_gmt":"2025-12-31T18:51:54","guid":{"rendered":"https:\/\/www.animille.com\/produkt\/lapki-kurze-biale-3szt\/"},"modified":"2026-01-02T02:06:22","modified_gmt":"2026-01-02T00:06:22","slug":"lapki-kurze-biale-3szt","status":"publish","type":"product","link":"https:\/\/www.animille.com\/fr\/produit\/lapki-kurze-biale-3szt\/","title":{"rendered":"\u0141apki Kurze Bia\u0142e 3szt"},"content":{"rendered":"<p>Przysmak kt\u00f3ry zaspokaja naturaln\u0105 potrzeb\u0119 gryzienia. Charakteryzuje si\u0119 s\u0142abszym zapachem ni\u017c naturalne \u0142apki kurze. Posiada nisk\u0105 zawarto\u015b\u0107 t\u0142uszczu oraz du\u017co w\u0142\u00f3kien, dlatego doskonale wspomaga proces trawienia naszych pupili. Znakomicie nada si\u0119 jako przysmak dla ps\u00f3w z nadwag\u0105. Produkt twardy.<\/p>","protected":false},"excerpt":{"rendered":"<p>Przysmak kt\u00f3ry zaspokaja naturaln\u0105 potrzeb\u0119 gryzienia. Charakteryzuje si\u0119 s\u0142abszym zapachem ni\u017c naturalne \u0142apki kurze. Posiada nisk\u0105 zawarto\u015b\u0107 t\u0142uszczu oraz du\u017co w\u0142\u00f3kien, dlatego doskonale wspomaga proces trawienia naszych pupili. Znakomicie nada si\u0119 jako przysmak dla ps\u00f3w z nadwag\u0105. Produkt twardy.<\/p>","protected":false},"featured_media":0,"comment_status":"open","ping_status":"closed","template":"","meta":{"_acf_changed":false},"product_brand":[],"product_cat":[15],"product_tag":[],"class_list":{"0":"post-49734","1":"product","2":"type-product","3":"status-publish","5":"product_cat-bez-kategorii","7":"first","8":"outofstock","9":"taxable","10":"shipping-taxable","11":"purchasable","12":"product-type-simple"},"acf":[],"_links":{"self":[{"href":"https:\/\/www.animille.com\/fr\/wp-json\/wp\/v2\/product\/49734","targetHints":{"allow":["GET"]}}],"collection":[{"href":"https:\/\/www.animille.com\/fr\/wp-json\/wp\/v2\/product"}],"about":[{"href":"https:\/\/www.animille.com\/fr\/wp-json\/wp\/v2\/types\/product"}],"replies":[{"embeddable":true,"href":"https:\/\/www.animille.com\/fr\/wp-json\/wp\/v2\/comments?post=49734"}],"wp:attachment":[{"href":"https:\/\/www.animille.com\/fr\/wp-json\/wp\/v2\/media?parent=49734"}],"wp:term":[{"taxonomy":"product_brand","embeddable":true,"href":"https:\/\/www.animille.com\/fr\/wp-json\/wp\/v2\/product_brand?post=49734"},{"taxonomy":"product_cat","embeddable":true,"href":"https:\/\/www.animille.com\/fr\/wp-json\/wp\/v2\/product_cat?post=49734"},{"taxonomy":"product_tag","embeddable":true,"href":"https:\/\/www.animille.com\/fr\/wp-json\/wp\/v2\/product_tag?post=49734"}],"curies":[{"name":"wp","href":"https:\/\/api.w.org\/{rel}","templated":true}]}}