{"id":49696,"date":"2025-12-31T20:51:10","date_gmt":"2025-12-31T18:51:10","guid":{"rendered":"https:\/\/www.animille.com\/produkt\/lapki-kurze-100g\/"},"modified":"2026-03-17T12:27:38","modified_gmt":"2026-03-17T11:27:38","slug":"lapki-kurze-100g","status":"publish","type":"product","link":"https:\/\/www.animille.com\/fr\/produit\/lapki-kurze-100g\/","title":{"rendered":"\u0141apki Kurze 100g"},"content":{"rendered":"<p>Une friandise naturelle pour chien qui satisfait le besoin fondamental de m\u00e2cher. Elle est pauvre en graisses et riche en fibres pour faciliter la digestion. Id\u00e9al pour les chiens en surpoids. Produit dur.<\/p>","protected":false},"excerpt":{"rendered":"<p>Une friandise naturelle pour chien qui satisfait le besoin fondamental de m\u00e2cher. Elle est pauvre en graisses et riche en fibres pour faciliter la digestion. Id\u00e9al pour les chiens en surpoids. Produit dur.<\/p>","protected":false},"featured_media":49689,"comment_status":"open","ping_status":"closed","template":"","meta":{"_acf_changed":false},"product_brand":[],"product_cat":[15],"product_tag":[],"class_list":{"0":"post-49696","1":"product","2":"type-product","3":"status-publish","4":"has-post-thumbnail","6":"product_cat-bez-kategorii","8":"first","9":"instock","10":"taxable","11":"shipping-taxable","12":"purchasable","13":"product-type-simple"},"acf":[],"_links":{"self":[{"href":"https:\/\/www.animille.com\/fr\/wp-json\/wp\/v2\/product\/49696","targetHints":{"allow":["GET"]}}],"collection":[{"href":"https:\/\/www.animille.com\/fr\/wp-json\/wp\/v2\/product"}],"about":[{"href":"https:\/\/www.animille.com\/fr\/wp-json\/wp\/v2\/types\/product"}],"replies":[{"embeddable":true,"href":"https:\/\/www.animille.com\/fr\/wp-json\/wp\/v2\/comments?post=49696"}],"wp:featuredmedia":[{"embeddable":true,"href":"https:\/\/www.animille.com\/fr\/wp-json\/wp\/v2\/media\/49689"}],"wp:attachment":[{"href":"https:\/\/www.animille.com\/fr\/wp-json\/wp\/v2\/media?parent=49696"}],"wp:term":[{"taxonomy":"product_brand","embeddable":true,"href":"https:\/\/www.animille.com\/fr\/wp-json\/wp\/v2\/product_brand?post=49696"},{"taxonomy":"product_cat","embeddable":true,"href":"https:\/\/www.animille.com\/fr\/wp-json\/wp\/v2\/product_cat?post=49696"},{"taxonomy":"product_tag","embeddable":true,"href":"https:\/\/www.animille.com\/fr\/wp-json\/wp\/v2\/product_tag?post=49696"}],"curies":[{"name":"wp","href":"https:\/\/api.w.org\/{rel}","templated":true}]}}