{"id":49635,"date":"2025-12-31T20:50:12","date_gmt":"2025-12-31T18:50:12","guid":{"rendered":"https:\/\/www.animille.com\/produkt\/lapki-indycze-200g\/"},"modified":"2026-01-02T02:06:20","modified_gmt":"2026-01-02T00:06:20","slug":"lapki-indycze-200g","status":"publish","type":"product","link":"https:\/\/www.animille.com\/fr\/produit\/lapki-indycze-200g\/","title":{"rendered":"\u0141apki Indycze 200g"},"content":{"rendered":"<p>Przysmak dla ps\u00f3w aktywnych ras wi\u0119kszych. Suszone w optymalnych warunkach zachowuj\u0105 sk\u0142adniki od\u017cywcze wspieraj\u0105ce zdrowy uk\u0142ad kostno-stawowy oraz higien\u0119 jamy ustnej naszego pupila. Produkt twardy.<\/p>","protected":false},"excerpt":{"rendered":"<p>Przysmak dla ps\u00f3w aktywnych ras wi\u0119kszych. Suszone w optymalnych warunkach zachowuj\u0105 sk\u0142adniki od\u017cywcze wspieraj\u0105ce zdrowy uk\u0142ad kostno-stawowy oraz higien\u0119 jamy ustnej naszego pupila. Produkt twardy.<\/p>","protected":false},"featured_media":0,"comment_status":"open","ping_status":"closed","template":"","meta":{"_acf_changed":false},"product_brand":[],"product_cat":[15],"product_tag":[],"class_list":{"0":"post-49635","1":"product","2":"type-product","3":"status-publish","5":"product_cat-bez-kategorii","7":"first","8":"outofstock","9":"taxable","10":"shipping-taxable","11":"purchasable","12":"product-type-simple"},"acf":[],"_links":{"self":[{"href":"https:\/\/www.animille.com\/fr\/wp-json\/wp\/v2\/product\/49635","targetHints":{"allow":["GET"]}}],"collection":[{"href":"https:\/\/www.animille.com\/fr\/wp-json\/wp\/v2\/product"}],"about":[{"href":"https:\/\/www.animille.com\/fr\/wp-json\/wp\/v2\/types\/product"}],"replies":[{"embeddable":true,"href":"https:\/\/www.animille.com\/fr\/wp-json\/wp\/v2\/comments?post=49635"}],"wp:attachment":[{"href":"https:\/\/www.animille.com\/fr\/wp-json\/wp\/v2\/media?parent=49635"}],"wp:term":[{"taxonomy":"product_brand","embeddable":true,"href":"https:\/\/www.animille.com\/fr\/wp-json\/wp\/v2\/product_brand?post=49635"},{"taxonomy":"product_cat","embeddable":true,"href":"https:\/\/www.animille.com\/fr\/wp-json\/wp\/v2\/product_cat?post=49635"},{"taxonomy":"product_tag","embeddable":true,"href":"https:\/\/www.animille.com\/fr\/wp-json\/wp\/v2\/product_tag?post=49635"}],"curies":[{"name":"wp","href":"https:\/\/api.w.org\/{rel}","templated":true}]}}