{"id":49629,"date":"2025-12-31T20:49:59","date_gmt":"2025-12-31T18:49:59","guid":{"rendered":"https:\/\/www.animille.com\/produkt\/lotka-kurza-200g\/"},"modified":"2026-01-02T02:06:20","modified_gmt":"2026-01-02T00:06:20","slug":"lotka-kurza-200g","status":"publish","type":"product","link":"https:\/\/www.animille.com\/fr\/produit\/lotka-kurza-200g\/","title":{"rendered":"Filet de poulet 200g"},"content":{"rendered":"<p>Une friandise pour les chiens de toutes tailles et de tous poids. Une sp\u00e9cialit\u00e9 unique en raison de sa teneur \u00e9lev\u00e9e en prot\u00e9ines et en fibres et de sa faible teneur en mati\u00e8res grasses. Produit dur.<\/p>","protected":false},"excerpt":{"rendered":"<p>Une friandise pour les chiens de toutes tailles et de tous poids. Une sp\u00e9cialit\u00e9 unique en raison de sa teneur \u00e9lev\u00e9e en prot\u00e9ines et en fibres et de sa faible teneur en mati\u00e8res grasses. Produit dur.<\/p>","protected":false},"featured_media":0,"comment_status":"open","ping_status":"closed","template":"","meta":{"_acf_changed":false},"product_brand":[],"product_cat":[15],"product_tag":[],"class_list":{"0":"post-49629","1":"product","2":"type-product","3":"status-publish","5":"product_cat-bez-kategorii","7":"first","8":"instock","9":"taxable","10":"shipping-taxable","11":"purchasable","12":"product-type-simple"},"acf":[],"_links":{"self":[{"href":"https:\/\/www.animille.com\/fr\/wp-json\/wp\/v2\/product\/49629","targetHints":{"allow":["GET"]}}],"collection":[{"href":"https:\/\/www.animille.com\/fr\/wp-json\/wp\/v2\/product"}],"about":[{"href":"https:\/\/www.animille.com\/fr\/wp-json\/wp\/v2\/types\/product"}],"replies":[{"embeddable":true,"href":"https:\/\/www.animille.com\/fr\/wp-json\/wp\/v2\/comments?post=49629"}],"wp:attachment":[{"href":"https:\/\/www.animille.com\/fr\/wp-json\/wp\/v2\/media?parent=49629"}],"wp:term":[{"taxonomy":"product_brand","embeddable":true,"href":"https:\/\/www.animille.com\/fr\/wp-json\/wp\/v2\/product_brand?post=49629"},{"taxonomy":"product_cat","embeddable":true,"href":"https:\/\/www.animille.com\/fr\/wp-json\/wp\/v2\/product_cat?post=49629"},{"taxonomy":"product_tag","embeddable":true,"href":"https:\/\/www.animille.com\/fr\/wp-json\/wp\/v2\/product_tag?post=49629"}],"curies":[{"name":"wp","href":"https:\/\/api.w.org\/{rel}","templated":true}]}}