{"id":49603,"date":"2025-12-31T20:49:03","date_gmt":"2025-12-31T18:49:03","guid":{"rendered":"https:\/\/www.animille.com\/produkt\/kosc-wieprzowa-z-miesem-10szt\/"},"modified":"2026-01-02T02:06:19","modified_gmt":"2026-01-02T00:06:19","slug":"kosc-wieprzowa-z-miesem-10szt","status":"publish","type":"product","link":"https:\/\/www.animille.com\/fr\/produit\/kosc-wieprzowa-z-miesem-10szt\/","title":{"rendered":"Ko\u015b\u0107 Wieprzowa z mi\u0119sem 10szt"},"content":{"rendered":"<p>L'un des produits \u00e0 m\u00e2cher les plus populaires pour les chiens. Aide \u00e0 nettoyer les dents et \u00e0 satisfaire le besoin de m\u00e2cher. Il s'agit d'un en-cas mono-prot\u00e9ique et il est donc recommand\u00e9 pour les chiens ayant des tendances allergiques. Produit dur.<\/p>","protected":false},"excerpt":{"rendered":"<p>L'un des produits \u00e0 m\u00e2cher les plus populaires pour les chiens. Aide \u00e0 nettoyer les dents et \u00e0 satisfaire le besoin de m\u00e2cher. Il s'agit d'un en-cas mono-prot\u00e9ique et il est donc recommand\u00e9 pour les chiens ayant des tendances allergiques. Produit dur.<\/p>","protected":false},"featured_media":0,"comment_status":"open","ping_status":"closed","template":"","meta":{"_acf_changed":false},"product_brand":[],"product_cat":[15],"product_tag":[],"class_list":{"0":"post-49603","1":"product","2":"type-product","3":"status-publish","5":"product_cat-bez-kategorii","7":"first","8":"outofstock","9":"taxable","10":"shipping-taxable","11":"purchasable","12":"product-type-simple"},"acf":[],"_links":{"self":[{"href":"https:\/\/www.animille.com\/fr\/wp-json\/wp\/v2\/product\/49603","targetHints":{"allow":["GET"]}}],"collection":[{"href":"https:\/\/www.animille.com\/fr\/wp-json\/wp\/v2\/product"}],"about":[{"href":"https:\/\/www.animille.com\/fr\/wp-json\/wp\/v2\/types\/product"}],"replies":[{"embeddable":true,"href":"https:\/\/www.animille.com\/fr\/wp-json\/wp\/v2\/comments?post=49603"}],"wp:attachment":[{"href":"https:\/\/www.animille.com\/fr\/wp-json\/wp\/v2\/media?parent=49603"}],"wp:term":[{"taxonomy":"product_brand","embeddable":true,"href":"https:\/\/www.animille.com\/fr\/wp-json\/wp\/v2\/product_brand?post=49603"},{"taxonomy":"product_cat","embeddable":true,"href":"https:\/\/www.animille.com\/fr\/wp-json\/wp\/v2\/product_cat?post=49603"},{"taxonomy":"product_tag","embeddable":true,"href":"https:\/\/www.animille.com\/fr\/wp-json\/wp\/v2\/product_tag?post=49603"}],"curies":[{"name":"wp","href":"https:\/\/api.w.org\/{rel}","templated":true}]}}