{"id":49530,"date":"2025-12-31T20:47:51","date_gmt":"2025-12-31T18:47:51","guid":{"rendered":"https:\/\/www.animille.com\/produkt\/jadra-wolowe-3szt\/"},"modified":"2026-01-02T02:06:17","modified_gmt":"2026-01-02T00:06:17","slug":"jadra-wolowe-3szt","status":"publish","type":"product","link":"https:\/\/www.animille.com\/fr\/produit\/jadra-wolowe-3szt\/","title":{"rendered":"J\u0105dra Wo\u0142owe 3szt"},"content":{"rendered":"<p>Niezwyk\u0142y rarytas dla ps\u00f3w. Dzi\u0119ki procesowi powolnego suszenia zachowuj\u0105 wi\u0119kszo\u015b\u0107 mikroelement\u00f3w i sk\u0142adnik\u00f3w od\u017cywczych takie jak bia\u0142ko i proteiny. Przysmak jest bardzo aromatyczny, przez co \u017caden pies nie b\u0119dzie m\u00f3g\u0142 mu si\u0119 oprze\u0107. Produkt twardy.<\/p>","protected":false},"excerpt":{"rendered":"<p>Niezwyk\u0142y rarytas dla ps\u00f3w. Dzi\u0119ki procesowi powolnego suszenia zachowuj\u0105 wi\u0119kszo\u015b\u0107 mikroelement\u00f3w i sk\u0142adnik\u00f3w od\u017cywczych takie jak bia\u0142ko i proteiny. Przysmak jest bardzo aromatyczny, przez co \u017caden pies nie b\u0119dzie m\u00f3g\u0142 mu si\u0119 oprze\u0107. Produkt twardy.<\/p>","protected":false},"featured_media":0,"comment_status":"open","ping_status":"closed","template":"","meta":{"_acf_changed":false},"product_brand":[],"product_cat":[1241,15],"product_tag":[],"class_list":{"0":"post-49530","1":"product","2":"type-product","3":"status-publish","5":"product_cat-wolowina","6":"product_cat-bez-kategorii","8":"first","9":"outofstock","10":"taxable","11":"shipping-taxable","12":"purchasable","13":"product-type-simple"},"acf":[],"_links":{"self":[{"href":"https:\/\/www.animille.com\/fr\/wp-json\/wp\/v2\/product\/49530","targetHints":{"allow":["GET"]}}],"collection":[{"href":"https:\/\/www.animille.com\/fr\/wp-json\/wp\/v2\/product"}],"about":[{"href":"https:\/\/www.animille.com\/fr\/wp-json\/wp\/v2\/types\/product"}],"replies":[{"embeddable":true,"href":"https:\/\/www.animille.com\/fr\/wp-json\/wp\/v2\/comments?post=49530"}],"wp:attachment":[{"href":"https:\/\/www.animille.com\/fr\/wp-json\/wp\/v2\/media?parent=49530"}],"wp:term":[{"taxonomy":"product_brand","embeddable":true,"href":"https:\/\/www.animille.com\/fr\/wp-json\/wp\/v2\/product_brand?post=49530"},{"taxonomy":"product_cat","embeddable":true,"href":"https:\/\/www.animille.com\/fr\/wp-json\/wp\/v2\/product_cat?post=49530"},{"taxonomy":"product_tag","embeddable":true,"href":"https:\/\/www.animille.com\/fr\/wp-json\/wp\/v2\/product_tag?post=49530"}],"curies":[{"name":"wp","href":"https:\/\/api.w.org\/{rel}","templated":true}]}}