{"id":49516,"date":"2025-12-31T20:47:20","date_gmt":"2025-12-31T18:47:20","guid":{"rendered":"https:\/\/www.animille.com\/produkt\/filet-drobiowy-paski-2kg\/"},"modified":"2026-01-02T02:06:17","modified_gmt":"2026-01-02T00:06:17","slug":"filet-drobiowy-paski-2kg","status":"publish","type":"product","link":"https:\/\/www.animille.com\/fr\/produit\/filet-drobiowy-paski-2kg\/","title":{"rendered":"Filet Drobiowy Paski 2kg"},"content":{"rendered":"<p>Filet drobiowy w paskach to przek\u0105ska idealna do podawania ju\u017c od wieku szczeni\u0119cego. Wykonana z delikatnego mi\u0119sa, daje du\u017co rado\u015bci ma\u0142ym pupilom oraz zaspokaja ich naturaln\u0105 potrzeb\u0119 gryzienia. Produkt umiarkowanie twardy.<\/p>","protected":false},"excerpt":{"rendered":"<p>Filet drobiowy w paskach to przek\u0105ska idealna do podawania ju\u017c od wieku szczeni\u0119cego. Wykonana z delikatnego mi\u0119sa, daje du\u017co rado\u015bci ma\u0142ym pupilom oraz zaspokaja ich naturaln\u0105 potrzeb\u0119 gryzienia. Produkt umiarkowanie twardy.<\/p>","protected":false},"featured_media":0,"comment_status":"open","ping_status":"closed","template":"","meta":{"_acf_changed":false},"product_brand":[],"product_cat":[15],"product_tag":[],"class_list":{"0":"post-49516","1":"product","2":"type-product","3":"status-publish","5":"product_cat-bez-kategorii","7":"first","8":"outofstock","9":"taxable","10":"shipping-taxable","11":"purchasable","12":"product-type-simple"},"acf":[],"_links":{"self":[{"href":"https:\/\/www.animille.com\/fr\/wp-json\/wp\/v2\/product\/49516","targetHints":{"allow":["GET"]}}],"collection":[{"href":"https:\/\/www.animille.com\/fr\/wp-json\/wp\/v2\/product"}],"about":[{"href":"https:\/\/www.animille.com\/fr\/wp-json\/wp\/v2\/types\/product"}],"replies":[{"embeddable":true,"href":"https:\/\/www.animille.com\/fr\/wp-json\/wp\/v2\/comments?post=49516"}],"wp:attachment":[{"href":"https:\/\/www.animille.com\/fr\/wp-json\/wp\/v2\/media?parent=49516"}],"wp:term":[{"taxonomy":"product_brand","embeddable":true,"href":"https:\/\/www.animille.com\/fr\/wp-json\/wp\/v2\/product_brand?post=49516"},{"taxonomy":"product_cat","embeddable":true,"href":"https:\/\/www.animille.com\/fr\/wp-json\/wp\/v2\/product_cat?post=49516"},{"taxonomy":"product_tag","embeddable":true,"href":"https:\/\/www.animille.com\/fr\/wp-json\/wp\/v2\/product_tag?post=49516"}],"curies":[{"name":"wp","href":"https:\/\/api.w.org\/{rel}","templated":true}]}}