{"id":176,"date":"2025-03-06T02:21:31","date_gmt":"2025-03-06T02:21:31","guid":{"rendered":"https:\/\/www.animille.com\/?page_id=176"},"modified":"2026-03-28T23:58:35","modified_gmt":"2026-03-28T22:58:35","slug":"polityka-prywatnosci","status":"publish","type":"page","link":"https:\/\/www.animille.com\/fr\/polityka-prywatnosci\/","title":{"rendered":"Politique de confidentialit\u00e9"},"content":{"rendered":"<div data-elementor-type=\"wp-page\" data-elementor-id=\"176\" class=\"elementor elementor-176\" data-elementor-post-type=\"page\">\n\t\t\t\t<div class=\"elementor-element elementor-element-73bcde4 e-flex e-con-boxed e-con e-parent\" data-id=\"73bcde4\" data-element_type=\"container\" data-settings=\"{&quot;background_background&quot;:&quot;classic&quot;,&quot;animation&quot;:&quot;none&quot;}\">\n\t\t\t\t\t<div class=\"e-con-inner\">\n\t\t\t\t<div class=\"elementor-element elementor-element-721871d heading-title-2 elementor-widget elementor-widget-heading\" data-id=\"721871d\" data-element_type=\"widget\" data-widget_type=\"heading.default\">\n\t\t\t\t\t<h1 class=\"elementor-heading-title elementor-size-default\">Politique de confidentialit\u00e9<\/h1>\t\t\t\t<\/div>\n\t\t\t\t<div class=\"elementor-element elementor-element-3709e9f elementor-widget elementor-widget-text-editor\" data-id=\"3709e9f\" data-element_type=\"widget\" data-widget_type=\"text-editor.default\">\n\t\t\t\t\t\t\t\t\t<h2><b>La pr\u00e9sente politique de confidentialit\u00e9 d\u00e9crit la mani\u00e8re dont nous traitons les informations vous concernant, y compris les donn\u00e9es \u00e0 caract\u00e8re personnel et les cookies, ou \"t\u00e9moins de connexion\".<\/b><\/h2>\n<h2><b>1) Informations g\u00e9n\u00e9rales<\/b><\/h2>\n<ol>\n \t<li style=\"font-weight: 400;\" aria-level=\"1\"><span style=\"font-weight: 400;\">Cette politique s'applique au site web, qui fonctionne sous l'url : <a href=\"https:\/\/www.animille.com\/fr\/\">animille.com<\/a><\/span><\/li>\n \t<li style=\"font-weight: 400;\" aria-level=\"1\"><span style=\"font-weight: 400;\">Operatorem serwisu oraz Administratorem danych osobowych jest: ANIMILLE EUROPE SP\u00d3\u0141KA Z OGRANICZON\u0104 ODPOWIEDZIALNO\u015aCI\u0104 ul. TENCZY\u0143SKA nr. 1 lok. 32-566 REGULICE NIP: 6751784040 REGON: 525665813 KRS: 0001043134<\/span><\/li>\n \t<li style=\"font-weight: 400;\" aria-level=\"1\"><span style=\"font-weight: 400;\">Adresse \u00e9lectronique de contact de l'op\u00e9rateur : <\/span><a href=\"mailto:office@animille.com\"><span style=\"font-weight: 400;\">office@animille.com<\/span><\/a><span style=\"font-weight: 400;\">, t\u00e9l\u00e9phone : <a href=\"tel:+48781991888\">+48 781 991 888<\/a><\/span><\/li>\n \t<li style=\"font-weight: 400;\" aria-level=\"1\"><span style=\"font-weight: 400;\">L'op\u00e9rateur est l'administrateur de vos donn\u00e9es personnelles en ce qui concerne les donn\u00e9es que vous fournissez volontairement sur le site web.<\/span><\/li>\n \t<li style=\"font-weight: 400;\" aria-level=\"1\"><span style=\"font-weight: 400;\">Le service utilise les donn\u00e9es \u00e0 caract\u00e8re personnel aux fins suivantes :<\/span>\n<ol>\n \t<li style=\"font-weight: 400;\" aria-level=\"2\"><span style=\"font-weight: 400;\">Gestion d'une lettre d'information<\/span><\/li>\n \t<li style=\"font-weight: 400;\" aria-level=\"2\"><span style=\"font-weight: 400;\">Mener une discussion en ligne<\/span><\/li>\n \t<li style=\"font-weight: 400;\" aria-level=\"2\"><span style=\"font-weight: 400;\">Gestion d'un syst\u00e8me de petites annonces<\/span><\/li>\n \t<li style=\"font-weight: 400;\" aria-level=\"2\"><span style=\"font-weight: 400;\">Traitement des demandes de renseignements via le formulaire<\/span><\/li>\n \t<li style=\"font-weight: 400;\" aria-level=\"2\"><span style=\"font-weight: 400;\">Pr\u00e9paration, emballage, exp\u00e9dition des marchandises<\/span><\/li>\n \t<li style=\"font-weight: 400;\" aria-level=\"2\"><span style=\"font-weight: 400;\">Fourniture des services demand\u00e9s<\/span><\/li>\n \t<li style=\"font-weight: 400;\" aria-level=\"2\"><span style=\"font-weight: 400;\">Pr\u00e9sentation d'une offre ou d'une information<\/span><\/li>\n<\/ol>\n<\/li>\n \t<li style=\"font-weight: 400;\" aria-level=\"1\"><span style=\"font-weight: 400;\">Le service remplit des fonctions permettant d'obtenir des informations sur les utilisateurs et leur comportement de la mani\u00e8re suivante :<\/span>\n<ol>\n \t<li style=\"font-weight: 400;\" aria-level=\"2\"><span style=\"font-weight: 400;\">Gr\u00e2ce aux donn\u00e9es introduites volontairement dans les formulaires, qui sont introduites dans les syst\u00e8mes de l'op\u00e9rateur.<\/span><\/li>\n \t<li style=\"font-weight: 400;\" aria-level=\"2\"><span style=\"font-weight: 400;\">en stockant des t\u00e9moins de connexion (appel\u00e9s \u201ecookies\u201d) sur les appareils finaux.<\/span><\/li>\n<\/ol>\n<\/li>\n<\/ol>\n<h2><b>2. les m\u00e9thodes de protection des donn\u00e9es s\u00e9lectionn\u00e9es utilis\u00e9es par l'op\u00e9rateur<\/b><\/h2>\n<ol>\n \t<li style=\"font-weight: 400;\" aria-level=\"1\"><span style=\"font-weight: 400;\">Les sites d'introduction des donn\u00e9es personnelles et de connexion sont prot\u00e9g\u00e9s dans la couche de transmission (certificat SSL). Cela garantit que les donn\u00e9es personnelles et de connexion saisies sur le site sont crypt\u00e9es sur l'ordinateur de l'utilisateur et ne peuvent \u00eatre lues que sur le serveur cible.<\/span><\/li>\n \t<li style=\"font-weight: 400;\" aria-level=\"1\"><span style=\"font-weight: 400;\">Un \u00e9l\u00e9ment important de la protection des donn\u00e9es est la mise \u00e0 jour r\u00e9guli\u00e8re de tous les logiciels utilis\u00e9s par l'op\u00e9rateur pour traiter les donn\u00e9es \u00e0 caract\u00e8re personnel, ce qui signifie en particulier des mises \u00e0 jour r\u00e9guli\u00e8res des composants logiciels.<\/span><\/li>\n<\/ol>\n<h2><b>3. l'h\u00e9bergement<\/b><\/h2>\n<ol>\n \t<li style=\"font-weight: 400;\" aria-level=\"1\"><span style=\"font-weight: 400;\">Le site web est h\u00e9berg\u00e9 (maintenu techniquement) sur les serveurs de l'op\u00e9rateur : seohost.pl<\/span><\/li>\n \t<li style=\"font-weight: 400;\" aria-level=\"1\"><span style=\"font-weight: 400;\">La soci\u00e9t\u00e9 d'h\u00e9bergement conserve des journaux au niveau du serveur afin de garantir la fiabilit\u00e9 technique. Les journaux peuvent inclure :<\/span>\n<ul>\n \t<li style=\"font-weight: 400;\" aria-level=\"2\"><span style=\"font-weight: 400;\">les ressources sp\u00e9cifi\u00e9es par un identifiant URL (adresses des ressources demand\u00e9es - pages, fichiers),<\/span><\/li>\n \t<li style=\"font-weight: 400;\" aria-level=\"2\"><span style=\"font-weight: 400;\">le moment de l'enqu\u00eate,<\/span><\/li>\n \t<li style=\"font-weight: 400;\" aria-level=\"2\"><span style=\"font-weight: 400;\">au moment de l'envoi de la r\u00e9ponse,<\/span><\/li>\n \t<li style=\"font-weight: 400;\" aria-level=\"2\"><span style=\"font-weight: 400;\">le nom de la station cliente - identification via le protocole HTTP,<\/span><\/li>\n \t<li style=\"font-weight: 400;\" aria-level=\"2\"><span style=\"font-weight: 400;\">des informations sur les erreurs survenues au cours de l'ex\u00e9cution des transactions HTTP,<\/span><\/li>\n \t<li style=\"font-weight: 400;\" aria-level=\"2\"><span style=\"font-weight: 400;\">l'URL d'une page pr\u00e9c\u00e9demment visit\u00e9e par l'utilisateur (lien r\u00e9f\u00e9rent), dans le cas d'un lien vers le site web,<\/span><\/li>\n \t<li style=\"font-weight: 400;\" aria-level=\"2\"><span style=\"font-weight: 400;\">des informations sur le navigateur de l'utilisateur,<\/span><\/li>\n \t<li style=\"font-weight: 400;\" aria-level=\"2\"><span style=\"font-weight: 400;\">Informations sur l'adresse IP,<\/span><\/li>\n \t<li style=\"font-weight: 400;\" aria-level=\"2\"><span style=\"font-weight: 400;\">les informations diagnostiques relatives au processus d'auto-commande de services par l'interm\u00e9diaire des bureaux d'enregistrement sur le site web,<\/span><\/li>\n \t<li style=\"font-weight: 400;\" aria-level=\"2\"><span style=\"font-weight: 400;\">les informations relatives au traitement des courriers \u00e9lectroniques adress\u00e9s \u00e0 l'op\u00e9rateur et envoy\u00e9s par celui-ci.<\/span><\/li>\n<\/ul>\n<\/li>\n<\/ol>\n<h2><b>4. vos droits et des informations suppl\u00e9mentaires sur l'utilisation de vos donn\u00e9es<\/b><\/h2>\n<ol>\n \t<li style=\"font-weight: 400;\" aria-level=\"1\"><span style=\"font-weight: 400;\">Dans certaines situations, l'administrateur a le droit de transf\u00e9rer vos donn\u00e9es \u00e0 caract\u00e8re personnel \u00e0 d'autres destinataires si cela est n\u00e9cessaire \u00e0 l'ex\u00e9cution d'un contrat conclu avec vous ou au respect d'obligations incombant \u00e0 l'administrateur. Ceci s'applique \u00e0 ces groupes de destinataires :<\/span>\n<ul>\n \t<li style=\"font-weight: 400;\" aria-level=\"2\"><span style=\"font-weight: 400;\">coursiers<\/span><\/li>\n \t<li style=\"font-weight: 400;\" aria-level=\"2\"><span style=\"font-weight: 400;\">op\u00e9rateurs de paiement<\/span><\/li>\n \t<li style=\"font-weight: 400;\" aria-level=\"2\"><span style=\"font-weight: 400;\">les op\u00e9rateurs de solutions de chat en ligne<\/span><\/li>\n \t<li style=\"font-weight: 400;\" aria-level=\"2\"><span style=\"font-weight: 400;\">les employ\u00e9s et associ\u00e9s autoris\u00e9s qui utilisent les donn\u00e9es pour atteindre l'objectif du site web<\/span><\/li>\n<\/ul>\n<\/li>\n \t<li style=\"font-weight: 400;\" aria-level=\"1\"><span style=\"font-weight: 400;\">Vos donn\u00e9es personnelles sont trait\u00e9es par l'administrateur pour une dur\u00e9e n'exc\u00e9dant pas celle n\u00e9cessaire \u00e0 l'ex\u00e9cution des activit\u00e9s connexes d\u00e9finies par des r\u00e8glements distincts (par exemple, en mati\u00e8re de comptabilit\u00e9). En ce qui concerne les donn\u00e9es de marketing, les donn\u00e9es ne seront pas trait\u00e9es pendant plus de 3 ans.<\/span><\/li>\n \t<li style=\"font-weight: 400;\" aria-level=\"1\"><span style=\"font-weight: 400;\">Vous avez le droit de demander \u00e0 l'administrateur :<\/span>\n<ul>\n \t<li style=\"font-weight: 400;\" aria-level=\"2\"><span style=\"font-weight: 400;\">l'acc\u00e8s aux donn\u00e9es personnelles vous concernant,<\/span><\/li>\n \t<li style=\"font-weight: 400;\" aria-level=\"2\"><span style=\"font-weight: 400;\">leur rectification,<\/span><\/li>\n \t<li style=\"font-weight: 400;\" aria-level=\"2\"><span style=\"font-weight: 400;\">suppressions,<\/span><\/li>\n \t<li style=\"font-weight: 400;\" aria-level=\"2\"><span style=\"font-weight: 400;\">limitation du traitement,<\/span><\/li>\n \t<li style=\"font-weight: 400;\" aria-level=\"2\"><span style=\"font-weight: 400;\">et la portabilit\u00e9 des donn\u00e9es.<\/span><\/li>\n<\/ul>\n<\/li>\n \t<li style=\"font-weight: 400;\" aria-level=\"1\"><span style=\"font-weight: 400;\">Vous avez le droit de vous opposer, en ce qui concerne le traitement indiqu\u00e9 au paragraphe 3.2, au traitement des donn\u00e9es \u00e0 caract\u00e8re personnel aux fins des int\u00e9r\u00eats l\u00e9gitimes poursuivis par le responsable du traitement, y compris le profilage, le droit d'opposition ne pouvant \u00eatre exerc\u00e9 lorsqu'il existe des motifs l\u00e9gitimes valables pour le traitement qui pr\u00e9valent sur vos int\u00e9r\u00eats, droits et libert\u00e9s, en particulier la constatation, l'affirmation ou la d\u00e9fense de droits.<\/span><\/li>\n \t<li style=\"font-weight: 400;\" aria-level=\"1\"><span style=\"font-weight: 400;\">Les actions de l'administrateur peuvent faire l'objet d'une plainte aupr\u00e8s du pr\u00e9sident de l'Office pour la protection des donn\u00e9es personnelles, ul. Stawki 2, 00-193 Varsovie.<\/span><\/li>\n \t<li style=\"font-weight: 400;\" aria-level=\"1\"><span style=\"font-weight: 400;\">La fourniture de donn\u00e9es personnelles est volontaire, mais n\u00e9cessaire au fonctionnement du service.<\/span><\/li>\n \t<li style=\"font-weight: 400;\" aria-level=\"1\"><span style=\"font-weight: 400;\">La prise de d\u00e9cision automatis\u00e9e, y compris le profilage, peut \u00eatre entreprise \u00e0 votre \u00e9gard dans le but de fournir des services dans le cadre du contrat conclu et \u00e0 des fins de marketing direct par l'administrateur.<\/span><\/li>\n \t<li style=\"font-weight: 400;\" aria-level=\"1\"><span style=\"font-weight: 400;\">Les donn\u00e9es personnelles ne sont pas transf\u00e9r\u00e9es depuis des pays tiers au sens de la l\u00e9gislation sur la protection des donn\u00e9es. Cela signifie que nous ne les envoyons pas en dehors de l'Union europ\u00e9enne.<\/span><\/li>\n<\/ol>\n<h2><b>5. informations sur les formulaires<\/b><\/h2>\n<ol>\n \t<li style=\"font-weight: 400;\" aria-level=\"1\"><span style=\"font-weight: 400;\">Le site web recueille des informations fournies volontairement par l'utilisateur, y compris des donn\u00e9es personnelles le cas \u00e9ch\u00e9ant.<\/span><\/li>\n \t<li style=\"font-weight: 400;\" aria-level=\"1\"><span style=\"font-weight: 400;\">Le service peut enregistrer des informations sur les param\u00e8tres de connexion (horodatage, adresse IP).<\/span><\/li>\n \t<li style=\"font-weight: 400;\" aria-level=\"1\"><span style=\"font-weight: 400;\">Le site web peut, dans certains cas, stocker des informations permettant de relier les donn\u00e9es du formulaire \u00e0 l'adresse \u00e9lectronique de l'utilisateur qui remplit le formulaire. Dans ce cas, l'adresse \u00e9lectronique de l'utilisateur appara\u00eet dans l'url de la page contenant le formulaire.<\/span><\/li>\n \t<li style=\"font-weight: 400;\" aria-level=\"1\"><span style=\"font-weight: 400;\">Les donn\u00e9es fournies dans le formulaire sont trait\u00e9es pour la finalit\u00e9 r\u00e9sultant de la fonction du formulaire sp\u00e9cifique, par exemple pour traiter une demande de service ou un contact commercial, l'enregistrement de services, etc. \u00c0 chaque fois, le contexte et la description du formulaire vous informent clairement de l'utilisation qui en est faite.<\/span><\/li>\n<\/ol>\n<h2><b>6 Journaux de l'administrateur<\/b><\/h2>\n<ol>\n \t<li style=\"font-weight: 400;\" aria-level=\"1\"><span style=\"font-weight: 400;\">Les informations relatives au comportement de l'utilisateur sur le site web peuvent faire l'objet d'un enregistrement. Ces donn\u00e9es sont utilis\u00e9es pour l'administration du site web.<\/span><\/li>\n<\/ol>\n<h2><b>7 Techniques de marketing pertinentes<\/b><\/h2>\n<ol>\n \t<li style=\"font-weight: 400;\" aria-level=\"1\"><span style=\"font-weight: 400;\">L'op\u00e9rateur utilise l'analyse statistique du trafic du site web via Google Analytics (Google Inc., bas\u00e9 aux Etats-Unis). L'op\u00e9rateur ne transmet pas de donn\u00e9es personnelles \u00e0 l'op\u00e9rateur de ce service, mais uniquement des informations anonymes. Le service est bas\u00e9 sur l'utilisation de cookies sur le terminal de l'utilisateur. En ce qui concerne les informations sur les pr\u00e9f\u00e9rences des utilisateurs collect\u00e9es par le r\u00e9seau publicitaire de Google, l'utilisateur peut visualiser et modifier les informations r\u00e9sultant des cookies \u00e0 l'aide de l'outil suivant : https:\/\/www.google.com\/ads\/preferences\/.<\/span><\/li>\n \t<li style=\"font-weight: 400;\" aria-level=\"1\"><span style=\"font-weight: 400;\">L'op\u00e9rateur utilise des techniques de remarketing pour faire correspondre les messages publicitaires au comportement de l'utilisateur sur le site web, ce qui peut donner l'illusion que les donn\u00e9es personnelles de l'utilisateur sont utilis\u00e9es pour le suivre, mais en pratique aucune donn\u00e9e personnelle n'est transf\u00e9r\u00e9e de l'op\u00e9rateur aux op\u00e9rateurs publicitaires. L'activation des cookies est une condition technologique pr\u00e9alable \u00e0 ces activit\u00e9s.<\/span><\/li>\n \t<li style=\"font-weight: 400;\" aria-level=\"1\"><span style=\"font-weight: 400;\">L'op\u00e9rateur utilise le pixel Facebook. Cette technologie permet \u00e0 Facebook (Facebook Inc., USA) de savoir qu'une personne inscrite aupr\u00e8s de lui utilise le site web. L'op\u00e9rateur ne transmet aucune donn\u00e9e personnelle suppl\u00e9mentaire \u00e0 Facebook. Le service est bas\u00e9 sur l'utilisation de cookies sur l'appareil terminal de l'utilisateur.<\/span><\/li>\n \t<li style=\"font-weight: 400;\" aria-level=\"1\"><span style=\"font-weight: 400;\">L'op\u00e9rateur utilise une solution qui automatise le fonctionnement du site web par rapport aux utilisateurs, par exemple il peut envoyer un e-mail \u00e0 un utilisateur apr\u00e8s avoir visit\u00e9 une sous-page sp\u00e9cifique, \u00e0 condition que l'utilisateur ait accept\u00e9 de recevoir de la correspondance commerciale de la part de l'op\u00e9rateur.<\/span><\/li>\n<\/ol>\n<h2><b>8 Informations sur les cookies<\/b><\/h2>\n<ol>\n \t<li style=\"font-weight: 400;\" aria-level=\"1\"><span style=\"font-weight: 400;\">Le site web utilise des cookies.<\/span><\/li>\n \t<li style=\"font-weight: 400;\" aria-level=\"1\"><span style=\"font-weight: 400;\">Les cookies (appel\u00e9s \u201et\u00e9moins de connexion\u201d) sont des donn\u00e9es informatiques, en particulier des fichiers texte, qui sont stock\u00e9s dans l'\u00e9quipement terminal de l'utilisateur du service et qui sont destin\u00e9s \u00e0 \u00eatre utilis\u00e9s sur le site web. Les cookies contiennent g\u00e9n\u00e9ralement le nom du site web dont ils proviennent, la dur\u00e9e de leur stockage sur l'\u00e9quipement terminal et un num\u00e9ro unique.<\/span><\/li>\n \t<li style=\"font-weight: 400;\" aria-level=\"1\"><span style=\"font-weight: 400;\">L'entit\u00e9 qui place les cookies sur l'\u00e9quipement terminal de l'utilisateur du service et qui y a acc\u00e8s est l'op\u00e9rateur du service.<\/span><\/li>\n \t<li style=\"font-weight: 400;\" aria-level=\"1\"><span style=\"font-weight: 400;\">Les cookies sont utilis\u00e9s aux fins suivantes :<\/span>\n<ol>\n \t<li style=\"font-weight: 400;\" aria-level=\"2\"><span style=\"font-weight: 400;\">maintenir une session de l'utilisateur du site web (apr\u00e8s connexion), gr\u00e2ce \u00e0 laquelle l'utilisateur n'a pas \u00e0 r\u00e9introduire son login et son mot de passe sur chaque sous-page du site web ;<\/span><\/li>\n \t<li style=\"font-weight: 400;\" aria-level=\"2\"><span style=\"font-weight: 400;\">pour atteindre les objectifs \u00e9nonc\u00e9s ci-dessus dans la section \u201eTechniques essentielles de marketing\u201d ;<\/span><\/li>\n<\/ol>\n<\/li>\n \t<li style=\"font-weight: 400;\" aria-level=\"1\"><span style=\"font-weight: 400;\">Le site Web utilise deux principaux types de cookies : \u201esession\u201d (cookies de session) et \u201epermanent\u201d (cookies persistants). Les cookies \u201ede session\u201d sont des fichiers temporaires qui sont stock\u00e9s sur l'\u00e9quipement terminal de l'utilisateur jusqu'\u00e0 ce qu'il se d\u00e9connecte, quitte le site web ou \u00e9teigne le logiciel (navigateur web). Les cookies \u201epersistants\u201d sont stock\u00e9s sur l'\u00e9quipement terminal de l'utilisateur pendant la dur\u00e9e sp\u00e9cifi\u00e9e dans les param\u00e8tres des cookies ou jusqu'\u00e0 ce que l'utilisateur les supprime.<\/span><\/li>\n \t<li style=\"font-weight: 400;\" aria-level=\"1\"><span style=\"font-weight: 400;\">Les logiciels de navigation sur le web (navigateur web) permettent g\u00e9n\u00e9ralement, par d\u00e9faut, de stocker des cookies sur le terminal de l'utilisateur. Les utilisateurs du site web peuvent modifier leurs param\u00e8tres \u00e0 cet \u00e9gard. Le navigateur Internet permet de supprimer les cookies. Il est \u00e9galement possible de bloquer automatiquement les cookies. Pour plus de d\u00e9tails, veuillez vous r\u00e9f\u00e9rer \u00e0 l'aide ou \u00e0 la documentation de votre navigateur Internet.<\/span><\/li>\n \t<li style=\"font-weight: 400;\" aria-level=\"1\"><span style=\"font-weight: 400;\">Les restrictions relatives \u00e0 l'utilisation des cookies peuvent affecter certaines des fonctionnalit\u00e9s disponibles sur le site web.<\/span><\/li>\n \t<li style=\"font-weight: 400;\" aria-level=\"1\"><span style=\"font-weight: 400;\">Les cookies plac\u00e9s dans l'\u00e9quipement terminal de l'Utilisateur du Service peuvent \u00e9galement \u00eatre utilis\u00e9s par des entit\u00e9s coop\u00e9rant avec l'Op\u00e9rateur du Service, en particulier les soci\u00e9t\u00e9s : Google (Google Inc. bas\u00e9 aux Etats-Unis), Facebook (Facebook Inc. bas\u00e9 aux Etats-Unis), Twitter (Twitter Inc. bas\u00e9 aux Etats-Unis).<\/span><\/li>\n<\/ol>\n<h2><b>9. gestion des cookies - comment donner et retirer le consentement dans la pratique ?<\/b><\/h2>\n<ol>\n \t<li style=\"font-weight: 400;\" aria-level=\"1\"><span style=\"font-weight: 400;\">Si vous ne souhaitez pas recevoir de cookies, vous pouvez modifier les param\u00e8tres de votre navigateur. Nous pr\u00e9cisons que la d\u00e9sactivation des cookies essentiels aux processus d'authentification, \u00e0 la s\u00e9curit\u00e9 et au maintien des pr\u00e9f\u00e9rences de l'utilisateur peut rendre difficile, voire impossible dans des cas extr\u00eames, l'utilisation des sites web.<\/span><\/li>\n \t<li style=\"font-weight: 400;\" aria-level=\"1\"><span style=\"font-weight: 400;\">Pour g\u00e9rer vos param\u00e8tres de cookies, s\u00e9lectionnez le navigateur web que vous utilisez dans la liste ci-dessous et suivez les instructions :<\/span>\n<ul>\n \t<li style=\"font-weight: 400;\" aria-level=\"2\"><a href=\"https:\/\/support.microsoft.com\/pl-pl\/help\/10607\/microsoft-edge-view-delete-browser-history\" target=\"_blank\" rel=\"noopener\"><span style=\"font-weight: 400;\">Bord<\/span><\/a><\/li>\n \t<li style=\"font-weight: 400;\" aria-level=\"2\"><a href=\"https:\/\/support.microsoft.com\/pl-pl\/help\/278835\/how-to-delete-cookie-files-in-internet-explorer\" target=\"_blank\" rel=\"noopener\"><span style=\"font-weight: 400;\">Internet Explorer<\/span><\/a><\/li>\n \t<li style=\"font-weight: 400;\" aria-level=\"2\"><a href=\"http:\/\/support.google.com\/chrome\/bin\/answer.py?hl=pl&amp;answer=95647\" target=\"_blank\" rel=\"noopener\"><span style=\"font-weight: 400;\">Chrome<\/span><\/a><\/li>\n \t<li style=\"font-weight: 400;\" aria-level=\"2\"><a href=\"http:\/\/support.apple.com\/kb\/PH5042\" target=\"_blank\" rel=\"noopener\"><span style=\"font-weight: 400;\">Safari<\/span><\/a><\/li>\n \t<li style=\"font-weight: 400;\" aria-level=\"2\"><a href=\"http:\/\/support.mozilla.org\/pl\/kb\/W%C5%82%C4%85czanie%20i%20wy%C5%82%C4%85czanie%20obs%C5%82ugi%20ciasteczek\" target=\"_blank\" rel=\"noopener\"><span style=\"font-weight: 400;\">Firefox<\/span><\/a><\/li>\n \t<li style=\"font-weight: 400;\" aria-level=\"2\"><a href=\"http:\/\/help.opera.com\/Windows\/12.10\/pl\/cookies.html\" target=\"_blank\" rel=\"noopener\"><span style=\"font-weight: 400;\">Op\u00e9ra<\/span><\/a><\/li>\n<\/ul>\n<\/li>\n \t<li style=\"font-weight: 400;\" aria-level=\"1\"><span style=\"font-weight: 400;\">Appareils mobiles :<\/span>\n<ul>\n \t<li style=\"font-weight: 400;\" aria-level=\"2\"><a href=\"http:\/\/support.google.com\/chrome\/bin\/answer.py?hl=pl&amp;answer=95647\" target=\"_blank\" rel=\"noopener\"><span style=\"font-weight: 400;\">Android<\/span><\/a><\/li>\n \t<li style=\"font-weight: 400;\" aria-level=\"2\"><a href=\"http:\/\/support.apple.com\/kb\/HT1677?viewlocale=pl_PL\" target=\"_blank\" rel=\"noopener\"><span style=\"font-weight: 400;\">Safari (iOS)<\/span><\/a><\/li>\n \t<li style=\"font-weight: 400;\" aria-level=\"2\"><a href=\"http:\/\/www.windowsphone.com\/pl-pl\/how-to\/wp7\/web\/changing-privacy-and-other-browser-settings\" target=\"_blank\" rel=\"noopener\"><span style=\"font-weight: 400;\">Windows Phone<\/span><\/a><\/li>\n<\/ul>\n<\/li>\n<\/ol>\t\t\t\t\t\t\t\t<\/div>\n\t\t\t\t\t<\/div>\n\t\t\t\t<\/div>\n\t\t\t\t<\/div>","protected":false},"excerpt":{"rendered":"<p>Polityka prywatno\u015bci opisuje zasady przetwarzania przez nas informacji na Tw\u00f3j temat, w tym danych osobowych oraz ciasteczek, czyli tzw. cookies. 1. Informacje og\u00f3lne Niniejsza polityka dotyczy Serwisu www, funkcjonuj\u0105cego pod adresem url: animille.com Operatorem serwisu oraz Administratorem danych osobowych jest: ANIMILLE EUROPE SP\u00d3\u0141KA Z OGRANICZON\u0104 ODPOWIEDZIALNO\u015aCI\u0104 ul. TENCZY\u0143SKA nr. 1 lok. 32-566 REGULICE NIP: 6751784040 [&hellip;]<\/p>","protected":false},"author":1,"featured_media":0,"parent":0,"menu_order":0,"comment_status":"closed","ping_status":"closed","template":"","meta":{"_acf_changed":false,"footnotes":""},"class_list":["post-176","page","type-page","status-publish","hentry"],"acf":[],"_links":{"self":[{"href":"https:\/\/www.animille.com\/fr\/wp-json\/wp\/v2\/pages\/176","targetHints":{"allow":["GET"]}}],"collection":[{"href":"https:\/\/www.animille.com\/fr\/wp-json\/wp\/v2\/pages"}],"about":[{"href":"https:\/\/www.animille.com\/fr\/wp-json\/wp\/v2\/types\/page"}],"author":[{"embeddable":true,"href":"https:\/\/www.animille.com\/fr\/wp-json\/wp\/v2\/users\/1"}],"replies":[{"embeddable":true,"href":"https:\/\/www.animille.com\/fr\/wp-json\/wp\/v2\/comments?post=176"}],"version-history":[{"count":3,"href":"https:\/\/www.animille.com\/fr\/wp-json\/wp\/v2\/pages\/176\/revisions"}],"predecessor-version":[{"id":50794,"href":"https:\/\/www.animille.com\/fr\/wp-json\/wp\/v2\/pages\/176\/revisions\/50794"}],"wp:attachment":[{"href":"https:\/\/www.animille.com\/fr\/wp-json\/wp\/v2\/media?parent=176"}],"curies":[{"name":"wp","href":"https:\/\/api.w.org\/{rel}","templated":true}]}}