{"id":50344,"date":"2025-12-31T21:02:19","date_gmt":"2025-12-31T19:02:19","guid":{"rendered":"https:\/\/www.animille.com\/produkt\/zwacze-wolowe-2kg\/"},"modified":"2026-01-14T08:25:07","modified_gmt":"2026-01-14T07:25:07","slug":"zwacze-wolowe-2kg","status":"publish","type":"product","link":"https:\/\/www.animille.com\/es\/producto\/zwacze-wolowe-2kg\/","title":{"rendered":"\u017bwacze Wo\u0142owe 2kg"},"content":{"rendered":"<p>Masticables crujientes y arom\u00e1ticos para perros. Gracias a su alto contenido en oligoelementos, restablecen la flora bacteriana buena del aparato digestivo. Especialmente indicados para perros con problemas digestivos y p\u00e9rdida de apetito. Producto duro.<\/p>","protected":false},"excerpt":{"rendered":"<p>Masticables crujientes y arom\u00e1ticos para perros. Gracias a su alto contenido en oligoelementos, restablecen la flora bacteriana buena del aparato digestivo. Especialmente indicados para perros con problemas digestivos y p\u00e9rdida de apetito. Producto duro.<\/p>","protected":false},"featured_media":50337,"comment_status":"open","ping_status":"closed","template":"","meta":{"_acf_changed":false},"product_brand":[],"product_cat":[1241],"product_tag":[],"class_list":{"0":"post-50344","1":"product","2":"type-product","3":"status-publish","4":"has-post-thumbnail","6":"product_cat-wolowina","8":"first","9":"outofstock","10":"taxable","11":"shipping-taxable","12":"purchasable","13":"product-type-simple"},"acf":[],"_links":{"self":[{"href":"https:\/\/www.animille.com\/es\/wp-json\/wp\/v2\/product\/50344","targetHints":{"allow":["GET"]}}],"collection":[{"href":"https:\/\/www.animille.com\/es\/wp-json\/wp\/v2\/product"}],"about":[{"href":"https:\/\/www.animille.com\/es\/wp-json\/wp\/v2\/types\/product"}],"replies":[{"embeddable":true,"href":"https:\/\/www.animille.com\/es\/wp-json\/wp\/v2\/comments?post=50344"}],"wp:featuredmedia":[{"embeddable":true,"href":"https:\/\/www.animille.com\/es\/wp-json\/wp\/v2\/media\/50337"}],"wp:attachment":[{"href":"https:\/\/www.animille.com\/es\/wp-json\/wp\/v2\/media?parent=50344"}],"wp:term":[{"taxonomy":"product_brand","embeddable":true,"href":"https:\/\/www.animille.com\/es\/wp-json\/wp\/v2\/product_brand?post=50344"},{"taxonomy":"product_cat","embeddable":true,"href":"https:\/\/www.animille.com\/es\/wp-json\/wp\/v2\/product_cat?post=50344"},{"taxonomy":"product_tag","embeddable":true,"href":"https:\/\/www.animille.com\/es\/wp-json\/wp\/v2\/product_tag?post=50344"}],"curies":[{"name":"wp","href":"https:\/\/api.w.org\/{rel}","templated":true}]}}