{"id":50303,"date":"2025-12-31T21:01:50","date_gmt":"2025-12-31T19:01:50","guid":{"rendered":"https:\/\/www.animille.com\/produkt\/zoladki-drobiowe-2kg\/"},"modified":"2026-01-02T02:06:34","modified_gmt":"2026-01-02T00:06:34","slug":"zoladki-drobiowe-2kg","status":"publish","type":"product","link":"https:\/\/www.animille.com\/es\/producto\/zoladki-drobiowe-2kg\/","title":{"rendered":"\u017bo\u0142\u0105dki Drobiowe 2kg"},"content":{"rendered":"<p>Po\u017cywny przysmak dla ps\u00f3w r\u00f3\u017cnych rozmiar\u00f3w. Posiada wysok\u0105 ilo\u015b\u0107 bia\u0142ka oraz innych mikroelement\u00f3w, dlatego stanowi doskona\u0142e uzupe\u0142nienie codziennej diety. Produkt twardy.<\/p>","protected":false},"excerpt":{"rendered":"<p>Po\u017cywny przysmak dla ps\u00f3w r\u00f3\u017cnych rozmiar\u00f3w. Posiada wysok\u0105 ilo\u015b\u0107 bia\u0142ka oraz innych mikroelement\u00f3w, dlatego stanowi doskona\u0142e uzupe\u0142nienie codziennej diety. Produkt twardy.<\/p>","protected":false},"featured_media":0,"comment_status":"open","ping_status":"closed","template":"","meta":{"_acf_changed":false},"product_brand":[],"product_cat":[1243,1250,1253],"product_tag":[],"class_list":{"0":"post-50303","1":"product","2":"type-product","3":"status-publish","5":"product_cat-drob","6":"product_cat-kurczak","7":"product_cat-drob-koty","9":"first","10":"outofstock","11":"taxable","12":"shipping-taxable","13":"purchasable","14":"product-type-simple"},"acf":[],"_links":{"self":[{"href":"https:\/\/www.animille.com\/es\/wp-json\/wp\/v2\/product\/50303","targetHints":{"allow":["GET"]}}],"collection":[{"href":"https:\/\/www.animille.com\/es\/wp-json\/wp\/v2\/product"}],"about":[{"href":"https:\/\/www.animille.com\/es\/wp-json\/wp\/v2\/types\/product"}],"replies":[{"embeddable":true,"href":"https:\/\/www.animille.com\/es\/wp-json\/wp\/v2\/comments?post=50303"}],"wp:attachment":[{"href":"https:\/\/www.animille.com\/es\/wp-json\/wp\/v2\/media?parent=50303"}],"wp:term":[{"taxonomy":"product_brand","embeddable":true,"href":"https:\/\/www.animille.com\/es\/wp-json\/wp\/v2\/product_brand?post=50303"},{"taxonomy":"product_cat","embeddable":true,"href":"https:\/\/www.animille.com\/es\/wp-json\/wp\/v2\/product_cat?post=50303"},{"taxonomy":"product_tag","embeddable":true,"href":"https:\/\/www.animille.com\/es\/wp-json\/wp\/v2\/product_tag?post=50303"}],"curies":[{"name":"wp","href":"https:\/\/api.w.org\/{rel}","templated":true}]}}