{"id":50294,"date":"2025-12-31T21:01:39","date_gmt":"2025-12-31T19:01:39","guid":{"rendered":"https:\/\/www.animille.com\/produkt\/watroba-wolowa-500g\/"},"modified":"2026-04-12T19:25:10","modified_gmt":"2026-04-12T18:25:10","slug":"watroba-wolowa-500g","status":"publish","type":"product","link":"https:\/\/www.animille.com\/es\/producto\/watroba-wolowa-500g\/","title":{"rendered":"W\u0105troba Wo\u0142owa 500g"},"content":{"rendered":"<p>Wyj\u0105tkowa przek\u0105ska, aromatyczna i \u0142atwa do schrupania &#8211; sk\u0142ada si\u0119 z ma\u0142ych kawa\u0142k\u00f3w suszonej w\u0105tr\u00f3bki. Jest \u017ar\u00f3d\u0142em witaminy A i D oraz \u017celaza. Z powodzeniem sprawdzi si\u0119 zar\u00f3wno dla tych mniejszych, jak i wi\u0119kszych piesk\u00f3w. Produkt umiarkowanie twardy.<\/p>","protected":false},"excerpt":{"rendered":"<p>Wyj\u0105tkowa przek\u0105ska, aromatyczna i \u0142atwa do schrupania &#8211; sk\u0142ada si\u0119 z ma\u0142ych kawa\u0142k\u00f3w suszonej w\u0105tr\u00f3bki. Jest \u017ar\u00f3d\u0142em witaminy A i D oraz \u017celaza. Z powodzeniem sprawdzi si\u0119 zar\u00f3wno dla tych mniejszych, jak i wi\u0119kszych piesk\u00f3w. Produkt umiarkowanie twardy.<\/p>","protected":false},"featured_media":50287,"comment_status":"open","ping_status":"closed","template":"","meta":{"_acf_changed":false},"product_brand":[],"product_cat":[1241],"product_tag":[],"class_list":{"0":"post-50294","1":"product","2":"type-product","3":"status-publish","4":"has-post-thumbnail","6":"product_cat-wolowina","8":"first","9":"instock","10":"taxable","11":"shipping-taxable","12":"purchasable","13":"product-type-simple"},"acf":[],"_links":{"self":[{"href":"https:\/\/www.animille.com\/es\/wp-json\/wp\/v2\/product\/50294","targetHints":{"allow":["GET"]}}],"collection":[{"href":"https:\/\/www.animille.com\/es\/wp-json\/wp\/v2\/product"}],"about":[{"href":"https:\/\/www.animille.com\/es\/wp-json\/wp\/v2\/types\/product"}],"replies":[{"embeddable":true,"href":"https:\/\/www.animille.com\/es\/wp-json\/wp\/v2\/comments?post=50294"}],"wp:featuredmedia":[{"embeddable":true,"href":"https:\/\/www.animille.com\/es\/wp-json\/wp\/v2\/media\/50287"}],"wp:attachment":[{"href":"https:\/\/www.animille.com\/es\/wp-json\/wp\/v2\/media?parent=50294"}],"wp:term":[{"taxonomy":"product_brand","embeddable":true,"href":"https:\/\/www.animille.com\/es\/wp-json\/wp\/v2\/product_brand?post=50294"},{"taxonomy":"product_cat","embeddable":true,"href":"https:\/\/www.animille.com\/es\/wp-json\/wp\/v2\/product_cat?post=50294"},{"taxonomy":"product_tag","embeddable":true,"href":"https:\/\/www.animille.com\/es\/wp-json\/wp\/v2\/product_tag?post=50294"}],"curies":[{"name":"wp","href":"https:\/\/api.w.org\/{rel}","templated":true}]}}