{"id":50237,"date":"2025-12-31T21:00:57","date_gmt":"2025-12-31T19:00:57","guid":{"rendered":"https:\/\/www.animille.com\/produkt\/uszy-wolowe-pelne-z-sierscia-1szt\/"},"modified":"2026-01-02T02:06:34","modified_gmt":"2026-01-02T00:06:34","slug":"uszy-wolowe-pelne-z-sierscia-1szt","status":"publish","type":"product","link":"https:\/\/www.animille.com\/es\/producto\/uszy-wolowe-pelne-z-sierscia-1szt\/","title":{"rendered":"Uszy Wo\u0142owe Pe\u0142ne z Sier\u015bci\u0105 1szt"},"content":{"rendered":"<p>Przysmak z elementami sk\u00f3ry i sier\u015bci. Znakomite dla ps\u00f3w ras wi\u0119kszych oraz takich, kt\u00f3re preferuj\u0105 d\u0142u\u017csze chrupanie. Przek\u0105ska bogata w tkank\u0119 chrz\u0119stn\u0105 oraz witaminy D3, E i A. Oczyszcza jelita i wspomaga profilaktyk\u0119 przeciw paso\u017cytnicz\u0105 uk\u0142adu pokarmowego. Znakomicie sprawdzi si\u0119 u ps\u00f3w jedz\u0105cych traw\u0119. Produkt twardy.<\/p>","protected":false},"excerpt":{"rendered":"<p>Przysmak z elementami sk\u00f3ry i sier\u015bci. Znakomite dla ps\u00f3w ras wi\u0119kszych oraz takich, kt\u00f3re preferuj\u0105 d\u0142u\u017csze chrupanie. Przek\u0105ska bogata w tkank\u0119 chrz\u0119stn\u0105 oraz witaminy D3, E i A. Oczyszcza jelita i wspomaga profilaktyk\u0119 przeciw paso\u017cytnicz\u0105 uk\u0142adu pokarmowego. Znakomicie sprawdzi si\u0119 u ps\u00f3w jedz\u0105cych traw\u0119. Produkt twardy.<\/p>","protected":false},"featured_media":0,"comment_status":"open","ping_status":"closed","template":"","meta":{"_acf_changed":false},"product_brand":[],"product_cat":[1241],"product_tag":[],"class_list":{"0":"post-50237","1":"product","2":"type-product","3":"status-publish","5":"product_cat-wolowina","7":"first","8":"outofstock","9":"taxable","10":"shipping-taxable","11":"purchasable","12":"product-type-simple"},"acf":[],"_links":{"self":[{"href":"https:\/\/www.animille.com\/es\/wp-json\/wp\/v2\/product\/50237","targetHints":{"allow":["GET"]}}],"collection":[{"href":"https:\/\/www.animille.com\/es\/wp-json\/wp\/v2\/product"}],"about":[{"href":"https:\/\/www.animille.com\/es\/wp-json\/wp\/v2\/types\/product"}],"replies":[{"embeddable":true,"href":"https:\/\/www.animille.com\/es\/wp-json\/wp\/v2\/comments?post=50237"}],"wp:attachment":[{"href":"https:\/\/www.animille.com\/es\/wp-json\/wp\/v2\/media?parent=50237"}],"wp:term":[{"taxonomy":"product_brand","embeddable":true,"href":"https:\/\/www.animille.com\/es\/wp-json\/wp\/v2\/product_brand?post=50237"},{"taxonomy":"product_cat","embeddable":true,"href":"https:\/\/www.animille.com\/es\/wp-json\/wp\/v2\/product_cat?post=50237"},{"taxonomy":"product_tag","embeddable":true,"href":"https:\/\/www.animille.com\/es\/wp-json\/wp\/v2\/product_tag?post=50237"}],"curies":[{"name":"wp","href":"https:\/\/api.w.org\/{rel}","templated":true}]}}