{"id":50165,"date":"2025-12-31T21:00:04","date_gmt":"2025-12-31T19:00:04","guid":{"rendered":"https:\/\/www.animille.com\/produkt\/uszy-wieprzowe-50szt\/"},"modified":"2026-01-02T02:06:32","modified_gmt":"2026-01-02T00:06:32","slug":"uszy-wieprzowe-50szt","status":"publish","type":"product","link":"https:\/\/www.animille.com\/es\/producto\/uszy-wieprzowe-50szt\/","title":{"rendered":"Uszy Wieprzowe 50szt"},"content":{"rendered":"<p>Una de las golosinas m\u00e1s recomendadas por los veterinarios. Mejora la circulaci\u00f3n sangu\u00ednea en las enc\u00edas de su perro y previene la formaci\u00f3n de placa bacteriana, favoreciendo la eliminaci\u00f3n del sarro. Gracias a su textura, es una fuente de prote\u00ednas y prote\u00ednas. Producto duro.<\/p>","protected":false},"excerpt":{"rendered":"<p>Una de las golosinas m\u00e1s recomendadas por los veterinarios. Mejora la circulaci\u00f3n sangu\u00ednea en las enc\u00edas de su perro y previene la formaci\u00f3n de placa bacteriana, favoreciendo la eliminaci\u00f3n del sarro. Gracias a su textura, es una fuente de prote\u00ednas y prote\u00ednas. Producto duro.<\/p>","protected":false},"featured_media":0,"comment_status":"open","ping_status":"closed","template":"","meta":{"_acf_changed":false},"product_brand":[],"product_cat":[1242,1247],"product_tag":[],"class_list":{"0":"post-50165","1":"product","2":"type-product","3":"status-publish","5":"product_cat-wieprzowina","6":"product_cat-wieprzowina-koty","8":"first","9":"outofstock","10":"taxable","11":"shipping-taxable","12":"purchasable","13":"product-type-simple"},"acf":[],"_links":{"self":[{"href":"https:\/\/www.animille.com\/es\/wp-json\/wp\/v2\/product\/50165","targetHints":{"allow":["GET"]}}],"collection":[{"href":"https:\/\/www.animille.com\/es\/wp-json\/wp\/v2\/product"}],"about":[{"href":"https:\/\/www.animille.com\/es\/wp-json\/wp\/v2\/types\/product"}],"replies":[{"embeddable":true,"href":"https:\/\/www.animille.com\/es\/wp-json\/wp\/v2\/comments?post=50165"}],"wp:attachment":[{"href":"https:\/\/www.animille.com\/es\/wp-json\/wp\/v2\/media?parent=50165"}],"wp:term":[{"taxonomy":"product_brand","embeddable":true,"href":"https:\/\/www.animille.com\/es\/wp-json\/wp\/v2\/product_brand?post=50165"},{"taxonomy":"product_cat","embeddable":true,"href":"https:\/\/www.animille.com\/es\/wp-json\/wp\/v2\/product_cat?post=50165"},{"taxonomy":"product_tag","embeddable":true,"href":"https:\/\/www.animille.com\/es\/wp-json\/wp\/v2\/product_tag?post=50165"}],"curies":[{"name":"wp","href":"https:\/\/api.w.org\/{rel}","templated":true}]}}