{"id":50119,"date":"2025-12-31T20:59:27","date_gmt":"2025-12-31T18:59:27","guid":{"rendered":"https:\/\/www.animille.com\/produkt\/ucho-wieprzowe-srodkowe-2kg\/"},"modified":"2026-01-02T02:06:31","modified_gmt":"2026-01-02T00:06:31","slug":"ucho-wieprzowe-srodkowe-2kg","status":"publish","type":"product","link":"https:\/\/www.animille.com\/es\/producto\/ucho-wieprzowe-srodkowe-2kg\/","title":{"rendered":"Ucho Wieprzowe \u015arodkowe 2kg"},"content":{"rendered":"<p>Una golosina hecha con el cart\u00edlago del o\u00eddo medio. La forma de la golosina es irregular, por lo que supondr\u00e1 un reto para los perros. Gracias a su estructura, es una fuente de prote\u00ednas y prote\u00ednas. Producto moderadamente duro.<\/p>","protected":false},"excerpt":{"rendered":"<p>Una golosina hecha con el cart\u00edlago del o\u00eddo medio. La forma de la golosina es irregular, por lo que supondr\u00e1 un reto para los perros. Gracias a su estructura, es una fuente de prote\u00ednas y prote\u00ednas. Producto moderadamente duro.<\/p>","protected":false},"featured_media":0,"comment_status":"open","ping_status":"closed","template":"","meta":{"_acf_changed":false},"product_brand":[],"product_cat":[1242,1247],"product_tag":[],"class_list":{"0":"post-50119","1":"product","2":"type-product","3":"status-publish","5":"product_cat-wieprzowina","6":"product_cat-wieprzowina-koty","8":"first","9":"outofstock","10":"taxable","11":"shipping-taxable","12":"purchasable","13":"product-type-simple"},"acf":[],"_links":{"self":[{"href":"https:\/\/www.animille.com\/es\/wp-json\/wp\/v2\/product\/50119","targetHints":{"allow":["GET"]}}],"collection":[{"href":"https:\/\/www.animille.com\/es\/wp-json\/wp\/v2\/product"}],"about":[{"href":"https:\/\/www.animille.com\/es\/wp-json\/wp\/v2\/types\/product"}],"replies":[{"embeddable":true,"href":"https:\/\/www.animille.com\/es\/wp-json\/wp\/v2\/comments?post=50119"}],"wp:attachment":[{"href":"https:\/\/www.animille.com\/es\/wp-json\/wp\/v2\/media?parent=50119"}],"wp:term":[{"taxonomy":"product_brand","embeddable":true,"href":"https:\/\/www.animille.com\/es\/wp-json\/wp\/v2\/product_brand?post=50119"},{"taxonomy":"product_cat","embeddable":true,"href":"https:\/\/www.animille.com\/es\/wp-json\/wp\/v2\/product_cat?post=50119"},{"taxonomy":"product_tag","embeddable":true,"href":"https:\/\/www.animille.com\/es\/wp-json\/wp\/v2\/product_tag?post=50119"}],"curies":[{"name":"wp","href":"https:\/\/api.w.org\/{rel}","templated":true}]}}