{"id":49876,"date":"2025-12-31T20:56:01","date_gmt":"2025-12-31T18:56:01","guid":{"rendered":"https:\/\/www.animille.com\/produkt\/skora-wieprzowa-platy-100g\/"},"modified":"2026-04-13T09:28:06","modified_gmt":"2026-04-13T08:28:06","slug":"skora-wieprzowa-platy-100g","status":"publish","type":"product","link":"https:\/\/www.animille.com\/es\/producto\/skora-wieprzowa-platy-100g\/","title":{"rendered":"Sk\u00f3ra Wieprzowa P\u0142aty 100g"},"content":{"rendered":"<p>Los masticables de piel de cerdo se encuentran entre los masticables m\u00e1s duraderos para perros. Ricos en prolina, un amino\u00e1cido esencial para la restauraci\u00f3n del col\u00e1geno. Tanto los cachorros como los perros adultos pueden consumirlo sin problemas. Adem\u00e1s, ayuda a los perros j\u00f3venes durante el periodo de reemplazo de los dientes.<\/p>","protected":false},"excerpt":{"rendered":"<p>Los masticables de piel de cerdo se encuentran entre los masticables m\u00e1s duraderos para perros. Ricos en prolina, un amino\u00e1cido esencial para la restauraci\u00f3n del col\u00e1geno. Tanto los cachorros como los perros adultos pueden consumirlo sin problemas. Adem\u00e1s, ayuda a los perros j\u00f3venes durante el periodo de reemplazo de los dientes.<\/p>","protected":false},"featured_media":49869,"comment_status":"open","ping_status":"closed","template":"","meta":{"_acf_changed":false},"product_brand":[],"product_cat":[1242,1247,15],"product_tag":[],"class_list":{"0":"post-49876","1":"product","2":"type-product","3":"status-publish","4":"has-post-thumbnail","6":"product_cat-wieprzowina","7":"product_cat-wieprzowina-koty","8":"product_cat-bez-kategorii","10":"first","11":"instock","12":"taxable","13":"shipping-taxable","14":"purchasable","15":"product-type-simple"},"acf":[],"_links":{"self":[{"href":"https:\/\/www.animille.com\/es\/wp-json\/wp\/v2\/product\/49876","targetHints":{"allow":["GET"]}}],"collection":[{"href":"https:\/\/www.animille.com\/es\/wp-json\/wp\/v2\/product"}],"about":[{"href":"https:\/\/www.animille.com\/es\/wp-json\/wp\/v2\/types\/product"}],"replies":[{"embeddable":true,"href":"https:\/\/www.animille.com\/es\/wp-json\/wp\/v2\/comments?post=49876"}],"wp:featuredmedia":[{"embeddable":true,"href":"https:\/\/www.animille.com\/es\/wp-json\/wp\/v2\/media\/49869"}],"wp:attachment":[{"href":"https:\/\/www.animille.com\/es\/wp-json\/wp\/v2\/media?parent=49876"}],"wp:term":[{"taxonomy":"product_brand","embeddable":true,"href":"https:\/\/www.animille.com\/es\/wp-json\/wp\/v2\/product_brand?post=49876"},{"taxonomy":"product_cat","embeddable":true,"href":"https:\/\/www.animille.com\/es\/wp-json\/wp\/v2\/product_cat?post=49876"},{"taxonomy":"product_tag","embeddable":true,"href":"https:\/\/www.animille.com\/es\/wp-json\/wp\/v2\/product_tag?post=49876"}],"curies":[{"name":"wp","href":"https:\/\/api.w.org\/{rel}","templated":true}]}}