{"id":49812,"date":"2025-12-31T20:54:13","date_gmt":"2025-12-31T18:54:13","guid":{"rendered":"https:\/\/www.animille.com\/produkt\/pluca-wolowe-200g\/"},"modified":"2026-03-04T13:25:15","modified_gmt":"2026-03-04T12:25:15","slug":"pluca-wolowe-200g","status":"publish","type":"product","link":"https:\/\/www.animille.com\/es\/producto\/pluca-wolowe-200g\/","title":{"rendered":"Pulmones de ternera 200g"},"content":{"rendered":"<p>Una golosina natural y sabrosa para perros de todos los tama\u00f1os. Pueden dividirse f\u00e1cilmente en trozos m\u00e1s peque\u00f1os. Por su bajo contenido en grasa y su f\u00e1cil digestibilidad, se recomiendan tanto para perros mayores como para cachorros. Producto moderadamente firme.<\/p>","protected":false},"excerpt":{"rendered":"<p>Una golosina natural y sabrosa para perros de todos los tama\u00f1os. Pueden dividirse f\u00e1cilmente en trozos m\u00e1s peque\u00f1os. Por su bajo contenido en grasa y su f\u00e1cil digestibilidad, se recomiendan tanto para perros mayores como para cachorros. Producto moderadamente firme.<\/p>","protected":false},"featured_media":49805,"comment_status":"open","ping_status":"closed","template":"","meta":{"_acf_changed":false},"product_brand":[],"product_cat":[1241,15],"product_tag":[],"class_list":{"0":"post-49812","1":"product","2":"type-product","3":"status-publish","4":"has-post-thumbnail","6":"product_cat-wolowina","7":"product_cat-bez-kategorii","9":"first","10":"instock","11":"taxable","12":"shipping-taxable","13":"purchasable","14":"product-type-simple"},"acf":[],"_links":{"self":[{"href":"https:\/\/www.animille.com\/es\/wp-json\/wp\/v2\/product\/49812","targetHints":{"allow":["GET"]}}],"collection":[{"href":"https:\/\/www.animille.com\/es\/wp-json\/wp\/v2\/product"}],"about":[{"href":"https:\/\/www.animille.com\/es\/wp-json\/wp\/v2\/types\/product"}],"replies":[{"embeddable":true,"href":"https:\/\/www.animille.com\/es\/wp-json\/wp\/v2\/comments?post=49812"}],"wp:featuredmedia":[{"embeddable":true,"href":"https:\/\/www.animille.com\/es\/wp-json\/wp\/v2\/media\/49805"}],"wp:attachment":[{"href":"https:\/\/www.animille.com\/es\/wp-json\/wp\/v2\/media?parent=49812"}],"wp:term":[{"taxonomy":"product_brand","embeddable":true,"href":"https:\/\/www.animille.com\/es\/wp-json\/wp\/v2\/product_brand?post=49812"},{"taxonomy":"product_cat","embeddable":true,"href":"https:\/\/www.animille.com\/es\/wp-json\/wp\/v2\/product_cat?post=49812"},{"taxonomy":"product_tag","embeddable":true,"href":"https:\/\/www.animille.com\/es\/wp-json\/wp\/v2\/product_tag?post=49812"}],"curies":[{"name":"wp","href":"https:\/\/api.w.org\/{rel}","templated":true}]}}