{"id":49745,"date":"2025-12-31T20:52:21","date_gmt":"2025-12-31T18:52:21","guid":{"rendered":"https:\/\/www.animille.com\/produkt\/lapki-kurze-mix-naturalne-i-biale-50-50-500g\/"},"modified":"2026-01-02T02:06:22","modified_gmt":"2026-01-02T00:06:22","slug":"lapki-kurze-mix-naturalne-i-biale-50-50-500g","status":"publish","type":"product","link":"https:\/\/www.animille.com\/es\/producto\/lapki-kurze-mix-naturalne-i-biale-50-50-500g\/","title":{"rendered":"\u0141apki Kurze Mix naturalne i bia\u0142e 50\/50 500g"},"content":{"rendered":"<p>Posiadaj\u0105 nisk\u0105 zawarto\u015b\u0107 t\u0142uszczu oraz wysok\u0105 zawarto\u015b\u0107 w\u0142\u00f3kien, dlatego znakomicie wspomagaj\u0105 proces trawienia naszych pupili. Znakomicie nadaj\u0105 si\u0119 jako przysmak dla ps\u00f3w z nadwag\u0105. W opakowaniu znajduj\u0105 si\u0119 \u0142apki naturalne o mocniejszym aromacie oraz mniej wonne \u0142apki bia\u0142e. Produkt twardy.<\/p>","protected":false},"excerpt":{"rendered":"<p>Posiadaj\u0105 nisk\u0105 zawarto\u015b\u0107 t\u0142uszczu oraz wysok\u0105 zawarto\u015b\u0107 w\u0142\u00f3kien, dlatego znakomicie wspomagaj\u0105 proces trawienia naszych pupili. Znakomicie nadaj\u0105 si\u0119 jako przysmak dla ps\u00f3w z nadwag\u0105. W opakowaniu znajduj\u0105 si\u0119 \u0142apki naturalne o mocniejszym aromacie oraz mniej wonne \u0142apki bia\u0142e. Produkt twardy.<\/p>","protected":false},"featured_media":0,"comment_status":"open","ping_status":"closed","template":"","meta":{"_acf_changed":false},"product_brand":[],"product_cat":[15],"product_tag":[],"class_list":{"0":"post-49745","1":"product","2":"type-product","3":"status-publish","5":"product_cat-bez-kategorii","7":"first","8":"outofstock","9":"taxable","10":"shipping-taxable","11":"purchasable","12":"product-type-simple"},"acf":[],"_links":{"self":[{"href":"https:\/\/www.animille.com\/es\/wp-json\/wp\/v2\/product\/49745","targetHints":{"allow":["GET"]}}],"collection":[{"href":"https:\/\/www.animille.com\/es\/wp-json\/wp\/v2\/product"}],"about":[{"href":"https:\/\/www.animille.com\/es\/wp-json\/wp\/v2\/types\/product"}],"replies":[{"embeddable":true,"href":"https:\/\/www.animille.com\/es\/wp-json\/wp\/v2\/comments?post=49745"}],"wp:attachment":[{"href":"https:\/\/www.animille.com\/es\/wp-json\/wp\/v2\/media?parent=49745"}],"wp:term":[{"taxonomy":"product_brand","embeddable":true,"href":"https:\/\/www.animille.com\/es\/wp-json\/wp\/v2\/product_brand?post=49745"},{"taxonomy":"product_cat","embeddable":true,"href":"https:\/\/www.animille.com\/es\/wp-json\/wp\/v2\/product_cat?post=49745"},{"taxonomy":"product_tag","embeddable":true,"href":"https:\/\/www.animille.com\/es\/wp-json\/wp\/v2\/product_tag?post=49745"}],"curies":[{"name":"wp","href":"https:\/\/api.w.org\/{rel}","templated":true}]}}