{"id":49588,"date":"2025-12-31T20:48:40","date_gmt":"2025-12-31T18:48:40","guid":{"rendered":"https:\/\/www.animille.com\/produkt\/jelita-wolowe-200g\/"},"modified":"2026-01-14T16:25:09","modified_gmt":"2026-01-14T15:25:09","slug":"jelita-wolowe-200g","status":"publish","type":"product","link":"https:\/\/www.animille.com\/es\/producto\/jelita-wolowe-200g\/","title":{"rendered":"Jelita Wo\u0142owe 200g"},"content":{"rendered":"<p>Un tentempi\u00e9 sabroso y suave para perros de todos los tama\u00f1os y edades. Tiene un contenido muy alto en prote\u00ednas, lo que tiene un efecto positivo sobre la funci\u00f3n muscular. Excelente para el adiestramiento o como recompensa. Producto moderadamente firme.<\/p>","protected":false},"excerpt":{"rendered":"<p>Un tentempi\u00e9 sabroso y suave para perros de todos los tama\u00f1os y edades. Tiene un contenido muy alto en prote\u00ednas, lo que tiene un efecto positivo sobre la funci\u00f3n muscular. Excelente para el adiestramiento o como recompensa. Producto moderadamente firme.<\/p>","protected":false},"featured_media":49581,"comment_status":"open","ping_status":"closed","template":"","meta":{"_acf_changed":false},"product_brand":[],"product_cat":[1241,15],"product_tag":[],"class_list":{"0":"post-49588","1":"product","2":"type-product","3":"status-publish","4":"has-post-thumbnail","6":"product_cat-wolowina","7":"product_cat-bez-kategorii","9":"first","10":"outofstock","11":"taxable","12":"shipping-taxable","13":"purchasable","14":"product-type-simple"},"acf":[],"_links":{"self":[{"href":"https:\/\/www.animille.com\/es\/wp-json\/wp\/v2\/product\/49588","targetHints":{"allow":["GET"]}}],"collection":[{"href":"https:\/\/www.animille.com\/es\/wp-json\/wp\/v2\/product"}],"about":[{"href":"https:\/\/www.animille.com\/es\/wp-json\/wp\/v2\/types\/product"}],"replies":[{"embeddable":true,"href":"https:\/\/www.animille.com\/es\/wp-json\/wp\/v2\/comments?post=49588"}],"wp:featuredmedia":[{"embeddable":true,"href":"https:\/\/www.animille.com\/es\/wp-json\/wp\/v2\/media\/49581"}],"wp:attachment":[{"href":"https:\/\/www.animille.com\/es\/wp-json\/wp\/v2\/media?parent=49588"}],"wp:term":[{"taxonomy":"product_brand","embeddable":true,"href":"https:\/\/www.animille.com\/es\/wp-json\/wp\/v2\/product_brand?post=49588"},{"taxonomy":"product_cat","embeddable":true,"href":"https:\/\/www.animille.com\/es\/wp-json\/wp\/v2\/product_cat?post=49588"},{"taxonomy":"product_tag","embeddable":true,"href":"https:\/\/www.animille.com\/es\/wp-json\/wp\/v2\/product_tag?post=49588"}],"curies":[{"name":"wp","href":"https:\/\/api.w.org\/{rel}","templated":true}]}}