{"id":49539,"date":"2025-12-31T20:48:01","date_gmt":"2025-12-31T18:48:01","guid":{"rendered":"https:\/\/www.animille.com\/produkt\/jelita-wieprzowe-100g\/"},"modified":"2026-04-10T08:25:10","modified_gmt":"2026-04-10T07:25:10","slug":"jelita-wieprzowe-100g","status":"publish","type":"product","link":"https:\/\/www.animille.com\/es\/producto\/jelita-wieprzowe-100g\/","title":{"rendered":"Jelita Wieprzowe 100g"},"content":{"rendered":"<p>Un snack suave para perros peque\u00f1os y medianos. Es m\u00e1s blando que los masticables de intestino de buey. Tiene una alta cantidad de prote\u00ednas, por lo que son un buen complemento de la dieta. Envasamos los intestinos secos de forma colectiva. Un producto moderadamente firme.<\/p>","protected":false},"excerpt":{"rendered":"<p>Un snack suave para perros peque\u00f1os y medianos. Es m\u00e1s blando que los masticables de intestino de buey. Tiene una alta cantidad de prote\u00ednas, por lo que son un buen complemento de la dieta. Envasamos los intestinos secos de forma colectiva. Un producto moderadamente firme.<\/p>","protected":false},"featured_media":49532,"comment_status":"open","ping_status":"closed","template":"","meta":{"_acf_changed":false},"product_brand":[],"product_cat":[15,1242,1247],"product_tag":[],"class_list":{"0":"post-49539","1":"product","2":"type-product","3":"status-publish","4":"has-post-thumbnail","6":"product_cat-bez-kategorii","7":"product_cat-wieprzowina","8":"product_cat-wieprzowina-koty","10":"first","11":"instock","12":"taxable","13":"shipping-taxable","14":"purchasable","15":"product-type-simple"},"acf":[],"_links":{"self":[{"href":"https:\/\/www.animille.com\/es\/wp-json\/wp\/v2\/product\/49539","targetHints":{"allow":["GET"]}}],"collection":[{"href":"https:\/\/www.animille.com\/es\/wp-json\/wp\/v2\/product"}],"about":[{"href":"https:\/\/www.animille.com\/es\/wp-json\/wp\/v2\/types\/product"}],"replies":[{"embeddable":true,"href":"https:\/\/www.animille.com\/es\/wp-json\/wp\/v2\/comments?post=49539"}],"wp:featuredmedia":[{"embeddable":true,"href":"https:\/\/www.animille.com\/es\/wp-json\/wp\/v2\/media\/49532"}],"wp:attachment":[{"href":"https:\/\/www.animille.com\/es\/wp-json\/wp\/v2\/media?parent=49539"}],"wp:term":[{"taxonomy":"product_brand","embeddable":true,"href":"https:\/\/www.animille.com\/es\/wp-json\/wp\/v2\/product_brand?post=49539"},{"taxonomy":"product_cat","embeddable":true,"href":"https:\/\/www.animille.com\/es\/wp-json\/wp\/v2\/product_cat?post=49539"},{"taxonomy":"product_tag","embeddable":true,"href":"https:\/\/www.animille.com\/es\/wp-json\/wp\/v2\/product_tag?post=49539"}],"curies":[{"name":"wp","href":"https:\/\/api.w.org\/{rel}","templated":true}]}}