{"id":48504,"date":"2025-09-19T21:22:21","date_gmt":"2025-09-19T19:22:21","guid":{"rendered":"https:\/\/www.animille.com\/?page_id=48504"},"modified":"2025-12-12T07:31:59","modified_gmt":"2025-12-12T05:31:59","slug":"new-account-manager","status":"publish","type":"page","link":"https:\/\/www.animille.com\/es\/new-account-manager\/","title":{"rendered":"Gestor de nuevas cuentas"},"content":{"rendered":"<div data-elementor-type=\"wp-page\" data-elementor-id=\"48504\" class=\"elementor elementor-48504\" data-elementor-post-type=\"page\">\n\t\t\t\t<div class=\"elementor-element elementor-element-dbb6aa5 e-flex e-con-boxed e-con e-parent\" data-id=\"dbb6aa5\" data-element_type=\"container\" data-settings=\"{&quot;background_background&quot;:&quot;classic&quot;,&quot;animation&quot;:&quot;none&quot;}\">\n\t\t\t\t\t<div class=\"e-con-inner\">\n\t\t\t\t<div class=\"elementor-element elementor-element-4575b62 elementor-align-center elementor-mobile-align-center elementor-widget elementor-widget-button\" data-id=\"4575b62\" data-element_type=\"widget\" data-widget_type=\"button.default\">\n\t\t\t\t\t\t\t\t\t\t<a class=\"elementor-button elementor-button-link elementor-size-sm\" href=\"https:\/\/www.animille.com\/es\/oferty-pracy\/\">\n\t\t\t\t\t\t<span class=\"elementor-button-content-wrapper\">\n\t\t\t\t\t\t\t\t\t<span class=\"elementor-button-text\">Wr\u00f3\u0107 do ofert pracy<\/span>\n\t\t\t\t\t<\/span>\n\t\t\t\t\t<\/a>\n\t\t\t\t\t\t\t\t<\/div>\n\t\t\t\t<div class=\"elementor-element elementor-element-863cce7 heading-title-2 elementor-widget elementor-widget-heading\" data-id=\"863cce7\" data-element_type=\"widget\" data-widget_type=\"heading.default\">\n\t\t\t\t\t<h1 class=\"elementor-heading-title elementor-size-default\">Gestor de nuevas cuentas<\/h1>\t\t\t\t<\/div>\n\t\t\t\t<div class=\"elementor-element elementor-element-05ac66b elementor-widget elementor-widget-text-editor\" data-id=\"05ac66b\" data-element_type=\"widget\" data-widget_type=\"text-editor.default\">\n\t\t\t\t\t\t\t\t\t<p><span style=\"font-weight: 400;\">Si buscas un entorno de trabajo din\u00e1mico y est\u00e1s orientado a las relaciones, eres ambicioso, te sientes c\u00f3modo con las tareas creativas y disfrutas asumiendo nuevos retos, \u00a1te estamos buscando!<\/span><\/p><p><span style=\"font-weight: 400;\">Animille - no es s\u00f3lo deliciosos masticables y golosinas para nuestras mascotas, sino sobre todo la profunda idea de dar a nuestras mascotas lo mejor. Somos fabricantes de snacks y golosinas naturales para perros y gatos. Con la introducci\u00f3n de nuevos productos en nuestra gama, estamos ampliando nuestros mercados a los pa\u00edses europeos y a Oriente Medio. <\/span><span style=\"font-weight: 400;\"><br \/><\/span><span style=\"font-weight: 400;\">\u00bfPor qu\u00e9 unirse a nosotros?<\/span><span style=\"font-weight: 400;\"><br \/><\/span><span style=\"font-weight: 400;\">Porque somos ambiciosos, tenemos una gran planta de producci\u00f3n y mucho entusiasmo para crear golosinas de alta calidad para mascotas y m\u00e1s all\u00e1:)\u00a0<\/span><\/p><p><span style=\"font-weight: 400;\">Para nuestro equipo buscamos:\u00a0<\/span><\/p><p><b>New Account Managera<\/b><\/p><p><span style=\"font-weight: 400;\">Tus tareas:\u00a0<\/span><\/p><ul><li style=\"font-weight: 400;\" aria-level=\"1\"><span style=\"font-weight: 400;\">Aktywne pozyskiwanie nowych klient\u00f3w na terenie Polski i za granic\u0105<\/span><\/li><li style=\"font-weight: 400;\" aria-level=\"1\"><span style=\"font-weight: 400;\">Zarz\u0105dzanie wsp\u00f3\u0142prac\u0105 oraz tworzenie d\u0142ugofalowej relacji biznesowej z kluczowymi klientami<\/span><\/li><li style=\"font-weight: 400;\" aria-level=\"1\"><span style=\"font-weight: 400;\">Wsp\u00f3\u0142tworzenie wraz z dzia\u0142em marketingu kampani reklamowych<\/span><\/li><li style=\"font-weight: 400;\" aria-level=\"1\"><span style=\"font-weight: 400;\">Wsp\u00f3\u0142prac\u0105 z dzia\u0142em sprzeda\u017cy i produkcji przy budowaniu strategii rozwoju sprzeda\u017cy\u00a0<\/span><\/li><li style=\"font-weight: 400;\" aria-level=\"1\"><span style=\"font-weight: 400;\">Kompleksowa obs\u0142uga klient\u00f3w<\/span><\/li><li style=\"font-weight: 400;\" aria-level=\"1\"><span style=\"font-weight: 400;\">Wsp\u00f3\u0142praca z innymi dzia\u0142ami firmy podczas wprowadzania nowych produkt\u00f3w<\/span><\/li><li style=\"font-weight: 400;\" aria-level=\"1\"><span style=\"font-weight: 400;\">Poszukiwanie trend\u00f3w rynku zoologicznego w Polsce i Europie<\/span><\/li><\/ul><p><span style=\"font-weight: 400;\">Nuestros requisitos:\u00a0<\/span><\/p><ul><li style=\"font-weight: 400;\" aria-level=\"1\"><span style=\"font-weight: 400;\">Do\u015bwiadczenie w samodzielnym zarz\u0105dzaniu relacjami B2B z klientami w bran\u017cy FMCG, spo\u017cywczej, przetw\u00f3rczej\u00a0<\/span><\/li><li style=\"font-weight: 400;\" aria-level=\"1\"><span style=\"font-weight: 400;\">Mile widziana znajomo\u015b\u0107 bran\u017cy artyku\u0142\u00f3w dla zwierz\u0105t oraz do\u015bwiadczenie w pracy z klientem zagranicznym<\/span><\/li><li style=\"font-weight: 400;\" aria-level=\"1\"><span style=\"font-weight: 400;\">Umiej\u0119tno\u015b\u0107 pracy w MS Excel i Power Point<\/span><\/li><li style=\"font-weight: 400;\" aria-level=\"1\"><span style=\"font-weight: 400;\">Wysoko rozwini\u0119te umiej\u0119tno\u015bci sprzeda\u017cowe i negocjacyjne<\/span><\/li><li style=\"font-weight: 400;\" aria-level=\"1\"><span style=\"font-weight: 400;\">Zaanga\u017cowanie i samodzielno\u015b\u0107 podczas wykonywanych obowi\u0105zk\u00f3w<\/span><\/li><li style=\"font-weight: 400;\" aria-level=\"1\"><span style=\"font-weight: 400;\">Creatividad e ideas innovadoras<\/span><\/li><li style=\"font-weight: 400;\" aria-level=\"1\"><span style=\"font-weight: 400;\">Samodzielno\u015b\u0107 w dzia\u0142aniu i dba\u0142o\u015bci o szczeg\u00f3\u0142y<\/span><\/li><li style=\"font-weight: 400;\" aria-level=\"1\"><span style=\"font-weight: 400;\">Conocimientos de ingl\u00e9s de nivel B2 como m\u00ednimo<\/span><\/li><li style=\"font-weight: 400;\" aria-level=\"1\"><span style=\"font-weight: 400;\">Dodatkowy j\u0119zyk ( niemiecki, francuski, w\u0142oski b\u0119dzie du\u017cym atutem )\u00a0<\/span><\/li><\/ul><p><span style=\"font-weight: 400;\">Proporcionamos a nuestros empleados:\u00a0<\/span><\/p><ul><li style=\"font-weight: 400;\" aria-level=\"1\"><span style=\"font-weight: 400;\">Empleo basado en un contrato de trabajo o un contrato B2B<\/span><\/li><li style=\"font-weight: 400;\" aria-level=\"1\"><span style=\"font-weight: 400;\">Dodatkowe premie sprzeda\u017cowe<\/span><\/li><li style=\"font-weight: 400;\" aria-level=\"1\"><span style=\"font-weight: 400;\">Un lugar de trabajo estable y un equipo muy unido<\/span><\/li><li style=\"font-weight: 400;\" aria-level=\"1\"><span style=\"font-weight: 400;\">Wysok\u0105 kultur\u0119 organizacyjn\u0105<\/span><\/li><li style=\"font-weight: 400;\" aria-level=\"1\"><span style=\"font-weight: 400;\">Oportunidades de desarrollo a trav\u00e9s de la participaci\u00f3n en actividades de formaci\u00f3n, viajes a ferias y conferencias del sector.\u00a0<\/span><\/li><li style=\"font-weight: 400;\" aria-level=\"1\"><span style=\"font-weight: 400;\">Prac\u0119 w pr\u0119\u017cnie rozwijaj\u0105cej si\u0119 firmie przy ciekawych i zr\u00f3\u017cnicowanych projektach o zakresie europejskim<\/span><\/li><li style=\"font-weight: 400;\" aria-level=\"1\"><span style=\"font-weight: 400;\">Delicioso caf\u00e9 de la cafetera espresso<\/span><\/li><li style=\"font-weight: 400;\" aria-level=\"1\"><span style=\"font-weight: 400;\">Niezb\u0119dne narz\u0119dzia pracy,<\/span><\/li><li style=\"font-weight: 400;\" aria-level=\"1\"><span style=\"font-weight: 400;\">Prac\u0119 w systemie hybrydowym ( praca w biurze oraz zdalna ) <\/span><\/li><\/ul><p><span style=\"font-weight: 400;\">Presente ahora su candidatura y \u00fanase a nuestro equipo.\u00a0<\/span><\/p><p><span style=\"font-weight: 400;\">A\u00f1ada una cl\u00e1usula a su CV:\u00a0<\/span><\/p><p><span style=\"font-weight: 400;\">Consiento el tratamiento de mis datos personales para los fines necesarios para el proceso de contrataci\u00f3n (de conformidad con la Ley de Protecci\u00f3n de Datos Personales de 10 de mayo de 2018 (Bolet\u00edn Oficial de 2018, punto 1000) y de conformidad con el Reglamento (UE) 2016\/679 del Parlamento Europeo y del Consejo, de 27 de abril de 2016, relativo a la protecci\u00f3n de las personas f\u00edsicas en lo que respecta al tratamiento de datos personales y a la libre circulaci\u00f3n de estos datos y por el que se deroga la Directiva 95\/46\/CE (RODO)).<\/span><\/p>\t\t\t\t\t\t\t\t<\/div>\n\t\t\t\t<div class=\"elementor-element elementor-element-589805b elementor-align-center elementor-widget elementor-widget-button\" data-id=\"589805b\" data-element_type=\"widget\" data-widget_type=\"button.default\">\n\t\t\t\t\t\t\t\t\t\t<a class=\"elementor-button elementor-button-link elementor-size-sm\" href=\"mailto:office@animille.com\">\n\t\t\t\t\t\t<span class=\"elementor-button-content-wrapper\">\n\t\t\t\t\t\t\t\t\t<span class=\"elementor-button-text\">\u00a1Inscr\u00edbete ya!<\/span>\n\t\t\t\t\t<\/span>\n\t\t\t\t\t<\/a>\n\t\t\t\t\t\t\t\t<\/div>\n\t\t\t\t\t<\/div>\n\t\t\t\t<\/div>\n\t\t\t\t<\/div>","protected":false},"excerpt":{"rendered":"<p>Wr\u00f3\u0107 do ofert pracy Je\u015bli szukasz dynamicznego \u015brodowiska pracy i jeste\u015b zorientowany na relacje, ambitny, dobrze si\u0119 odnajdujesz w kreatywnych zadaniach oraz lubisz podejmowa\u0107 nowe wyzwania\u00a0 &#8211; szukamy w\u0142a\u015bnie Ciebie! Animille \u2013 to nie tylko pyszne gryzaki i smako\u0142yki dla naszych domowych pupili, ale przede wszystkim g\u0142\u0119boka idea, by dawa\u0107 naszym zwierzakom to, co jest [&hellip;]<\/p>","protected":false},"author":1,"featured_media":0,"parent":0,"menu_order":0,"comment_status":"closed","ping_status":"closed","template":"","meta":{"_acf_changed":false,"footnotes":""},"class_list":["post-48504","page","type-page","status-publish","hentry"],"acf":[],"_links":{"self":[{"href":"https:\/\/www.animille.com\/es\/wp-json\/wp\/v2\/pages\/48504","targetHints":{"allow":["GET"]}}],"collection":[{"href":"https:\/\/www.animille.com\/es\/wp-json\/wp\/v2\/pages"}],"about":[{"href":"https:\/\/www.animille.com\/es\/wp-json\/wp\/v2\/types\/page"}],"author":[{"embeddable":true,"href":"https:\/\/www.animille.com\/es\/wp-json\/wp\/v2\/users\/1"}],"replies":[{"embeddable":true,"href":"https:\/\/www.animille.com\/es\/wp-json\/wp\/v2\/comments?post=48504"}],"version-history":[{"count":0,"href":"https:\/\/www.animille.com\/es\/wp-json\/wp\/v2\/pages\/48504\/revisions"}],"wp:attachment":[{"href":"https:\/\/www.animille.com\/es\/wp-json\/wp\/v2\/media?parent=48504"}],"curies":[{"name":"wp","href":"https:\/\/api.w.org\/{rel}","templated":true}]}}