{"id":176,"date":"2025-03-06T02:21:31","date_gmt":"2025-03-06T02:21:31","guid":{"rendered":"https:\/\/www.animille.com\/?page_id=176"},"modified":"2026-03-28T23:58:35","modified_gmt":"2026-03-28T22:58:35","slug":"polityka-prywatnosci","status":"publish","type":"page","link":"https:\/\/www.animille.com\/es\/polityka-prywatnosci\/","title":{"rendered":"Pol\u00edtica de privacidad"},"content":{"rendered":"<div data-elementor-type=\"wp-page\" data-elementor-id=\"176\" class=\"elementor elementor-176\" data-elementor-post-type=\"page\">\n\t\t\t\t<div class=\"elementor-element elementor-element-73bcde4 e-flex e-con-boxed e-con e-parent\" data-id=\"73bcde4\" data-element_type=\"container\" data-settings=\"{&quot;background_background&quot;:&quot;classic&quot;,&quot;animation&quot;:&quot;none&quot;}\">\n\t\t\t\t\t<div class=\"e-con-inner\">\n\t\t\t\t<div class=\"elementor-element elementor-element-721871d heading-title-2 elementor-widget elementor-widget-heading\" data-id=\"721871d\" data-element_type=\"widget\" data-widget_type=\"heading.default\">\n\t\t\t\t\t<h1 class=\"elementor-heading-title elementor-size-default\">Pol\u00edtica de privacidad<\/h1>\t\t\t\t<\/div>\n\t\t\t\t<div class=\"elementor-element elementor-element-3709e9f elementor-widget elementor-widget-text-editor\" data-id=\"3709e9f\" data-element_type=\"widget\" data-widget_type=\"text-editor.default\">\n\t\t\t\t\t\t\t\t\t<h2><b>Esta pol\u00edtica de privacidad describe c\u00f3mo procesamos la informaci\u00f3n sobre usted, incluidos los datos personales y las cookies, o \"galletas\".<\/b><\/h2>\n<h2><b>1. Informaci\u00f3n general<\/b><\/h2>\n<ol>\n \t<li style=\"font-weight: 400;\" aria-level=\"1\"><span style=\"font-weight: 400;\">Esta pol\u00edtica se aplica al Sitio Web, que opera bajo la url: <a href=\"https:\/\/www.animille.com\/es\/\">animille.com<\/a><\/span><\/li>\n \t<li style=\"font-weight: 400;\" aria-level=\"1\"><span style=\"font-weight: 400;\">Operatorem serwisu oraz Administratorem danych osobowych jest: ANIMILLE EUROPE SP\u00d3\u0141KA Z OGRANICZON\u0104 ODPOWIEDZIALNO\u015aCI\u0104 ul. TENCZY\u0143SKA nr. 1 lok. 32-566 REGULICE NIP: 6751784040 REGON: 525665813 KRS: 0001043134<\/span><\/li>\n \t<li style=\"font-weight: 400;\" aria-level=\"1\"><span style=\"font-weight: 400;\">Direcci\u00f3n de correo electr\u00f3nico de contacto del operador: <\/span><a href=\"mailto:office@animille.com\"><span style=\"font-weight: 400;\">office@animille.com<\/span><\/a><span style=\"font-weight: 400;\">tel\u00e9fono: <a href=\"tel:+48781991888\">+48 781 991 888<\/a><\/span><\/li>\n \t<li style=\"font-weight: 400;\" aria-level=\"1\"><span style=\"font-weight: 400;\">El Operador es el Administrador de sus datos personales con respecto a los datos que usted facilite voluntariamente en el Sitio Web.<\/span><\/li>\n \t<li style=\"font-weight: 400;\" aria-level=\"1\"><span style=\"font-weight: 400;\">El Servicio utiliza los datos personales para los siguientes fines:<\/span>\n<ol>\n \t<li style=\"font-weight: 400;\" aria-level=\"2\"><span style=\"font-weight: 400;\">Gestionar un bolet\u00edn<\/span><\/li>\n \t<li style=\"font-weight: 400;\" aria-level=\"2\"><span style=\"font-weight: 400;\">Chat en l\u00ednea<\/span><\/li>\n \t<li style=\"font-weight: 400;\" aria-level=\"2\"><span style=\"font-weight: 400;\">Gestionar un sistema de anuncios clasificados<\/span><\/li>\n \t<li style=\"font-weight: 400;\" aria-level=\"2\"><span style=\"font-weight: 400;\">Tramitaci\u00f3n de consultas a trav\u00e9s del formulario<\/span><\/li>\n \t<li style=\"font-weight: 400;\" aria-level=\"2\"><span style=\"font-weight: 400;\">Preparaci\u00f3n, embalaje, expedici\u00f3n de mercanc\u00edas<\/span><\/li>\n \t<li style=\"font-weight: 400;\" aria-level=\"2\"><span style=\"font-weight: 400;\">Prestaci\u00f3n de los servicios solicitados<\/span><\/li>\n \t<li style=\"font-weight: 400;\" aria-level=\"2\"><span style=\"font-weight: 400;\">Presentaci\u00f3n de una oferta o informaci\u00f3n<\/span><\/li>\n<\/ol>\n<\/li>\n \t<li style=\"font-weight: 400;\" aria-level=\"1\"><span style=\"font-weight: 400;\">El servicio realiza funciones para obtener informaci\u00f3n sobre los usuarios y su comportamiento de las siguientes maneras:<\/span>\n<ol>\n \t<li style=\"font-weight: 400;\" aria-level=\"2\"><span style=\"font-weight: 400;\">A trav\u00e9s de los datos introducidos voluntariamente en los formularios, que se introducen en los sistemas del Operador.<\/span><\/li>\n \t<li style=\"font-weight: 400;\" aria-level=\"2\"><span style=\"font-weight: 400;\">Mediante el almacenamiento de cookies (las denominadas \"cookies\") en los dispositivos finales.<\/span><\/li>\n<\/ol>\n<\/li>\n<\/ol>\n<h2><b>2. M\u00e9todos seleccionados de protecci\u00f3n de datos utilizados por el Operador<\/b><\/h2>\n<ol>\n \t<li style=\"font-weight: 400;\" aria-level=\"1\"><span style=\"font-weight: 400;\">Los sitios de inicio de sesi\u00f3n e introducci\u00f3n de datos personales est\u00e1n protegidos en la capa de transmisi\u00f3n (certificado SSL). Esto garantiza que los datos personales y de inicio de sesi\u00f3n introducidos en el sitio se cifran en el ordenador del usuario y solo pueden leerse en el servidor de destino.<\/span><\/li>\n \t<li style=\"font-weight: 400;\" aria-level=\"1\"><span style=\"font-weight: 400;\">Un elemento importante de la protecci\u00f3n de datos es la actualizaci\u00f3n peri\u00f3dica de todo el software utilizado por el Operador para procesar datos personales, lo que en particular significa actualizaciones peri\u00f3dicas de los componentes del software.<\/span><\/li>\n<\/ol>\n<h2><b>3. Alojamiento<\/b><\/h2>\n<ol>\n \t<li style=\"font-weight: 400;\" aria-level=\"1\"><span style=\"font-weight: 400;\">El sitio web est\u00e1 alojado (mantenido t\u00e9cnicamente) en los servidores del operador: seohost.pl<\/span><\/li>\n \t<li style=\"font-weight: 400;\" aria-level=\"1\"><span style=\"font-weight: 400;\">La empresa de alojamiento mantiene registros a nivel de servidor para garantizar la fiabilidad t\u00e9cnica. Los registros pueden incluir:<\/span>\n<ul>\n \t<li style=\"font-weight: 400;\" aria-level=\"2\"><span style=\"font-weight: 400;\">recursos especificados por un identificador URL (direcciones de los recursos solicitados: p\u00e1ginas, archivos),<\/span><\/li>\n \t<li style=\"font-weight: 400;\" aria-level=\"2\"><span style=\"font-weight: 400;\">el momento de la investigaci\u00f3n,<\/span><\/li>\n \t<li style=\"font-weight: 400;\" aria-level=\"2\"><span style=\"font-weight: 400;\">momento de enviar la respuesta,<\/span><\/li>\n \t<li style=\"font-weight: 400;\" aria-level=\"2\"><span style=\"font-weight: 400;\">el nombre de la estaci\u00f3n cliente - identificaci\u00f3n a trav\u00e9s del protocolo HTTP,<\/span><\/li>\n \t<li style=\"font-weight: 400;\" aria-level=\"2\"><span style=\"font-weight: 400;\">informaci\u00f3n sobre los errores ocurridos durante la ejecuci\u00f3n de la transacci\u00f3n HTTP,<\/span><\/li>\n \t<li style=\"font-weight: 400;\" aria-level=\"2\"><span style=\"font-weight: 400;\">la URL de una p\u00e1gina visitada previamente por el usuario (enlace de referencia), en el caso de un enlace al Sitio Web,<\/span><\/li>\n \t<li style=\"font-weight: 400;\" aria-level=\"2\"><span style=\"font-weight: 400;\">informaci\u00f3n sobre el navegador del usuario,<\/span><\/li>\n \t<li style=\"font-weight: 400;\" aria-level=\"2\"><span style=\"font-weight: 400;\">Informaci\u00f3n sobre la direcci\u00f3n IP,<\/span><\/li>\n \t<li style=\"font-weight: 400;\" aria-level=\"2\"><span style=\"font-weight: 400;\">informaci\u00f3n de diagn\u00f3stico relacionada con el proceso de autopedido de servicios a trav\u00e9s de registradores en el sitio web,<\/span><\/li>\n \t<li style=\"font-weight: 400;\" aria-level=\"2\"><span style=\"font-weight: 400;\">informaci\u00f3n relacionada con el tratamiento de los correos electr\u00f3nicos dirigidos al Operador y enviados por \u00e9ste.<\/span><\/li>\n<\/ul>\n<\/li>\n<\/ol>\n<h2><b>4. Sus derechos e informaci\u00f3n adicional sobre el uso de sus datos<\/b><\/h2>\n<ol>\n \t<li style=\"font-weight: 400;\" aria-level=\"1\"><span style=\"font-weight: 400;\">En determinadas situaciones, el Administrador tiene derecho a transferir sus datos personales a otros destinatarios si ello es necesario para la ejecuci\u00f3n de un contrato celebrado con usted o para el cumplimiento de obligaciones que incumben al Administrador. Esto se aplica a dichos grupos de destinatarios:<\/span>\n<ul>\n \t<li style=\"font-weight: 400;\" aria-level=\"2\"><span style=\"font-weight: 400;\">mensajeros<\/span><\/li>\n \t<li style=\"font-weight: 400;\" aria-level=\"2\"><span style=\"font-weight: 400;\">operadores de pago<\/span><\/li>\n \t<li style=\"font-weight: 400;\" aria-level=\"2\"><span style=\"font-weight: 400;\">operadores de soluciones de chat en l\u00ednea<\/span><\/li>\n \t<li style=\"font-weight: 400;\" aria-level=\"2\"><span style=\"font-weight: 400;\">empleados y asociados autorizados que utilicen los datos para cumplir la finalidad del sitio web<\/span><\/li>\n<\/ul>\n<\/li>\n \t<li style=\"font-weight: 400;\" aria-level=\"1\"><span style=\"font-weight: 400;\">El administrador no tratar\u00e1 sus datos personales durante m\u00e1s tiempo del necesario para el desempe\u00f1o de las actividades relacionadas definidas por reglamentos independientes (por ejemplo, sobre contabilidad). En cuanto a los datos de marketing, no se procesar\u00e1n durante m\u00e1s de 3 a\u00f1os.<\/span><\/li>\n \t<li style=\"font-weight: 400;\" aria-level=\"1\"><span style=\"font-weight: 400;\">Tiene derecho a solicitar al Administrador:<\/span>\n<ul>\n \t<li style=\"font-weight: 400;\" aria-level=\"2\"><span style=\"font-weight: 400;\">acceso a los datos personales que le conciernen,<\/span><\/li>\n \t<li style=\"font-weight: 400;\" aria-level=\"2\"><span style=\"font-weight: 400;\">su rectificaci\u00f3n,<\/span><\/li>\n \t<li style=\"font-weight: 400;\" aria-level=\"2\"><span style=\"font-weight: 400;\">supresiones,<\/span><\/li>\n \t<li style=\"font-weight: 400;\" aria-level=\"2\"><span style=\"font-weight: 400;\">limitaci\u00f3n del tratamiento,<\/span><\/li>\n \t<li style=\"font-weight: 400;\" aria-level=\"2\"><span style=\"font-weight: 400;\">y la portabilidad de datos.<\/span><\/li>\n<\/ul>\n<\/li>\n \t<li style=\"font-weight: 400;\" aria-level=\"1\"><span style=\"font-weight: 400;\">Tiene derecho a oponerse, en relaci\u00f3n con el tratamiento indicado en el apartado 3.2, al tratamiento de datos personales a efectos de los intereses leg\u00edtimos perseguidos por el responsable del tratamiento, incluida la elaboraci\u00f3n de perfiles, sin que pueda ejercerse el derecho de oposici\u00f3n cuando existan motivos leg\u00edtimos v\u00e1lidos para el tratamiento que prevalezcan sobre sus intereses, derechos y libertades, en particular el reconocimiento, la estimaci\u00f3n o la defensa de reclamaciones.<\/span><\/li>\n \t<li style=\"font-weight: 400;\" aria-level=\"1\"><span style=\"font-weight: 400;\">La actuaci\u00f3n del Administrador podr\u00e1 ser objeto de reclamaci\u00f3n ante el Presidente de la Oficina de Protecci\u00f3n de Datos Personales, ul. Stawki 2, 00-193 Varsovia.<\/span><\/li>\n \t<li style=\"font-weight: 400;\" aria-level=\"1\"><span style=\"font-weight: 400;\">El suministro de datos personales es voluntario, pero necesario para el funcionamiento del Servicio.<\/span><\/li>\n \t<li style=\"font-weight: 400;\" aria-level=\"1\"><span style=\"font-weight: 400;\">La toma de decisiones automatizada, incluida la elaboraci\u00f3n de perfiles, puede llevarse a cabo en relaci\u00f3n con usted con el fin de prestarle servicios en virtud del contrato celebrado y con fines de marketing directo por parte del Administrador.<\/span><\/li>\n \t<li style=\"font-weight: 400;\" aria-level=\"1\"><span style=\"font-weight: 400;\">Los datos personales no se transfieren desde terceros pa\u00edses en el sentido de la legislaci\u00f3n sobre protecci\u00f3n de datos. Esto significa que no los enviamos fuera de la Uni\u00f3n Europea.<\/span><\/li>\n<\/ol>\n<h2><b>5. informaci\u00f3n en los formularios<\/b><\/h2>\n<ol>\n \t<li style=\"font-weight: 400;\" aria-level=\"1\"><span style=\"font-weight: 400;\">El sitio web recopila informaci\u00f3n facilitada voluntariamente por el usuario, incluidos datos personales cuando se facilitan.<\/span><\/li>\n \t<li style=\"font-weight: 400;\" aria-level=\"1\"><span style=\"font-weight: 400;\">El servicio puede guardar informaci\u00f3n sobre los par\u00e1metros de conexi\u00f3n (marca de tiempo, direcci\u00f3n IP).<\/span><\/li>\n \t<li style=\"font-weight: 400;\" aria-level=\"1\"><span style=\"font-weight: 400;\">En algunos casos, el sitio web puede almacenar informaci\u00f3n para ayudar a vincular los datos del formulario con la direcci\u00f3n de correo electr\u00f3nico del usuario que lo cumplimenta. En este caso, la direcci\u00f3n de correo electr\u00f3nico del usuario aparece dentro de la url de la p\u00e1gina que contiene el formulario.<\/span><\/li>\n \t<li style=\"font-weight: 400;\" aria-level=\"1\"><span style=\"font-weight: 400;\">Los datos facilitados en el formulario se procesan con la finalidad resultante de la funci\u00f3n del formulario espec\u00edfico, por ejemplo, para procesar una solicitud de servicio o contacto de ventas, registro de servicios, etc. En cada caso, el contexto y la descripci\u00f3n del formulario le informan claramente de para qu\u00e9 se utiliza.<\/span><\/li>\n<\/ol>\n<h2><b>6 Registros de administrador<\/b><\/h2>\n<ol>\n \t<li style=\"font-weight: 400;\" aria-level=\"1\"><span style=\"font-weight: 400;\">La informaci\u00f3n sobre el comportamiento del usuario en el sitio web puede ser objeto de registro. Estos datos se utilizan para la administraci\u00f3n del sitio web.<\/span><\/li>\n<\/ol>\n<h2><b>7 T\u00e9cnicas de marketing pertinentes<\/b><\/h2>\n<ol>\n \t<li style=\"font-weight: 400;\" aria-level=\"1\"><span style=\"font-weight: 400;\">El operador utiliza el an\u00e1lisis estad\u00edstico del tr\u00e1fico del sitio web a trav\u00e9s de Google Analytics (Google Inc., con sede en EE.UU.). El operador no transmite datos personales al operador de este servicio, s\u00f3lo informaci\u00f3n anonimizada. El servicio se basa en el uso de cookies en el dispositivo terminal del usuario. Con respecto a la informaci\u00f3n sobre las preferencias del usuario recopilada por la red publicitaria de Google, el usuario puede ver y editar la informaci\u00f3n resultante de las cookies utilizando la siguiente herramienta: https:\/\/www.google.com\/ads\/preferences\/.<\/span><\/li>\n \t<li style=\"font-weight: 400;\" aria-level=\"1\"><span style=\"font-weight: 400;\">El Operador utiliza t\u00e9cnicas de remarketing para hacer coincidir los mensajes publicitarios con el comportamiento del usuario en el sitio web, lo que puede dar la ilusi\u00f3n de que se est\u00e1n utilizando los datos personales del usuario para rastrearlo, pero en la pr\u00e1ctica no se transfiere ning\u00fan dato personal del Operador a los operadores publicitarios. Un requisito tecnol\u00f3gico previo para tales actividades es que las cookies est\u00e9n habilitadas.<\/span><\/li>\n \t<li style=\"font-weight: 400;\" aria-level=\"1\"><span style=\"font-weight: 400;\">El operador utiliza el p\u00edxel de Facebook. Esta tecnolog\u00eda garantiza que Facebook (Facebook Inc., EE.UU.) sepa que una persona registrada en ella est\u00e1 utilizando el Sitio Web. El operador no transmite ning\u00fan dato personal adicional a Facebook. El servicio se basa en el uso de cookies en el dispositivo terminal del usuario.<\/span><\/li>\n \t<li style=\"font-weight: 400;\" aria-level=\"1\"><span style=\"font-weight: 400;\">El Operador utiliza una soluci\u00f3n que automatiza el funcionamiento del Sitio Web en relaci\u00f3n con los usuarios, por ejemplo, puede enviar un correo electr\u00f3nico a un usuario despu\u00e9s de visitar una subp\u00e1gina espec\u00edfica, siempre que el usuario haya aceptado recibir correspondencia comercial del Operador.<\/span><\/li>\n<\/ol>\n<h2><b>8 Informaci\u00f3n sobre las cookies<\/b><\/h2>\n<ol>\n \t<li style=\"font-weight: 400;\" aria-level=\"1\"><span style=\"font-weight: 400;\">El sitio web utiliza cookies.<\/span><\/li>\n \t<li style=\"font-weight: 400;\" aria-level=\"1\"><span style=\"font-weight: 400;\">Las cookies (denominadas \"cookies\") son datos inform\u00e1ticos, en particular archivos de texto, que se almacenan en el equipo terminal del Usuario del Servicio y est\u00e1n destinados a ser utilizados en el Sitio Web. Las cookies suelen contener el nombre del sitio web del que proceden, el tiempo que permanecen almacenadas en el equipo terminal y un n\u00famero \u00fanico.<\/span><\/li>\n \t<li style=\"font-weight: 400;\" aria-level=\"1\"><span style=\"font-weight: 400;\">La entidad que coloca cookies en el equipo terminal del Usuario del Servicio y obtiene acceso a ellas es el Operador del Servicio.<\/span><\/li>\n \t<li style=\"font-weight: 400;\" aria-level=\"1\"><span style=\"font-weight: 400;\">Las cookies se utilizan para los siguientes fines:<\/span>\n<ol>\n \t<li style=\"font-weight: 400;\" aria-level=\"2\"><span style=\"font-weight: 400;\">mantener una sesi\u00f3n del usuario del Sitio Web (despu\u00e9s de iniciar sesi\u00f3n), gracias a la cual el usuario no tiene que volver a introducir su nombre de usuario y contrase\u00f1a en cada subp\u00e1gina del Sitio Web;<\/span><\/li>\n \t<li style=\"font-weight: 400;\" aria-level=\"2\"><span style=\"font-weight: 400;\">para alcanzar los objetivos expuestos en el apartado \"T\u00e9cnicas esenciales de marketing\";<\/span><\/li>\n<\/ol>\n<\/li>\n \t<li style=\"font-weight: 400;\" aria-level=\"1\"><span style=\"font-weight: 400;\">El Sitio Web utiliza dos tipos principales de cookies: \"de sesi\u00f3n\" (cookies de sesi\u00f3n) y \"permanentes\" (cookies persistentes). Las cookies de \"sesi\u00f3n\" son archivos temporales que se almacenan en el equipo terminal del Usuario hasta que se desconecta, abandona el sitio web o apaga el software (navegador web). Las cookies \"permanentes\" se almacenan en el equipo terminal del Usuario durante el tiempo especificado en los par\u00e1metros de las cookies o hasta que el Usuario las elimina.<\/span><\/li>\n \t<li style=\"font-weight: 400;\" aria-level=\"1\"><span style=\"font-weight: 400;\">El software de navegaci\u00f3n web (navegador web) suele permitir por defecto el almacenamiento de cookies en el dispositivo terminal del Usuario. Los Usuarios del Sitio Web pueden cambiar su configuraci\u00f3n a este respecto. El navegador de Internet permite eliminar las cookies. Tambi\u00e9n es posible bloquear autom\u00e1ticamente las cookies Para m\u00e1s detalles, consulte la ayuda o la documentaci\u00f3n de su navegador de Internet.<\/span><\/li>\n \t<li style=\"font-weight: 400;\" aria-level=\"1\"><span style=\"font-weight: 400;\">Las restricciones en el uso de cookies pueden afectar a algunas de las funciones disponibles en el sitio web.<\/span><\/li>\n \t<li style=\"font-weight: 400;\" aria-level=\"1\"><span style=\"font-weight: 400;\">Las cookies colocadas en el equipo terminal del Usuario del Servicio tambi\u00e9n pueden ser utilizadas por entidades que cooperan con el Operador del Servicio, en particular empresas: Google (Google Inc. con sede en Estados Unidos), Facebook (Facebook Inc. con sede en Estados Unidos), Twitter (Twitter Inc. con sede en Estados Unidos).<\/span><\/li>\n<\/ol>\n<h2><b>9. gesti\u00f3n de cookies: \u00bfc\u00f3mo dar y retirar el consentimiento en la pr\u00e1ctica?<\/b><\/h2>\n<ol>\n \t<li style=\"font-weight: 400;\" aria-level=\"1\"><span style=\"font-weight: 400;\">Si no desea recibir cookies, puede cambiar la configuraci\u00f3n de su navegador. Estipulamos que deshabilitar las cookies que son esenciales para los procesos de autenticaci\u00f3n, seguridad, mantenimiento de las preferencias del usuario puede dificultar, y en casos extremos puede imposibilitar, el uso de los sitios web<\/span><\/li>\n \t<li style=\"font-weight: 400;\" aria-level=\"1\"><span style=\"font-weight: 400;\">Para gestionar la configuraci\u00f3n de las cookies, seleccione el navegador web que utiliza de la lista siguiente y siga las instrucciones:<\/span>\n<ul>\n \t<li style=\"font-weight: 400;\" aria-level=\"2\"><a href=\"https:\/\/support.microsoft.com\/pl-pl\/help\/10607\/microsoft-edge-view-delete-browser-history\" target=\"_blank\" rel=\"noopener\"><span style=\"font-weight: 400;\">Borde<\/span><\/a><\/li>\n \t<li style=\"font-weight: 400;\" aria-level=\"2\"><a href=\"https:\/\/support.microsoft.com\/pl-pl\/help\/278835\/how-to-delete-cookie-files-in-internet-explorer\" target=\"_blank\" rel=\"noopener\"><span style=\"font-weight: 400;\">Internet Explorer<\/span><\/a><\/li>\n \t<li style=\"font-weight: 400;\" aria-level=\"2\"><a href=\"http:\/\/support.google.com\/chrome\/bin\/answer.py?hl=pl&amp;answer=95647\" target=\"_blank\" rel=\"noopener\"><span style=\"font-weight: 400;\">Cromo<\/span><\/a><\/li>\n \t<li style=\"font-weight: 400;\" aria-level=\"2\"><a href=\"http:\/\/support.apple.com\/kb\/PH5042\" target=\"_blank\" rel=\"noopener\"><span style=\"font-weight: 400;\">Safari<\/span><\/a><\/li>\n \t<li style=\"font-weight: 400;\" aria-level=\"2\"><a href=\"http:\/\/support.mozilla.org\/pl\/kb\/W%C5%82%C4%85czanie%20i%20wy%C5%82%C4%85czanie%20obs%C5%82ugi%20ciasteczek\" target=\"_blank\" rel=\"noopener\"><span style=\"font-weight: 400;\">Firefox<\/span><\/a><\/li>\n \t<li style=\"font-weight: 400;\" aria-level=\"2\"><a href=\"http:\/\/help.opera.com\/Windows\/12.10\/pl\/cookies.html\" target=\"_blank\" rel=\"noopener\"><span style=\"font-weight: 400;\">\u00d3pera<\/span><\/a><\/li>\n<\/ul>\n<\/li>\n \t<li style=\"font-weight: 400;\" aria-level=\"1\"><span style=\"font-weight: 400;\">Dispositivos m\u00f3viles:<\/span>\n<ul>\n \t<li style=\"font-weight: 400;\" aria-level=\"2\"><a href=\"http:\/\/support.google.com\/chrome\/bin\/answer.py?hl=pl&amp;answer=95647\" target=\"_blank\" rel=\"noopener\"><span style=\"font-weight: 400;\">Android<\/span><\/a><\/li>\n \t<li style=\"font-weight: 400;\" aria-level=\"2\"><a href=\"http:\/\/support.apple.com\/kb\/HT1677?viewlocale=pl_PL\" target=\"_blank\" rel=\"noopener\"><span style=\"font-weight: 400;\">Safari (iOS)<\/span><\/a><\/li>\n \t<li style=\"font-weight: 400;\" aria-level=\"2\"><a href=\"http:\/\/www.windowsphone.com\/pl-pl\/how-to\/wp7\/web\/changing-privacy-and-other-browser-settings\" target=\"_blank\" rel=\"noopener\"><span style=\"font-weight: 400;\">Windows Phone<\/span><\/a><\/li>\n<\/ul>\n<\/li>\n<\/ol>\t\t\t\t\t\t\t\t<\/div>\n\t\t\t\t\t<\/div>\n\t\t\t\t<\/div>\n\t\t\t\t<\/div>","protected":false},"excerpt":{"rendered":"<p>Polityka prywatno\u015bci opisuje zasady przetwarzania przez nas informacji na Tw\u00f3j temat, w tym danych osobowych oraz ciasteczek, czyli tzw. cookies. 1. Informacje og\u00f3lne Niniejsza polityka dotyczy Serwisu www, funkcjonuj\u0105cego pod adresem url: animille.com Operatorem serwisu oraz Administratorem danych osobowych jest: ANIMILLE EUROPE SP\u00d3\u0141KA Z OGRANICZON\u0104 ODPOWIEDZIALNO\u015aCI\u0104 ul. TENCZY\u0143SKA nr. 1 lok. 32-566 REGULICE NIP: 6751784040 [&hellip;]<\/p>","protected":false},"author":1,"featured_media":0,"parent":0,"menu_order":0,"comment_status":"closed","ping_status":"closed","template":"","meta":{"_acf_changed":false,"footnotes":""},"class_list":["post-176","page","type-page","status-publish","hentry"],"acf":[],"_links":{"self":[{"href":"https:\/\/www.animille.com\/es\/wp-json\/wp\/v2\/pages\/176","targetHints":{"allow":["GET"]}}],"collection":[{"href":"https:\/\/www.animille.com\/es\/wp-json\/wp\/v2\/pages"}],"about":[{"href":"https:\/\/www.animille.com\/es\/wp-json\/wp\/v2\/types\/page"}],"author":[{"embeddable":true,"href":"https:\/\/www.animille.com\/es\/wp-json\/wp\/v2\/users\/1"}],"replies":[{"embeddable":true,"href":"https:\/\/www.animille.com\/es\/wp-json\/wp\/v2\/comments?post=176"}],"version-history":[{"count":3,"href":"https:\/\/www.animille.com\/es\/wp-json\/wp\/v2\/pages\/176\/revisions"}],"predecessor-version":[{"id":50794,"href":"https:\/\/www.animille.com\/es\/wp-json\/wp\/v2\/pages\/176\/revisions\/50794"}],"wp:attachment":[{"href":"https:\/\/www.animille.com\/es\/wp-json\/wp\/v2\/media?parent=176"}],"curies":[{"name":"wp","href":"https:\/\/api.w.org\/{rel}","templated":true}]}}