{"id":50176,"date":"2025-12-31T21:00:15","date_gmt":"2025-12-31T19:00:15","guid":{"rendered":"https:\/\/www.animille.com\/produkt\/uszy-wieprzowe-xl-20szt\/"},"modified":"2026-01-02T02:06:32","modified_gmt":"2026-01-02T00:06:32","slug":"uszy-wieprzowe-xl-20szt","status":"publish","type":"product","link":"https:\/\/www.animille.com\/en\/product\/uszy-wieprzowe-xl-20szt\/","title":{"rendered":"Uszy Wieprzowe XL 20szt"},"content":{"rendered":"<p>Ucho wieprzowe jest jednym z najbardziej polecanych przez weterynarzy przysmak\u00f3w. Dzi\u0119ki swojej strukturze jest \u017ar\u00f3d\u0142em protein i bia\u0142ka. Wyselekcjonowane zosta\u0142y wi\u0119ksze gryzaki, kt\u00f3re s\u0105 dedykowane rasom \u015brednim i wi\u0119kszym. Produkt twardy.<\/p>","protected":false},"excerpt":{"rendered":"<p>Ucho wieprzowe jest jednym z najbardziej polecanych przez weterynarzy przysmak\u00f3w. Dzi\u0119ki swojej strukturze jest \u017ar\u00f3d\u0142em protein i bia\u0142ka. Wyselekcjonowane zosta\u0142y wi\u0119ksze gryzaki, kt\u00f3re s\u0105 dedykowane rasom \u015brednim i wi\u0119kszym. Produkt twardy.<\/p>","protected":false},"featured_media":0,"comment_status":"open","ping_status":"closed","template":"","meta":{"_acf_changed":false},"product_brand":[],"product_cat":[1242,1247],"product_tag":[],"class_list":{"0":"post-50176","1":"product","2":"type-product","3":"status-publish","5":"product_cat-wieprzowina","6":"product_cat-wieprzowina-koty","8":"first","9":"outofstock","10":"taxable","11":"shipping-taxable","12":"purchasable","13":"product-type-simple"},"acf":[],"_links":{"self":[{"href":"https:\/\/www.animille.com\/en\/wp-json\/wp\/v2\/product\/50176","targetHints":{"allow":["GET"]}}],"collection":[{"href":"https:\/\/www.animille.com\/en\/wp-json\/wp\/v2\/product"}],"about":[{"href":"https:\/\/www.animille.com\/en\/wp-json\/wp\/v2\/types\/product"}],"replies":[{"embeddable":true,"href":"https:\/\/www.animille.com\/en\/wp-json\/wp\/v2\/comments?post=50176"}],"wp:attachment":[{"href":"https:\/\/www.animille.com\/en\/wp-json\/wp\/v2\/media?parent=50176"}],"wp:term":[{"taxonomy":"product_brand","embeddable":true,"href":"https:\/\/www.animille.com\/en\/wp-json\/wp\/v2\/product_brand?post=50176"},{"taxonomy":"product_cat","embeddable":true,"href":"https:\/\/www.animille.com\/en\/wp-json\/wp\/v2\/product_cat?post=50176"},{"taxonomy":"product_tag","embeddable":true,"href":"https:\/\/www.animille.com\/en\/wp-json\/wp\/v2\/product_tag?post=50176"}],"curies":[{"name":"wp","href":"https:\/\/api.w.org\/{rel}","templated":true}]}}