{"id":50049,"date":"2025-12-31T20:58:41","date_gmt":"2025-12-31T18:58:41","guid":{"rendered":"https:\/\/www.animille.com\/produkt\/sciegna-wolowe-500g\/"},"modified":"2026-01-02T02:06:31","modified_gmt":"2026-01-02T00:06:31","slug":"sciegna-wolowe-500g","status":"publish","type":"product","link":"https:\/\/www.animille.com\/en\/product\/sciegna-wolowe-500g\/","title":{"rendered":"\u015aci\u0119gna Wo\u0142owe 500g"},"content":{"rendered":"<p>A lightweight chew for dogs of larger breeds. The fairly firm texture of the treat will provide fun for hours. Thanks to its low fat content, it is recommended to be eaten by dogs prone to overweight. Hard product.<\/p>","protected":false},"excerpt":{"rendered":"<p>A lightweight chew for dogs of larger breeds. The fairly firm texture of the treat will provide fun for hours. Thanks to its low fat content, it is recommended to be eaten by dogs prone to overweight. Hard product.<\/p>","protected":false},"featured_media":0,"comment_status":"open","ping_status":"closed","template":"","meta":{"_acf_changed":false},"product_brand":[],"product_cat":[1241],"product_tag":[],"class_list":{"0":"post-50049","1":"product","2":"type-product","3":"status-publish","5":"product_cat-wolowina","7":"first","8":"outofstock","9":"taxable","10":"shipping-taxable","11":"purchasable","12":"product-type-simple"},"acf":[],"_links":{"self":[{"href":"https:\/\/www.animille.com\/en\/wp-json\/wp\/v2\/product\/50049","targetHints":{"allow":["GET"]}}],"collection":[{"href":"https:\/\/www.animille.com\/en\/wp-json\/wp\/v2\/product"}],"about":[{"href":"https:\/\/www.animille.com\/en\/wp-json\/wp\/v2\/types\/product"}],"replies":[{"embeddable":true,"href":"https:\/\/www.animille.com\/en\/wp-json\/wp\/v2\/comments?post=50049"}],"wp:attachment":[{"href":"https:\/\/www.animille.com\/en\/wp-json\/wp\/v2\/media?parent=50049"}],"wp:term":[{"taxonomy":"product_brand","embeddable":true,"href":"https:\/\/www.animille.com\/en\/wp-json\/wp\/v2\/product_brand?post=50049"},{"taxonomy":"product_cat","embeddable":true,"href":"https:\/\/www.animille.com\/en\/wp-json\/wp\/v2\/product_cat?post=50049"},{"taxonomy":"product_tag","embeddable":true,"href":"https:\/\/www.animille.com\/en\/wp-json\/wp\/v2\/product_tag?post=50049"}],"curies":[{"name":"wp","href":"https:\/\/api.w.org\/{rel}","templated":true}]}}