{"id":49860,"date":"2025-12-31T20:55:33","date_gmt":"2025-12-31T18:55:33","guid":{"rendered":"https:\/\/www.animille.com\/produkt\/serce-wolowe-1kg\/"},"modified":"2026-01-02T02:06:27","modified_gmt":"2026-01-02T00:06:27","slug":"serce-wolowe-1kg","status":"publish","type":"product","link":"https:\/\/www.animille.com\/en\/product\/serce-wolowe-1kg\/","title":{"rendered":"Serce Wo\u0142owe 1kg"},"content":{"rendered":"<p>Naturalny i warto\u015bciowy przysmak dla ps\u00f3w ka\u017cdego rozmiaru. Jest wyj\u0105tkowo delikatny oraz \u0142atwy do strawienia nawet w momencie po\u0142kni\u0119cia wi\u0119kszego kawa\u0142ka. Z\u0142o\u017cony z mi\u0119\u015bnia, dlatego stanowi \u017ar\u00f3d\u0142o sk\u0142adnik\u00f3w od\u017cywczych, takich jak cynk, \u017celazo, fosfor, niacyna oraz bia\u0142ko. \u0141atwy do rozdrobnienia.<\/p>","protected":false},"excerpt":{"rendered":"<p>Naturalny i warto\u015bciowy przysmak dla ps\u00f3w ka\u017cdego rozmiaru. Jest wyj\u0105tkowo delikatny oraz \u0142atwy do strawienia nawet w momencie po\u0142kni\u0119cia wi\u0119kszego kawa\u0142ka. Z\u0142o\u017cony z mi\u0119\u015bnia, dlatego stanowi \u017ar\u00f3d\u0142o sk\u0142adnik\u00f3w od\u017cywczych, takich jak cynk, \u017celazo, fosfor, niacyna oraz bia\u0142ko. \u0141atwy do rozdrobnienia.<\/p>","protected":false},"featured_media":0,"comment_status":"open","ping_status":"closed","template":"","meta":{"_acf_changed":false},"product_brand":[],"product_cat":[1241,15],"product_tag":[],"class_list":{"0":"post-49860","1":"product","2":"type-product","3":"status-publish","5":"product_cat-wolowina","6":"product_cat-bez-kategorii","8":"first","9":"outofstock","10":"taxable","11":"shipping-taxable","12":"purchasable","13":"product-type-simple"},"acf":[],"_links":{"self":[{"href":"https:\/\/www.animille.com\/en\/wp-json\/wp\/v2\/product\/49860","targetHints":{"allow":["GET"]}}],"collection":[{"href":"https:\/\/www.animille.com\/en\/wp-json\/wp\/v2\/product"}],"about":[{"href":"https:\/\/www.animille.com\/en\/wp-json\/wp\/v2\/types\/product"}],"replies":[{"embeddable":true,"href":"https:\/\/www.animille.com\/en\/wp-json\/wp\/v2\/comments?post=49860"}],"wp:attachment":[{"href":"https:\/\/www.animille.com\/en\/wp-json\/wp\/v2\/media?parent=49860"}],"wp:term":[{"taxonomy":"product_brand","embeddable":true,"href":"https:\/\/www.animille.com\/en\/wp-json\/wp\/v2\/product_brand?post=49860"},{"taxonomy":"product_cat","embeddable":true,"href":"https:\/\/www.animille.com\/en\/wp-json\/wp\/v2\/product_cat?post=49860"},{"taxonomy":"product_tag","embeddable":true,"href":"https:\/\/www.animille.com\/en\/wp-json\/wp\/v2\/product_tag?post=49860"}],"curies":[{"name":"wp","href":"https:\/\/api.w.org\/{rel}","templated":true}]}}