{"id":49503,"date":"2025-12-31T20:46:50","date_gmt":"2025-12-31T18:46:50","guid":{"rendered":"https:\/\/www.animille.com\/produkt\/filet-drobiowy-duzy-100g\/"},"modified":"2026-01-02T02:06:17","modified_gmt":"2026-01-02T00:06:17","slug":"filet-drobiowy-duzy-100g","status":"publish","type":"product","link":"https:\/\/www.animille.com\/en\/product\/filet-drobiowy-duzy-100g\/","title":{"rendered":"Filet Drobiowy Du\u017cy 100g"},"content":{"rendered":"<p>Przygotowane z fileta z kurczaka k\u0105ski s\u0105 idealnym dodatkiem do psiej diety, ze wzgl\u0119du na wysok\u0105 zawarto\u015b\u0107 bia\u0142ka. Z powodzeniem znajd\u0105 uznanie czworonog\u00f3w w ka\u017cdym rozmiarze. Produkt twardy.<\/p>","protected":false},"excerpt":{"rendered":"<p>Przygotowane z fileta z kurczaka k\u0105ski s\u0105 idealnym dodatkiem do psiej diety, ze wzgl\u0119du na wysok\u0105 zawarto\u015b\u0107 bia\u0142ka. Z powodzeniem znajd\u0105 uznanie czworonog\u00f3w w ka\u017cdym rozmiarze. Produkt twardy.<\/p>","protected":false},"featured_media":0,"comment_status":"open","ping_status":"closed","template":"","meta":{"_acf_changed":false},"product_brand":[],"product_cat":[15],"product_tag":[],"class_list":{"0":"post-49503","1":"product","2":"type-product","3":"status-publish","5":"product_cat-bez-kategorii","7":"first","8":"outofstock","9":"taxable","10":"shipping-taxable","11":"purchasable","12":"product-type-simple"},"acf":[],"_links":{"self":[{"href":"https:\/\/www.animille.com\/en\/wp-json\/wp\/v2\/product\/49503","targetHints":{"allow":["GET"]}}],"collection":[{"href":"https:\/\/www.animille.com\/en\/wp-json\/wp\/v2\/product"}],"about":[{"href":"https:\/\/www.animille.com\/en\/wp-json\/wp\/v2\/types\/product"}],"replies":[{"embeddable":true,"href":"https:\/\/www.animille.com\/en\/wp-json\/wp\/v2\/comments?post=49503"}],"wp:attachment":[{"href":"https:\/\/www.animille.com\/en\/wp-json\/wp\/v2\/media?parent=49503"}],"wp:term":[{"taxonomy":"product_brand","embeddable":true,"href":"https:\/\/www.animille.com\/en\/wp-json\/wp\/v2\/product_brand?post=49503"},{"taxonomy":"product_cat","embeddable":true,"href":"https:\/\/www.animille.com\/en\/wp-json\/wp\/v2\/product_cat?post=49503"},{"taxonomy":"product_tag","embeddable":true,"href":"https:\/\/www.animille.com\/en\/wp-json\/wp\/v2\/product_tag?post=49503"}],"curies":[{"name":"wp","href":"https:\/\/api.w.org\/{rel}","templated":true}]}}