{"id":48506,"date":"2025-09-19T21:22:39","date_gmt":"2025-09-19T19:22:39","guid":{"rendered":"https:\/\/www.animille.com\/?page_id=48506"},"modified":"2025-12-12T07:33:14","modified_gmt":"2025-12-12T05:33:14","slug":"specjalista-ds-marketingu","status":"publish","type":"page","link":"https:\/\/www.animille.com\/en\/specjalista-ds-marketingu\/","title":{"rendered":"Marketing Specialist"},"content":{"rendered":"<div data-elementor-type=\"wp-page\" data-elementor-id=\"48506\" class=\"elementor elementor-48506\" data-elementor-post-type=\"page\">\n\t\t\t\t<div class=\"elementor-element elementor-element-7581eee e-flex e-con-boxed e-con e-parent\" data-id=\"7581eee\" data-element_type=\"container\" data-settings=\"{&quot;background_background&quot;:&quot;classic&quot;,&quot;animation&quot;:&quot;none&quot;}\">\n\t\t\t\t\t<div class=\"e-con-inner\">\n\t\t\t\t<div class=\"elementor-element elementor-element-58aaf54 elementor-align-center elementor-mobile-align-center elementor-widget elementor-widget-button\" data-id=\"58aaf54\" data-element_type=\"widget\" data-widget_type=\"button.default\">\n\t\t\t\t\t\t\t\t\t\t<a class=\"elementor-button elementor-button-link elementor-size-sm\" href=\"https:\/\/www.animille.com\/en\/oferty-pracy\/\">\n\t\t\t\t\t\t<span class=\"elementor-button-content-wrapper\">\n\t\t\t\t\t\t\t\t\t<span class=\"elementor-button-text\">Wr\u00f3\u0107 do ofert pracy<\/span>\n\t\t\t\t\t<\/span>\n\t\t\t\t\t<\/a>\n\t\t\t\t\t\t\t\t<\/div>\n\t\t\t\t<div class=\"elementor-element elementor-element-48b6853 heading-title-2 elementor-widget elementor-widget-heading\" data-id=\"48b6853\" data-element_type=\"widget\" data-widget_type=\"heading.default\">\n\t\t\t\t\t<h1 class=\"elementor-heading-title elementor-size-default\">Marketing Specialist<\/h1>\t\t\t\t<\/div>\n\t\t\t\t<div class=\"elementor-element elementor-element-addc0b2 elementor-widget elementor-widget-text-editor\" data-id=\"addc0b2\" data-element_type=\"widget\" data-widget_type=\"text-editor.default\">\n\t\t\t\t\t\t\t\t\t<p>lorem lorem lorem<\/p>\t\t\t\t\t\t\t\t<\/div>\n\t\t\t\t<div class=\"elementor-element elementor-element-ee2a761 elementor-align-center elementor-widget elementor-widget-button\" data-id=\"ee2a761\" data-element_type=\"widget\" data-widget_type=\"button.default\">\n\t\t\t\t\t\t\t\t\t\t<a class=\"elementor-button elementor-button-link elementor-size-sm\" href=\"mailto:office@animille.com\">\n\t\t\t\t\t\t<span class=\"elementor-button-content-wrapper\">\n\t\t\t\t\t\t\t\t\t<span class=\"elementor-button-text\">Apply now!<\/span>\n\t\t\t\t\t<\/span>\n\t\t\t\t\t<\/a>\n\t\t\t\t\t\t\t\t<\/div>\n\t\t\t\t\t<\/div>\n\t\t\t\t<\/div>\n\t\t\t\t<\/div>","protected":false},"excerpt":{"rendered":"<p>Wr\u00f3\u0107 do ofert pracy lorem lorem lorem Aplikuj ju\u017c teraz!<\/p>","protected":false},"author":1,"featured_media":0,"parent":0,"menu_order":0,"comment_status":"closed","ping_status":"closed","template":"","meta":{"_acf_changed":false,"footnotes":""},"class_list":["post-48506","page","type-page","status-publish","hentry"],"acf":[],"_links":{"self":[{"href":"https:\/\/www.animille.com\/en\/wp-json\/wp\/v2\/pages\/48506","targetHints":{"allow":["GET"]}}],"collection":[{"href":"https:\/\/www.animille.com\/en\/wp-json\/wp\/v2\/pages"}],"about":[{"href":"https:\/\/www.animille.com\/en\/wp-json\/wp\/v2\/types\/page"}],"author":[{"embeddable":true,"href":"https:\/\/www.animille.com\/en\/wp-json\/wp\/v2\/users\/1"}],"replies":[{"embeddable":true,"href":"https:\/\/www.animille.com\/en\/wp-json\/wp\/v2\/comments?post=48506"}],"version-history":[{"count":0,"href":"https:\/\/www.animille.com\/en\/wp-json\/wp\/v2\/pages\/48506\/revisions"}],"wp:attachment":[{"href":"https:\/\/www.animille.com\/en\/wp-json\/wp\/v2\/media?parent=48506"}],"curies":[{"name":"wp","href":"https:\/\/api.w.org\/{rel}","templated":true}]}}