{"id":178,"date":"2025-03-06T02:21:36","date_gmt":"2025-03-06T02:21:36","guid":{"rendered":"https:\/\/www.animille.com\/?page_id=178"},"modified":"2026-03-28T23:59:44","modified_gmt":"2026-03-28T22:59:44","slug":"zwroty-i-reklamacje","status":"publish","type":"page","link":"https:\/\/www.animille.com\/en\/zwroty-i-reklamacje\/","title":{"rendered":"Returns and complaints"},"content":{"rendered":"<div data-elementor-type=\"wp-page\" data-elementor-id=\"178\" class=\"elementor elementor-178\" data-elementor-post-type=\"page\">\n\t\t\t\t<div class=\"elementor-element elementor-element-df5cff3 e-flex e-con-boxed e-con e-parent\" data-id=\"df5cff3\" data-element_type=\"container\" data-settings=\"{&quot;background_background&quot;:&quot;classic&quot;,&quot;animation&quot;:&quot;none&quot;}\">\n\t\t\t\t\t<div class=\"e-con-inner\">\n\t\t\t\t<div class=\"elementor-element elementor-element-a7b14ab heading-title-2 elementor-widget elementor-widget-heading\" data-id=\"a7b14ab\" data-element_type=\"widget\" data-widget_type=\"heading.default\">\n\t\t\t\t\t<h1 class=\"elementor-heading-title elementor-size-default\">Returns and complaints<\/h1>\t\t\t\t<\/div>\n\t\t\t\t<div class=\"elementor-element elementor-element-12b5678 elementor-widget elementor-widget-text-editor\" data-id=\"12b5678\" data-element_type=\"widget\" data-widget_type=\"text-editor.default\">\n\t\t\t\t\t\t\t\t\t<h2><b>INFORMATION ON EXERCISING YOUR RIGHT OF WITHDRAWAL<\/b><\/h2><h3><b>Right of withdrawal:<\/b><\/h3><p><span style=\"font-weight: 400;\">You have the right to withdraw from this contract within 14 days without giving any reason. The withdrawal period expires after 14 days from the day on which you took possession of the item or on which a third party other than the carrier and indicated by you took possession of the item.<\/span><\/p><p><span style=\"font-weight: 400;\">The returned product should be in an undamaged condition. In case of damage or excessive wear, the seller may reduce the amount of the return accordingly.<\/span><\/p><p><span style=\"font-weight: 400;\">The right of withdrawal does not apply to custom-made or expressly personalized products that were made to your specifications.<\/span><\/p><p><span style=\"font-weight: 400;\">To exercise your right of withdrawal, you must inform us of your decision to withdraw from this contract by an unequivocal statement (for example, a letter sent by mail or e-mail to the address: <a href=\"mailto:office@animille.com\">office@animille.com<\/a>).<\/span><\/p><p><span style=\"font-weight: 400;\">In order to comply with the withdrawal period, it is sufficient for you to send information regarding the exercise of your right of withdrawal before the expiry of the withdrawal period.<\/span><\/p><h3><b>Effects of withdrawal:<\/b><\/h3><p><span style=\"font-weight: 400;\">In the event of cancellation of this contract, we will return to you all payments received from you (except for the additional costs resulting from the delivery method chosen by you other than the cheapest ordinary delivery method offered by us), immediately and in any case no later than 14 days from the day on which we received the product return parcel. We will refund the payment using the same means of payment that you used in the original transaction, unless you have expressly agreed otherwise.<\/span><\/p><p><span style=\"font-weight: 400;\">We may withhold reimbursement until you receive the item or until you provide us with proof of return, whichever event occurs first.<\/span><span style=\"font-weight: 400;\"><br \/><\/span><span style=\"font-weight: 400;\">Please send back or hand over the item to us immediately, and in any case no later than 14 days from the day you informed us of your withdrawal from this contract. The deadline is met if you send the thing back before the expiration of the 14-day period.<\/span><\/p><p><span style=\"font-weight: 400;\">You will have to bear the direct costs of returning the goods.<\/span><\/p><h2><b>Complaints<\/b><\/h2><p><span style=\"font-weight: 400;\">In the event that the goods do not conform to the contract, the customer may request a complaint in the form of:<\/span><span style=\"font-weight: 400;\"><br \/><\/span><span style=\"font-weight: 400;\">1. bring the goods into conformity with the contract by repairing them free of charge,<\/span><span style=\"font-weight: 400;\"><br \/><\/span><span style=\"font-weight: 400;\">2. replacement with a new one,<\/span><span style=\"font-weight: 400;\"><br \/><\/span><span style=\"font-weight: 400;\">3. an appropriate price reduction or withdrawal from the contract (refund of money and Goods) in case repair or replacement is impossible or requires excessive costs.<\/span><\/p><p><span style=\"font-weight: 400;\">IMPORTANT: The customer loses the possibility to complain about the goods if he does not notify the Seller before the expiry of 2 months from the discovery of non-conformity of the goods with the contract.<\/span><\/p><p><span style=\"font-weight: 400;\">By this time, you must notify the Seller by e-mail of your intention to claim the goods by completing, signing and sending a scan of the goods claim form to the following address <a href=\"mailto:office@animille.com\">office@animille.com<\/a><\/span><\/p><p><span style=\"font-weight: 400;\">The cost of returning the goods to the Seller shall be borne by the Consumer.<\/span><\/p><p><span style=\"font-weight: 400;\">The method of packaging and transportation of returned goods should correspond to the characteristics of the item. The product should be properly packed and secured (please wrap the box in paper and only then stick it together with tape). Goods damaged during transport due to improper protection of the shipment by the customer are not subject to return\/exchange.<\/span><\/p><p><span style=\"font-weight: 400;\">The seller within 14 days, from the date of receipt of the package with the claimed goods, will consider the complaint of the goods.<\/span><\/p><p><span style=\"font-weight: 400;\">Transaction refunds are made by bank transfer to the account number provided in the goods return form.<\/span><\/p><p><span style=\"font-weight: 400;\">IMPORTANT: The seller does not accept cash-on-delivery packages and packages sent by parcel machine.<\/span><\/p><h2><b>Complaint address<\/b><\/h2><p><span style=\"font-weight: 400;\">ANIMILLE EUROPE,<\/span><span style=\"font-weight: 400;\"><br \/><\/span><span style=\"font-weight: 400;\">ul. TENCZY\u0143SKA nr. 1 lok.<br \/>32-566 REGULICE<br \/><\/span><\/p>\t\t\t\t\t\t\t\t<\/div>\n\t\t\t\t\t<\/div>\n\t\t\t\t<\/div>\n\t\t\t\t<\/div>","protected":false},"excerpt":{"rendered":"<p>INFORMACJE DOTYCZ\u0104CE KORZYSTANIA Z PRAWA ODST\u0104PIENIA OD UMOWY Prawo odst\u0105pienia od umowy: Maj\u0105 Pa\u0144stwo prawo odst\u0105pi\u0107 od niniejszej umowy w terminie 14 dni bez podania jakiejkolwiek przyczyny. Termin do odst\u0105pienia od umowy wygasa po up\u0142ywie 14 dni od dnia, w kt\u00f3rym weszli Pa\u0144stwo w posiadanie rzeczy lub w kt\u00f3rym osoba trzecia inna ni\u017c przewo\u017anik i [&hellip;]<\/p>","protected":false},"author":1,"featured_media":0,"parent":0,"menu_order":0,"comment_status":"closed","ping_status":"closed","template":"","meta":{"_acf_changed":false,"footnotes":""},"class_list":["post-178","page","type-page","status-publish","hentry"],"acf":[],"_links":{"self":[{"href":"https:\/\/www.animille.com\/en\/wp-json\/wp\/v2\/pages\/178","targetHints":{"allow":["GET"]}}],"collection":[{"href":"https:\/\/www.animille.com\/en\/wp-json\/wp\/v2\/pages"}],"about":[{"href":"https:\/\/www.animille.com\/en\/wp-json\/wp\/v2\/types\/page"}],"author":[{"embeddable":true,"href":"https:\/\/www.animille.com\/en\/wp-json\/wp\/v2\/users\/1"}],"replies":[{"embeddable":true,"href":"https:\/\/www.animille.com\/en\/wp-json\/wp\/v2\/comments?post=178"}],"version-history":[{"count":6,"href":"https:\/\/www.animille.com\/en\/wp-json\/wp\/v2\/pages\/178\/revisions"}],"predecessor-version":[{"id":50803,"href":"https:\/\/www.animille.com\/en\/wp-json\/wp\/v2\/pages\/178\/revisions\/50803"}],"wp:attachment":[{"href":"https:\/\/www.animille.com\/en\/wp-json\/wp\/v2\/media?parent=178"}],"curies":[{"name":"wp","href":"https:\/\/api.w.org\/{rel}","templated":true}]}}