{"id":176,"date":"2025-03-06T02:21:31","date_gmt":"2025-03-06T02:21:31","guid":{"rendered":"https:\/\/www.animille.com\/?page_id=176"},"modified":"2026-03-28T23:58:35","modified_gmt":"2026-03-28T22:58:35","slug":"polityka-prywatnosci","status":"publish","type":"page","link":"https:\/\/www.animille.com\/en\/polityka-prywatnosci\/","title":{"rendered":"Privacy Policy"},"content":{"rendered":"<div data-elementor-type=\"wp-page\" data-elementor-id=\"176\" class=\"elementor elementor-176\" data-elementor-post-type=\"page\">\n\t\t\t\t<div class=\"elementor-element elementor-element-73bcde4 e-flex e-con-boxed e-con e-parent\" data-id=\"73bcde4\" data-element_type=\"container\" data-settings=\"{&quot;background_background&quot;:&quot;classic&quot;,&quot;animation&quot;:&quot;none&quot;}\">\n\t\t\t\t\t<div class=\"e-con-inner\">\n\t\t\t\t<div class=\"elementor-element elementor-element-721871d heading-title-2 elementor-widget elementor-widget-heading\" data-id=\"721871d\" data-element_type=\"widget\" data-widget_type=\"heading.default\">\n\t\t\t\t\t<h1 class=\"elementor-heading-title elementor-size-default\">Privacy Policy<\/h1>\t\t\t\t<\/div>\n\t\t\t\t<div class=\"elementor-element elementor-element-3709e9f elementor-widget elementor-widget-text-editor\" data-id=\"3709e9f\" data-element_type=\"widget\" data-widget_type=\"text-editor.default\">\n\t\t\t\t\t\t\t\t\t<h2><b>This privacy policy describes how we process information about you, including personal information and cookies, or \"cookies.<\/b><\/h2>\n<h2><b>1. general information<\/b><\/h2>\n<ol>\n \t<li style=\"font-weight: 400;\" aria-level=\"1\"><span style=\"font-weight: 400;\">This policy applies to the Website, operating at the url: <a href=\"https:\/\/www.animille.com\/en\/\">animille.com<\/a><\/span><\/li>\n \t<li style=\"font-weight: 400;\" aria-level=\"1\"><span style=\"font-weight: 400;\">Operatorem serwisu oraz Administratorem danych osobowych jest: ANIMILLE EUROPE SP\u00d3\u0141KA Z OGRANICZON\u0104 ODPOWIEDZIALNO\u015aCI\u0104 ul. TENCZY\u0143SKA nr. 1 lok. 32-566 REGULICE NIP: 6751784040 REGON: 525665813 KRS: 0001043134<\/span><\/li>\n \t<li style=\"font-weight: 400;\" aria-level=\"1\"><span style=\"font-weight: 400;\">Contact email address of the operator: <\/span><a href=\"mailto:office@animille.com\"><span style=\"font-weight: 400;\">office@animille.com<\/span><\/a><span style=\"font-weight: 400;\">, phone: <a href=\"tel:+48781991888\">+48 781 991 888<\/a><\/span><\/li>\n \t<li style=\"font-weight: 400;\" aria-level=\"1\"><span style=\"font-weight: 400;\">The Operator is the Administrator of your personal data with respect to the data you voluntarily provide on the Website.<\/span><\/li>\n \t<li style=\"font-weight: 400;\" aria-level=\"1\"><span style=\"font-weight: 400;\">The Service uses personal data for the following purposes:<\/span>\n<ol>\n \t<li style=\"font-weight: 400;\" aria-level=\"2\"><span style=\"font-weight: 400;\">Running a newsletter<\/span><\/li>\n \t<li style=\"font-weight: 400;\" aria-level=\"2\"><span style=\"font-weight: 400;\">Conducting online chat conversations<\/span><\/li>\n \t<li style=\"font-weight: 400;\" aria-level=\"2\"><span style=\"font-weight: 400;\">Running a system of classified ads<\/span><\/li>\n \t<li style=\"font-weight: 400;\" aria-level=\"2\"><span style=\"font-weight: 400;\">Handling inquiries via form<\/span><\/li>\n \t<li style=\"font-weight: 400;\" aria-level=\"2\"><span style=\"font-weight: 400;\">Preparation, packaging, shipping of goods<\/span><\/li>\n \t<li style=\"font-weight: 400;\" aria-level=\"2\"><span style=\"font-weight: 400;\">Implementation of ordered services<\/span><\/li>\n \t<li style=\"font-weight: 400;\" aria-level=\"2\"><span style=\"font-weight: 400;\">Presentation of an offer or information<\/span><\/li>\n<\/ol>\n<\/li>\n \t<li style=\"font-weight: 400;\" aria-level=\"1\"><span style=\"font-weight: 400;\">The service performs functions of obtaining information about users and their behavior in the following ways:<\/span>\n<ol>\n \t<li style=\"font-weight: 400;\" aria-level=\"2\"><span style=\"font-weight: 400;\">Through voluntarily entered data in the forms, which are entered into the Operator's systems.<\/span><\/li>\n \t<li style=\"font-weight: 400;\" aria-level=\"2\"><span style=\"font-weight: 400;\">By storing cookies (so-called \"cookies\") on end devices.<\/span><\/li>\n<\/ol>\n<\/li>\n<\/ol>\n<h2><b>2 Selected data protection methods used by the Operator<\/b><\/h2>\n<ol>\n \t<li style=\"font-weight: 400;\" aria-level=\"1\"><span style=\"font-weight: 400;\">The login and personal data entry sites are protected in the transmission layer (SSL certificate). This ensures that the personal and login data entered on the site are encrypted on the user's computer and can only be read on the target server.<\/span><\/li>\n \t<li style=\"font-weight: 400;\" aria-level=\"1\"><span style=\"font-weight: 400;\">An important element of data protection is the regular updating of all software used by the Operator to process personal data, which in particular means regular updates of software components.<\/span><\/li>\n<\/ol>\n<h2><b>3. hosting<\/b><\/h2>\n<ol>\n \t<li style=\"font-weight: 400;\" aria-level=\"1\"><span style=\"font-weight: 400;\">The website is hosted (technically maintained) on the servers of the operator: seohost.pl<\/span><\/li>\n \t<li style=\"font-weight: 400;\" aria-level=\"1\"><span style=\"font-weight: 400;\">The hosting company, in order to ensure technical reliability, keeps logs at the server level. The record may include:<\/span>\n<ul>\n \t<li style=\"font-weight: 400;\" aria-level=\"2\"><span style=\"font-weight: 400;\">resources specified by a URL identifier (addresses of the requested resources - pages, files),<\/span><\/li>\n \t<li style=\"font-weight: 400;\" aria-level=\"2\"><span style=\"font-weight: 400;\">time of arrival of the query,<\/span><\/li>\n \t<li style=\"font-weight: 400;\" aria-level=\"2\"><span style=\"font-weight: 400;\">time to send a response,<\/span><\/li>\n \t<li style=\"font-weight: 400;\" aria-level=\"2\"><span style=\"font-weight: 400;\">the name of the client station - identification implemented by the HTTP protocol,<\/span><\/li>\n \t<li style=\"font-weight: 400;\" aria-level=\"2\"><span style=\"font-weight: 400;\">Information about errors that occurred during the execution of HTTP transactions,<\/span><\/li>\n \t<li style=\"font-weight: 400;\" aria-level=\"2\"><span style=\"font-weight: 400;\">URL address of the page previously visited by the user (referer link) - in case the access to the Website was made through a link,<\/span><\/li>\n \t<li style=\"font-weight: 400;\" aria-level=\"2\"><span style=\"font-weight: 400;\">information about the user's browser,<\/span><\/li>\n \t<li style=\"font-weight: 400;\" aria-level=\"2\"><span style=\"font-weight: 400;\">IP address information,<\/span><\/li>\n \t<li style=\"font-weight: 400;\" aria-level=\"2\"><span style=\"font-weight: 400;\">diagnostic information related to the process of self-ordering services through registrars on the site,<\/span><\/li>\n \t<li style=\"font-weight: 400;\" aria-level=\"2\"><span style=\"font-weight: 400;\">information related to the handling of e-mails addressed to the Operator and sent by the Operator.<\/span><\/li>\n<\/ul>\n<\/li>\n<\/ol>\n<h2><b>4. your rights and additional information about how your data will be used<\/b><\/h2>\n<ol>\n \t<li style=\"font-weight: 400;\" aria-level=\"1\"><span style=\"font-weight: 400;\">In certain situations, the Administrator has the right to transfer your personal data to other recipients, if this is necessary to perform the contract concluded with you or to fulfill the obligations incumbent on the Administrator. This applies to such groups of recipients:<\/span>\n<ul>\n \t<li style=\"font-weight: 400;\" aria-level=\"2\"><span style=\"font-weight: 400;\">couriers<\/span><\/li>\n \t<li style=\"font-weight: 400;\" aria-level=\"2\"><span style=\"font-weight: 400;\">payment operators<\/span><\/li>\n \t<li style=\"font-weight: 400;\" aria-level=\"2\"><span style=\"font-weight: 400;\">operators of online chat solutions<\/span><\/li>\n \t<li style=\"font-weight: 400;\" aria-level=\"2\"><span style=\"font-weight: 400;\">authorized employees and associates who use the data to fulfill the purpose of the site<\/span><\/li>\n<\/ul>\n<\/li>\n \t<li style=\"font-weight: 400;\" aria-level=\"1\"><span style=\"font-weight: 400;\">Your personal data processed by the Administrator for no longer than it is necessary to perform the related activities specified by separate regulations (e.g. on accounting). With regard to marketing data, data will not be processed for longer than 3 years.<\/span><\/li>\n \t<li style=\"font-weight: 400;\" aria-level=\"1\"><span style=\"font-weight: 400;\">You have the right to request from the Administrator:<\/span>\n<ul>\n \t<li style=\"font-weight: 400;\" aria-level=\"2\"><span style=\"font-weight: 400;\">Access to personal data concerning you,<\/span><\/li>\n \t<li style=\"font-weight: 400;\" aria-level=\"2\"><span style=\"font-weight: 400;\">their correction,<\/span><\/li>\n \t<li style=\"font-weight: 400;\" aria-level=\"2\"><span style=\"font-weight: 400;\">removals,<\/span><\/li>\n \t<li style=\"font-weight: 400;\" aria-level=\"2\"><span style=\"font-weight: 400;\">processing restrictions,<\/span><\/li>\n \t<li style=\"font-weight: 400;\" aria-level=\"2\"><span style=\"font-weight: 400;\">and data portability.<\/span><\/li>\n<\/ul>\n<\/li>\n \t<li style=\"font-weight: 400;\" aria-level=\"1\"><span style=\"font-weight: 400;\">You have the right to object, with respect to the processing indicated in Section 3.2, to the processing of your personal data for the purpose of carrying out the legitimate interests pursued by the Controller, including profiling, whereby the right to object will not be exercised if there are valid legitimate grounds for the processing that override your interests, rights and freedoms, in particular the establishment, assertion or defense of claims.<\/span><\/li>\n \t<li style=\"font-weight: 400;\" aria-level=\"1\"><span style=\"font-weight: 400;\">The Administrator's actions may be complained about to the President of the Office for Personal Data Protection, 2 Stawki Street, 00-193 Warsaw.<\/span><\/li>\n \t<li style=\"font-weight: 400;\" aria-level=\"1\"><span style=\"font-weight: 400;\">Provision of personal data is voluntary, but necessary to operate the Service.<\/span><\/li>\n \t<li style=\"font-weight: 400;\" aria-level=\"1\"><span style=\"font-weight: 400;\">Automated decision-making, including profiling for the purpose of providing services under the concluded agreement and for the purpose of direct marketing by the Administrator, may be undertaken in relation to you.<\/span><\/li>\n \t<li style=\"font-weight: 400;\" aria-level=\"1\"><span style=\"font-weight: 400;\">Personal data is not transferred from third countries in terms of data protection regulations. This means that we do not send them outside the European Union.<\/span><\/li>\n<\/ol>\n<h2><b>5. information in forms<\/b><\/h2>\n<ol>\n \t<li style=\"font-weight: 400;\" aria-level=\"1\"><span style=\"font-weight: 400;\">The service collects information voluntarily provided by the user, including personal information, if provided.<\/span><\/li>\n \t<li style=\"font-weight: 400;\" aria-level=\"1\"><span style=\"font-weight: 400;\">The service can save information about the connection parameters (time stamp, IP address).<\/span><\/li>\n \t<li style=\"font-weight: 400;\" aria-level=\"1\"><span style=\"font-weight: 400;\">The site, in some cases, may record information to facilitate the association of the data in the form with the e-mail address of the user filling out the form. In this case, the user's e-mail address appears inside the url of the page containing the form.<\/span><\/li>\n \t<li style=\"font-weight: 400;\" aria-level=\"1\"><span style=\"font-weight: 400;\">The data provided in the form is processed for the purpose resulting from the function of the specific form, e.g. to perform the process of service request or business contact, registration of services, etc. Each time the context and description of the form clearly informs what it is used for.<\/span><\/li>\n<\/ol>\n<h2><b>6. administrator's logs<\/b><\/h2>\n<ol>\n \t<li style=\"font-weight: 400;\" aria-level=\"1\"><span style=\"font-weight: 400;\">Information of users' behavior on the site may be subject to logging. This data is used to administer the site.<\/span><\/li>\n<\/ol>\n<h2><b>7. important marketing techniques<\/b><\/h2>\n<ol>\n \t<li style=\"font-weight: 400;\" aria-level=\"1\"><span style=\"font-weight: 400;\">The operator uses statistical analysis of website traffic, through Google Analytics (Google Inc., based in the USA). The operator does not transmit personal data to the operator of this service, only anonymized information. The service is based on the use of cookies on the user's terminal device. Regarding the information about user preferences collected by the Google advertising network, the user can view and edit the information resulting from cookies using the following tool: https:\/\/www.google.com\/ads\/preferences\/<\/span><\/li>\n \t<li style=\"font-weight: 400;\" aria-level=\"1\"><span style=\"font-weight: 400;\">The Operator uses remarketing techniques to tailor advertising messages to the user's behavior on the site, which may give the illusion that the user's personal information is being used to track the user, but in practice no personal information is transferred from the Operator to the advertising operators. A technological prerequisite for such activities is that cookies are enabled.<\/span><\/li>\n \t<li style=\"font-weight: 400;\" aria-level=\"1\"><span style=\"font-weight: 400;\">The operator uses the Facebook pixel. This technology causes Facebook (Facebook Inc. based in the USA) to know that a person registered with it is using the Service. In this case, it relies on data in relation to which it is itself an administrator; the Operator does not transfer any additional personal data from itself to Facebook. The service is based on the use of cookies on the user's terminal device.<\/span><\/li>\n \t<li style=\"font-weight: 400;\" aria-level=\"1\"><span style=\"font-weight: 400;\">The Operator uses a solution that automates the operation of the Website with respect to users, e.g., that can send an email to a user after visiting a particular subpage, provided that the user has agreed to receive commercial correspondence from the Operator.<\/span><\/li>\n<\/ol>\n<h2><b>8 Information about cookies<\/b><\/h2>\n<ol>\n \t<li style=\"font-weight: 400;\" aria-level=\"1\"><span style=\"font-weight: 400;\">The website uses cookies.<\/span><\/li>\n \t<li style=\"font-weight: 400;\" aria-level=\"1\"><span style=\"font-weight: 400;\">Cookies (so-called \"cookies\") are IT data, in particular text files, which are stored in the Service User's terminal equipment and are intended for use on the Service's websites. Cookies usually contain the name of the website they come from, the time they are stored on the end device and a unique number.<\/span><\/li>\n \t<li style=\"font-weight: 400;\" aria-level=\"1\"><span style=\"font-weight: 400;\">The entity placing cookies on the Service User's terminal equipment and accessing them is the Service operator.<\/span><\/li>\n \t<li style=\"font-weight: 400;\" aria-level=\"1\"><span style=\"font-weight: 400;\">Cookies are used for the following purposes:<\/span>\n<ol>\n \t<li style=\"font-weight: 400;\" aria-level=\"2\"><span style=\"font-weight: 400;\">maintaining the session of the Service user (after logging in), thanks to which the user does not have to re-enter his\/her login and password on each sub-page of the Service;<\/span><\/li>\n \t<li style=\"font-weight: 400;\" aria-level=\"2\"><span style=\"font-weight: 400;\">to achieve the objectives set forth above under \"Important marketing techniques.\"<\/span><\/li>\n<\/ol>\n<\/li>\n \t<li style=\"font-weight: 400;\" aria-level=\"1\"><span style=\"font-weight: 400;\">The Service uses two main types of cookies: \"session\" (session cookies) and \"permanent\" (persistent cookies). \"Session\" cookies are temporary files that are stored on the User's terminal equipment until the User logs out, leaves the website or shuts down the software (web browser). \"Permanent\" cookies are stored on the User's end device for the time specified in the parameters of the cookies or until they are deleted by the User.<\/span><\/li>\n \t<li style=\"font-weight: 400;\" aria-level=\"1\"><span style=\"font-weight: 400;\">Web browsing software (Internet browser) usually allows the storage of cookies on the User's terminal device by default. Users of the Website may change their settings in this regard. The Internet browser makes it possible to delete cookies. It is also possible to automatically block cookies Detailed information on this subject is contained in the help or documentation of the Internet browser.<\/span><\/li>\n \t<li style=\"font-weight: 400;\" aria-level=\"1\"><span style=\"font-weight: 400;\">Restrictions on the use of cookies may affect some of the functionality available on the Website.<\/span><\/li>\n \t<li style=\"font-weight: 400;\" aria-level=\"1\"><span style=\"font-weight: 400;\">Cookies placed in the Service User's terminal equipment may also be used by entities cooperating with the Service Operator, in particular this concerns companies: Google (Google Inc. based in the USA), Facebook (Facebook Inc. based in the USA), Twitter (Twitter Inc. based in the USA).<\/span><\/li>\n<\/ol>\n<h2><b>9. cookie management - how to give and withdraw consent in practice?<\/b><\/h2>\n<ol>\n \t<li style=\"font-weight: 400;\" aria-level=\"1\"><span style=\"font-weight: 400;\">If you do not wish to receive cookies, you can change your browser settings. We stipulate that disabling cookies necessary for authentication processes, security, maintenance of user preferences may hinder, and in extreme cases may prevent the use of websites<\/span><\/li>\n \t<li style=\"font-weight: 400;\" aria-level=\"1\"><span style=\"font-weight: 400;\">To manage your cookie settings, select the web browser you are using from the list below and follow the instructions:<\/span>\n<ul>\n \t<li style=\"font-weight: 400;\" aria-level=\"2\"><a href=\"https:\/\/support.microsoft.com\/pl-pl\/help\/10607\/microsoft-edge-view-delete-browser-history\" target=\"_blank\" rel=\"noopener\"><span style=\"font-weight: 400;\">Edge<\/span><\/a><\/li>\n \t<li style=\"font-weight: 400;\" aria-level=\"2\"><a href=\"https:\/\/support.microsoft.com\/pl-pl\/help\/278835\/how-to-delete-cookie-files-in-internet-explorer\" target=\"_blank\" rel=\"noopener\"><span style=\"font-weight: 400;\">Internet Explorer<\/span><\/a><\/li>\n \t<li style=\"font-weight: 400;\" aria-level=\"2\"><a href=\"http:\/\/support.google.com\/chrome\/bin\/answer.py?hl=pl&amp;answer=95647\" target=\"_blank\" rel=\"noopener\"><span style=\"font-weight: 400;\">Chrome<\/span><\/a><\/li>\n \t<li style=\"font-weight: 400;\" aria-level=\"2\"><a href=\"http:\/\/support.apple.com\/kb\/PH5042\" target=\"_blank\" rel=\"noopener\"><span style=\"font-weight: 400;\">Safari<\/span><\/a><\/li>\n \t<li style=\"font-weight: 400;\" aria-level=\"2\"><a href=\"http:\/\/support.mozilla.org\/pl\/kb\/W%C5%82%C4%85czanie%20i%20wy%C5%82%C4%85czanie%20obs%C5%82ugi%20ciasteczek\" target=\"_blank\" rel=\"noopener\"><span style=\"font-weight: 400;\">Firefox<\/span><\/a><\/li>\n \t<li style=\"font-weight: 400;\" aria-level=\"2\"><a href=\"http:\/\/help.opera.com\/Windows\/12.10\/pl\/cookies.html\" target=\"_blank\" rel=\"noopener\"><span style=\"font-weight: 400;\">Opera<\/span><\/a><\/li>\n<\/ul>\n<\/li>\n \t<li style=\"font-weight: 400;\" aria-level=\"1\"><span style=\"font-weight: 400;\">Mobile devices:<\/span>\n<ul>\n \t<li style=\"font-weight: 400;\" aria-level=\"2\"><a href=\"http:\/\/support.google.com\/chrome\/bin\/answer.py?hl=pl&amp;answer=95647\" target=\"_blank\" rel=\"noopener\"><span style=\"font-weight: 400;\">Android<\/span><\/a><\/li>\n \t<li style=\"font-weight: 400;\" aria-level=\"2\"><a href=\"http:\/\/support.apple.com\/kb\/HT1677?viewlocale=pl_PL\" target=\"_blank\" rel=\"noopener\"><span style=\"font-weight: 400;\">Safari (iOS)<\/span><\/a><\/li>\n \t<li style=\"font-weight: 400;\" aria-level=\"2\"><a href=\"http:\/\/www.windowsphone.com\/pl-pl\/how-to\/wp7\/web\/changing-privacy-and-other-browser-settings\" target=\"_blank\" rel=\"noopener\"><span style=\"font-weight: 400;\">Windows Phone<\/span><\/a><\/li>\n<\/ul>\n<\/li>\n<\/ol>\t\t\t\t\t\t\t\t<\/div>\n\t\t\t\t\t<\/div>\n\t\t\t\t<\/div>\n\t\t\t\t<\/div>","protected":false},"excerpt":{"rendered":"<p>Polityka prywatno\u015bci opisuje zasady przetwarzania przez nas informacji na Tw\u00f3j temat, w tym danych osobowych oraz ciasteczek, czyli tzw. cookies. 1. Informacje og\u00f3lne Niniejsza polityka dotyczy Serwisu www, funkcjonuj\u0105cego pod adresem url: animille.com Operatorem serwisu oraz Administratorem danych osobowych jest: ANIMILLE EUROPE SP\u00d3\u0141KA Z OGRANICZON\u0104 ODPOWIEDZIALNO\u015aCI\u0104 ul. TENCZY\u0143SKA nr. 1 lok. 32-566 REGULICE NIP: 6751784040 [&hellip;]<\/p>","protected":false},"author":1,"featured_media":0,"parent":0,"menu_order":0,"comment_status":"closed","ping_status":"closed","template":"","meta":{"_acf_changed":false,"footnotes":""},"class_list":["post-176","page","type-page","status-publish","hentry"],"acf":[],"_links":{"self":[{"href":"https:\/\/www.animille.com\/en\/wp-json\/wp\/v2\/pages\/176","targetHints":{"allow":["GET"]}}],"collection":[{"href":"https:\/\/www.animille.com\/en\/wp-json\/wp\/v2\/pages"}],"about":[{"href":"https:\/\/www.animille.com\/en\/wp-json\/wp\/v2\/types\/page"}],"author":[{"embeddable":true,"href":"https:\/\/www.animille.com\/en\/wp-json\/wp\/v2\/users\/1"}],"replies":[{"embeddable":true,"href":"https:\/\/www.animille.com\/en\/wp-json\/wp\/v2\/comments?post=176"}],"version-history":[{"count":3,"href":"https:\/\/www.animille.com\/en\/wp-json\/wp\/v2\/pages\/176\/revisions"}],"predecessor-version":[{"id":50794,"href":"https:\/\/www.animille.com\/en\/wp-json\/wp\/v2\/pages\/176\/revisions\/50794"}],"wp:attachment":[{"href":"https:\/\/www.animille.com\/en\/wp-json\/wp\/v2\/media?parent=176"}],"curies":[{"name":"wp","href":"https:\/\/api.w.org\/{rel}","templated":true}]}}